{"id":2230,"date":"2023-09-04T18:55:20","date_gmt":"2023-09-04T23:55:20","guid":{"rendered":"https:\/\/staffingwr.com\/?page_id=2230"},"modified":"2023-09-05T00:59:08","modified_gmt":"2023-09-05T05:59:08","slug":"valores-corporativos","status":"publish","type":"page","link":"https:\/\/staffingwr.com\/es\/valores-corporativos\/","title":{"rendered":"CORPORATE VALUES"},"content":{"rendered":"\n  <div class=\"banner has-hover\" id=\"banner-1731297875\">\n          <div class=\"banner-inner fill\">\n        <div class=\"banner-bg fill\" >\n            <div class=\"bg fill bg-fill \"><\/div>\n                                    \n                    <\/div>\n\t\t\n        <div class=\"banner-layers container\">\n            <div class=\"fill banner-link\"><\/div>            \n        <\/div>\n      <\/div>\n\n            \n<style>\n#banner-1731297875 {\n  padding-top: 250px;\n  background-color: rgb(158, 158, 158);\n}\n#banner-1731297875 .ux-shape-divider--top svg {\n  height: 150px;\n  --divider-top-width: 100%;\n}\n#banner-1731297875 .ux-shape-divider--bottom svg {\n  height: 150px;\n  --divider-width: 100%;\n}\n<\/style>\n  <\/div>\n\n\n\t<section class=\"section\" id=\"section_1799152186\">\n\t\t<div class=\"bg section-bg fill bg-fill  bg-loaded\" >\n\n\t\t\t\n\t\t\t\n\t\t\t\n\n\t\t<\/div>\n\n\t\t\n\n\t\t<div class=\"section-content relative\">\n\t\t\t\n\t<div id=\"gap-1985636996\" class=\"gap-element clearfix\" style=\"display:block; height:auto;\">\n\t\t\n<style>\n#gap-1985636996 {\n  padding-top: 30px;\n}\n<\/style>\n\t<\/div>\n\t\n<div class=\"row row-large\" style=\"max-width:1100px\" id=\"row-133427594\">\n\n\t<div id=\"col-1748301448\" class=\"col medium-4 small-12 large-4\"  >\n\t\t\t\t<div class=\"col-inner text-center\"  >\n\t\t\t\n\t\t\t\n\t<div class=\"img has-hover x md-x lg-x y md-y lg-y\" id=\"image_774401957\">\n\t\t\t\t\t\t\t\t<div class=\"img-inner dark\" >\n\t\t\t<img loading=\"lazy\" decoding=\"async\" width=\"857\" height=\"800\" src=\"https:\/\/staffingwr.com\/wp-content\/uploads\/2023\/07\/6-857x800.png\" class=\"attachment-large size-large\" alt=\"\" srcset=\"https:\/\/staffingwr.com\/wp-content\/uploads\/2023\/07\/6-857x800.png 857w, https:\/\/staffingwr.com\/wp-content\/uploads\/2023\/07\/6-428x400.png 428w, https:\/\/staffingwr.com\/wp-content\/uploads\/2023\/07\/6-768x717.png 768w, https:\/\/staffingwr.com\/wp-content\/uploads\/2023\/07\/6-1536x1435.png 1536w, https:\/\/staffingwr.com\/wp-content\/uploads\/2023\/07\/6-600x560.png 600w, https:\/\/staffingwr.com\/wp-content\/uploads\/2023\/07\/6.png 1620w\" sizes=\"(max-width: 857px) 100vw, 857px\" \/>\t\t\t\t\t\t\n\t\t\t\t\t<\/div>\n\t\t\t\t\t\t\t\t\n<style>\n#image_774401957 {\n  width: 38%;\n}\n<\/style>\n\t<\/div>\n\t\n\n\t\t<div class=\"icon-box featured-box icon-box-top text-left\"  >\n\t\t\t\t<div class=\"icon-box-text last-reset\">\n\t\t\t\t\t\t\t\t\t\n\t<div id=\"text-3726271181\" class=\"text\">\n\t\t\n<h3><span style=\"color: #d83131;\"><strong>Excelencia<\/strong><\/span><\/h3>\n<p  align=\"justify\"><span style=\"color: #282828;\">Compromiso con la entrega de servicios de Staffing de alta calidad, superando las expectativas de los clientes y candidatos en cada interacci\u00f3n.<\/span><\/p>\n\t\t\n<style>\n#text-3726271181 {\n  text-align: center;\n}\n<\/style>\n\t<\/div>\n\t\n\t\t<\/div>\n\t<\/div>\n\t\n\t\n\t\t<\/div>\n\t\t\t\t\t<\/div>\n\n\t\n\n\t<div id=\"col-1874668077\" class=\"col medium-4 small-12 large-4\"  >\n\t\t\t\t<div class=\"col-inner text-center\"  >\n\t\t\t\n\t\t\t\n\t<div class=\"img has-hover x md-x lg-x y md-y lg-y\" id=\"image_1299575930\">\n\t\t\t\t\t\t\t\t<div class=\"img-inner dark\" >\n\t\t\t<img loading=\"lazy\" decoding=\"async\" width=\"856\" height=\"800\" src=\"https:\/\/staffingwr.com\/wp-content\/uploads\/2023\/07\/4-856x800.png\" class=\"attachment-large size-large\" alt=\"\" srcset=\"https:\/\/staffingwr.com\/wp-content\/uploads\/2023\/07\/4-856x800.png 856w, https:\/\/staffingwr.com\/wp-content\/uploads\/2023\/07\/4-428x400.png 428w, https:\/\/staffingwr.com\/wp-content\/uploads\/2023\/07\/4-768x718.png 768w, https:\/\/staffingwr.com\/wp-content\/uploads\/2023\/07\/4-1536x1435.png 1536w, https:\/\/staffingwr.com\/wp-content\/uploads\/2023\/07\/4-600x561.png 600w, https:\/\/staffingwr.com\/wp-content\/uploads\/2023\/07\/4.png 1619w\" sizes=\"(max-width: 856px) 100vw, 856px\" \/>\t\t\t\t\t\t\n\t\t\t\t\t<\/div>\n\t\t\t\t\t\t\t\t\n<style>\n#image_1299575930 {\n  width: 38%;\n}\n<\/style>\n\t<\/div>\n\t\n\t<div id=\"text-1229275064\" class=\"text\">\n\t\t\n<h3><span style=\"color: #d83131;\"><strong>Integridad<\/strong><\/span><\/h3>\n<p  align=\"justify\"><span style=\"color: #282828;\">Actuar con honestidad, \u00e9tica y transparencia en todas las relaciones comerciales, manteniendo altos est\u00e1ndares de conducta profesional.<\/span><\/p>\n\t\t\n<style>\n#text-1229275064 {\n  text-align: center;\n}\n<\/style>\n\t<\/div>\n\t\n\t\t<\/div>\n\t\t\t\t\t<\/div>\n\n\t\n\n\t<div id=\"col-1312264882\" class=\"col medium-4 small-12 large-4\"  >\n\t\t\t\t<div class=\"col-inner text-center\"  >\n\t\t\t\n\t\t\t\n\t<div class=\"img has-hover x md-x lg-x y md-y lg-y\" id=\"image_1023845407\">\n\t\t\t\t\t\t\t\t<div class=\"img-inner dark\" >\n\t\t\t<img loading=\"lazy\" decoding=\"async\" width=\"856\" height=\"800\" src=\"https:\/\/staffingwr.com\/wp-content\/uploads\/2023\/07\/7-856x800.png\" class=\"attachment-large size-large\" alt=\"\" srcset=\"https:\/\/staffingwr.com\/wp-content\/uploads\/2023\/07\/7-856x800.png 856w, https:\/\/staffingwr.com\/wp-content\/uploads\/2023\/07\/7-428x400.png 428w, https:\/\/staffingwr.com\/wp-content\/uploads\/2023\/07\/7-768x718.png 768w, https:\/\/staffingwr.com\/wp-content\/uploads\/2023\/07\/7-1536x1435.png 1536w, https:\/\/staffingwr.com\/wp-content\/uploads\/2023\/07\/7-600x561.png 600w, https:\/\/staffingwr.com\/wp-content\/uploads\/2023\/07\/7.png 1619w\" sizes=\"(max-width: 856px) 100vw, 856px\" \/>\t\t\t\t\t\t\n\t\t\t\t\t<\/div>\n\t\t\t\t\t\t\t\t\n<style>\n#image_1023845407 {\n  width: 38%;\n}\n<\/style>\n\t<\/div>\n\t\n\t<div id=\"text-2622102046\" class=\"text\">\n\t\t\n<h3><span style=\"color: #d83131;\"><strong>Colaboraci\u00f3n<\/strong><\/span><\/h3>\n<p  align=\"justify\"><span style=\"color: #282828;\">Fomentar el trabajo en equipo y la colaboraci\u00f3n entre el equipo interno de WR Staffing Services y sus clientes, promoviendo una relaci\u00f3n de asociaci\u00f3n y cooperaci\u00f3n mutua.<\/span><\/p>\n\t\t\n<style>\n#text-2622102046 {\n  text-align: center;\n}\n<\/style>\n\t<\/div>\n\t\n\t\t<\/div>\n\t\t\t\t\t<\/div>\n\n\t\n<\/div>\n\t\t<\/div>\n\n\t\t\n<style>\n#section_1799152186 {\n  padding-top: 0px;\n  padding-bottom: 0px;\n}\n#section_1799152186 .ux-shape-divider--top svg {\n  height: 150px;\n  --divider-top-width: 100%;\n}\n#section_1799152186 .ux-shape-divider--bottom svg {\n  height: 150px;\n  --divider-width: 100%;\n}\n<\/style>\n\t<\/section>\n\t\n\t<section class=\"section\" id=\"section_2140087257\">\n\t\t<div class=\"bg section-bg fill bg-fill  bg-loaded\" >\n\n\t\t\t\n\t\t\t\n\t\t\t\n\n\t\t<\/div>\n\n\t\t\n\n\t\t<div class=\"section-content relative\">\n\t\t\t\n<div class=\"row row-large\" style=\"max-width:1100px\" id=\"row-2045216052\">\n\n\t<div id=\"col-1105945549\" class=\"col medium-4 small-12 large-4\"  >\n\t\t\t\t<div class=\"col-inner text-center\"  >\n\t\t\t\n\t\t\t\n\t<div class=\"img has-hover x md-x lg-x y md-y lg-y\" id=\"image_2053498216\">\n\t\t\t\t\t\t\t\t<div class=\"img-inner dark\" >\n\t\t\t<img loading=\"lazy\" decoding=\"async\" width=\"857\" height=\"800\" src=\"https:\/\/staffingwr.com\/wp-content\/uploads\/2023\/07\/3-857x800.png\" class=\"attachment-large size-large\" alt=\"\" srcset=\"https:\/\/staffingwr.com\/wp-content\/uploads\/2023\/07\/3-857x800.png 857w, https:\/\/staffingwr.com\/wp-content\/uploads\/2023\/07\/3-428x400.png 428w, https:\/\/staffingwr.com\/wp-content\/uploads\/2023\/07\/3-768x717.png 768w, https:\/\/staffingwr.com\/wp-content\/uploads\/2023\/07\/3-1536x1435.png 1536w, https:\/\/staffingwr.com\/wp-content\/uploads\/2023\/07\/3-600x560.png 600w, https:\/\/staffingwr.com\/wp-content\/uploads\/2023\/07\/3.png 1620w\" sizes=\"(max-width: 857px) 100vw, 857px\" \/>\t\t\t\t\t\t\n\t\t\t\t\t<\/div>\n\t\t\t\t\t\t\t\t\n<style>\n#image_2053498216 {\n  width: 38%;\n}\n<\/style>\n\t<\/div>\n\t\n\n\t\t<div class=\"icon-box featured-box icon-box-top text-left\"  >\n\t\t\t\t<div class=\"icon-box-text last-reset\">\n\t\t\t\t\t\t\t\t\t\n\t<div id=\"text-2652128350\" class=\"text\">\n\t\t\n<h3><span style=\"color: #d83131;\"><strong>Atenci\u00f3n al cliente<\/strong><\/span><\/h3>\n<p align=\"justify\"><span style=\"color: #282828;\">Centrarse en comprender las necesidades de los clientes y proporcionar soluciones personalizadas y efectivas que satisfagan sus requisitos espec\u00edficos.<\/span><\/p>\n\t\t\n<style>\n#text-2652128350 {\n  text-align: center;\n}\n<\/style>\n\t<\/div>\n\t\n\t\t<\/div>\n\t<\/div>\n\t\n\t\n\t\t<\/div>\n\t\t\t\t\t<\/div>\n\n\t\n\n\t<div id=\"col-1463426799\" class=\"col medium-4 small-12 large-4\"  >\n\t\t\t\t<div class=\"col-inner text-center\"  >\n\t\t\t\n\t\t\t\n\t<div class=\"img has-hover x md-x lg-x y md-y lg-y\" id=\"image_1764188269\">\n\t\t\t\t\t\t\t\t<div class=\"img-inner dark\" >\n\t\t\t<img loading=\"lazy\" decoding=\"async\" width=\"856\" height=\"800\" src=\"https:\/\/staffingwr.com\/wp-content\/uploads\/2023\/07\/5-856x800.png\" class=\"attachment-large size-large\" alt=\"\" srcset=\"https:\/\/staffingwr.com\/wp-content\/uploads\/2023\/07\/5-856x800.png 856w, https:\/\/staffingwr.com\/wp-content\/uploads\/2023\/07\/5-428x400.png 428w, https:\/\/staffingwr.com\/wp-content\/uploads\/2023\/07\/5-768x718.png 768w, https:\/\/staffingwr.com\/wp-content\/uploads\/2023\/07\/5-1536x1435.png 1536w, https:\/\/staffingwr.com\/wp-content\/uploads\/2023\/07\/5-600x561.png 600w, https:\/\/staffingwr.com\/wp-content\/uploads\/2023\/07\/5.png 1619w\" sizes=\"(max-width: 856px) 100vw, 856px\" \/>\t\t\t\t\t\t\n\t\t\t\t\t<\/div>\n\t\t\t\t\t\t\t\t\n<style>\n#image_1764188269 {\n  width: 38%;\n}\n<\/style>\n\t<\/div>\n\t\n\t<div id=\"text-3301714723\" class=\"text\">\n\t\t\n<h3><span style=\"color: #d83131;\"><strong>Respeto<\/strong><\/span><\/h3>\n<p align=\"justify\"><span style=\"color: #282828;\">Valorar y respetar la diversidad, las opiniones y los puntos de vista de todos los miembros del equipo, candidatos y clientes, creando un entorno inclusivo y acogedor.<\/span><\/p>\n\t\t\n<style>\n#text-3301714723 {\n  text-align: center;\n}\n<\/style>\n\t<\/div>\n\t\n\t\t<\/div>\n\t\t\t\t\t<\/div>\n\n\t\n\n\t<div id=\"col-1892490411\" class=\"col medium-4 small-12 large-4\"  >\n\t\t\t\t<div class=\"col-inner text-center\"  >\n\t\t\t\n\t\t\t\n\t<div class=\"img has-hover x md-x lg-x y md-y lg-y\" id=\"image_2030238935\">\n\t\t\t\t\t\t\t\t<div class=\"img-inner dark\" >\n\t\t\t<img loading=\"lazy\" decoding=\"async\" width=\"857\" height=\"800\" src=\"https:\/\/staffingwr.com\/wp-content\/uploads\/2023\/07\/1-857x800.png\" class=\"attachment-large size-large\" alt=\"\" srcset=\"https:\/\/staffingwr.com\/wp-content\/uploads\/2023\/07\/1-857x800.png 857w, https:\/\/staffingwr.com\/wp-content\/uploads\/2023\/07\/1-428x400.png 428w, https:\/\/staffingwr.com\/wp-content\/uploads\/2023\/07\/1-768x717.png 768w, https:\/\/staffingwr.com\/wp-content\/uploads\/2023\/07\/1-1536x1435.png 1536w, https:\/\/staffingwr.com\/wp-content\/uploads\/2023\/07\/1-600x560.png 600w, https:\/\/staffingwr.com\/wp-content\/uploads\/2023\/07\/1.png 1620w\" sizes=\"(max-width: 857px) 100vw, 857px\" \/>\t\t\t\t\t\t\n\t\t\t\t\t<\/div>\n\t\t\t\t\t\t\t\t\n<style>\n#image_2030238935 {\n  width: 38%;\n}\n<\/style>\n\t<\/div>\n\t\n\t<div id=\"text-4153727588\" class=\"text\">\n\t\t\n<h3><span style=\"color: #d83131;\"><strong>Responsabilidad<\/strong><\/span><\/h3>\n<p  align=\"justify\"><span style=\"color: #282828;\">Asumir la responsabilidad de las acciones y decisiones, cumplir con los compromisos adquiridos ,admitir y corregir errores de manera oportuna y efectiva.<\/span><\/p>\n\t\t\n<style>\n#text-4153727588 {\n  text-align: center;\n}\n<\/style>\n\t<\/div>\n\t\n\t\t<\/div>\n\t\t\t\t\t<\/div>\n\n\t\n<\/div>\n\t\t<\/div>\n\n\t\t\n<style>\n#section_2140087257 {\n  padding-top: 0px;\n  padding-bottom: 0px;\n}\n#section_2140087257 .ux-shape-divider--top svg {\n  height: 150px;\n  --divider-top-width: 100%;\n}\n#section_2140087257 .ux-shape-divider--bottom svg {\n  height: 150px;\n  --divider-width: 100%;\n}\n<\/style>\n\t<\/section>\n\t\n\t<section class=\"section\" id=\"section_145481086\">\n\t\t<div class=\"bg section-bg fill bg-fill  bg-loaded\" >\n\n\t\t\t\n\t\t\t\n\t\t\t\n\n\t\t<\/div>\n\n\t\t\n\n\t\t<div class=\"section-content relative\">\n\t\t\t\n<div class=\"row row-large\" style=\"max-width:1100px\" id=\"row-1867236035\">\n\n\t<div id=\"col-1770563761\" class=\"col medium-4 small-12 large-4\"  >\n\t\t\t\t<div class=\"col-inner text-center\"  >\n\t\t\t\n\t\t\t\n\t<div class=\"img has-hover x md-x lg-x y md-y lg-y\" id=\"image_814721352\">\n\t\t\t\t\t\t\t\t<div class=\"img-inner dark\" >\n\t\t\t<img loading=\"lazy\" decoding=\"async\" width=\"856\" height=\"800\" src=\"https:\/\/staffingwr.com\/wp-content\/uploads\/2023\/07\/8-856x800.png\" class=\"attachment-large size-large\" alt=\"\" srcset=\"https:\/\/staffingwr.com\/wp-content\/uploads\/2023\/07\/8-856x800.png 856w, https:\/\/staffingwr.com\/wp-content\/uploads\/2023\/07\/8-428x400.png 428w, https:\/\/staffingwr.com\/wp-content\/uploads\/2023\/07\/8-768x718.png 768w, https:\/\/staffingwr.com\/wp-content\/uploads\/2023\/07\/8-1536x1435.png 1536w, https:\/\/staffingwr.com\/wp-content\/uploads\/2023\/07\/8-600x561.png 600w, https:\/\/staffingwr.com\/wp-content\/uploads\/2023\/07\/8.png 1619w\" sizes=\"(max-width: 856px) 100vw, 856px\" \/>\t\t\t\t\t\t\n\t\t\t\t\t<\/div>\n\t\t\t\t\t\t\t\t\n<style>\n#image_814721352 {\n  width: 38%;\n}\n<\/style>\n\t<\/div>\n\t\n\n\t\t<div class=\"icon-box featured-box icon-box-top text-left\"  >\n\t\t\t\t<div class=\"icon-box-text last-reset\">\n\t\t\t\t\t\t\t\t\t\n\t<div id=\"text-3659949321\" class=\"text\">\n\t\t\n<h3><span style=\"color: #d83131;\"><strong>Innovaci\u00f3n<\/strong><\/span><\/h3>\n<p  align=\"justify\"><span style=\"color: #282828;\">Promover la creatividad y la b\u00fasqueda constante de nuevas ideas y enfoques, adapt\u00e1ndose a los cambios del mercado y brindando soluciones innovadoras en el \u00e1mbito del Staffing.<\/span><\/p>\n\t\t\n<style>\n#text-3659949321 {\n  text-align: center;\n}\n<\/style>\n\t<\/div>\n\t\n\t\t<\/div>\n\t<\/div>\n\t\n\t\n\t\t<\/div>\n\t\t\t\t\t<\/div>\n\n\t\n\n\t<div id=\"col-836602876\" class=\"col medium-4 small-12 large-4\"  >\n\t\t\t\t<div class=\"col-inner text-center\"  >\n\t\t\t\n\t\t\t\n\t<div class=\"img has-hover x md-x lg-x y md-y lg-y\" id=\"image_336864844\">\n\t\t\t\t\t\t\t\t<div class=\"img-inner dark\" >\n\t\t\t<img loading=\"lazy\" decoding=\"async\" width=\"856\" height=\"800\" src=\"https:\/\/staffingwr.com\/wp-content\/uploads\/2023\/07\/9-856x800.png\" class=\"attachment-large size-large\" alt=\"\" srcset=\"https:\/\/staffingwr.com\/wp-content\/uploads\/2023\/07\/9-856x800.png 856w, https:\/\/staffingwr.com\/wp-content\/uploads\/2023\/07\/9-428x400.png 428w, https:\/\/staffingwr.com\/wp-content\/uploads\/2023\/07\/9-768x718.png 768w, https:\/\/staffingwr.com\/wp-content\/uploads\/2023\/07\/9-1536x1435.png 1536w, https:\/\/staffingwr.com\/wp-content\/uploads\/2023\/07\/9-600x561.png 600w, https:\/\/staffingwr.com\/wp-content\/uploads\/2023\/07\/9.png 1619w\" sizes=\"(max-width: 856px) 100vw, 856px\" \/>\t\t\t\t\t\t\n\t\t\t\t\t<\/div>\n\t\t\t\t\t\t\t\t\n<style>\n#image_336864844 {\n  width: 38%;\n}\n<\/style>\n\t<\/div>\n\t\n\t<div id=\"text-826234918\" class=\"text\">\n\t\t\n<h3><span style=\"color: #d83131;\"><strong>Desarrollo personal y profesional<\/strong><\/span><\/h3>\n<p  align=\"justify\"><span style=\"color: #282828;\">Fomentar el crecimiento y desarrollo continuo de los miembros del equipo, brindando oportunidades de capacitaci\u00f3n y formaci\u00f3n para mejorar sus habilidades y conocimientos.<\/span><\/p>\n\t\t\n<style>\n#text-826234918 {\n  text-align: center;\n}\n<\/style>\n\t<\/div>\n\t\n\t\t<\/div>\n\t\t\t\t\t<\/div>\n\n\t\n\n\t<div id=\"col-1383926740\" class=\"col medium-4 small-12 large-4\"  >\n\t\t\t\t<div class=\"col-inner text-center\"  >\n\t\t\t\n\t\t\t\n\t<div class=\"img has-hover x md-x lg-x y md-y lg-y\" id=\"image_196525966\">\n\t\t\t\t\t\t\t\t<div class=\"img-inner dark\" >\n\t\t\t<img loading=\"lazy\" decoding=\"async\" width=\"856\" height=\"800\" src=\"https:\/\/staffingwr.com\/wp-content\/uploads\/2023\/07\/2-856x800.png\" class=\"attachment-large size-large\" alt=\"\" srcset=\"https:\/\/staffingwr.com\/wp-content\/uploads\/2023\/07\/2-856x800.png 856w, https:\/\/staffingwr.com\/wp-content\/uploads\/2023\/07\/2-428x400.png 428w, https:\/\/staffingwr.com\/wp-content\/uploads\/2023\/07\/2-768x718.png 768w, https:\/\/staffingwr.com\/wp-content\/uploads\/2023\/07\/2-1536x1435.png 1536w, https:\/\/staffingwr.com\/wp-content\/uploads\/2023\/07\/2-600x561.png 600w, https:\/\/staffingwr.com\/wp-content\/uploads\/2023\/07\/2.png 1619w\" sizes=\"(max-width: 856px) 100vw, 856px\" \/>\t\t\t\t\t\t\n\t\t\t\t\t<\/div>\n\t\t\t\t\t\t\t\t\n<style>\n#image_196525966 {\n  width: 38%;\n}\n<\/style>\n\t<\/div>\n\t\n\t<div id=\"text-26992682\" class=\"text\">\n\t\t\n<h3><span style=\"color: #d83131;\"><strong>Aprendizaje continuo<\/strong><\/span><\/h3>\n<p align=\"justify\"><span style=\"color: #282828;\">Fomentamos una cultura de aprendizaje en la que cada miembro del equipo se motive a crecer y mejorar constantemente. Valoramos la capacitaci\u00f3n y el desarrollo profesional para mantenernos actualizados y competentes en nuestro campo.<\/span><\/p>\n\t\t\n<style>\n#text-26992682 {\n  text-align: center;\n}\n<\/style>\n\t<\/div>\n\t\n\t\t<\/div>\n\t\t\t\t\t<\/div>\n\n\t\n<\/div>\n\t\t<\/div>\n\n\t\t\n<style>\n#section_145481086 {\n  padding-top: 0px;\n  padding-bottom: 0px;\n}\n#section_145481086 .ux-shape-divider--top svg {\n  height: 150px;\n  --divider-top-width: 100%;\n}\n#section_145481086 .ux-shape-divider--bottom svg {\n  height: 150px;\n  --divider-width: 100%;\n}\n<\/style>\n\t<\/section>\n\t\n\t<section class=\"section\" id=\"section_1625712134\">\n\t\t<div class=\"bg section-bg fill bg-fill  bg-loaded\" >\n\n\t\t\t\n\t\t\t\n\t\t\t\n\n\t\t<\/div>\n\n\t\t\n\n\t\t<div class=\"section-content relative\">\n\t\t\t\n<div class=\"row row-large\" style=\"max-width:1100px\" id=\"row-304475811\">\n\n\t<div id=\"col-264892703\" class=\"col medium-4 small-12 large-4\"  >\n\t\t\t\t<div class=\"col-inner text-center\"  >\n\t\t\t\n\t\t\t\n\n\t\t<div class=\"icon-box featured-box icon-box-top text-left\"  >\n\t\t\t\t<div class=\"icon-box-text last-reset\">\n\t\t\t\t\t\t\t\t\t\n\t<div id=\"text-461906119\" class=\"text\">\n\t\t\n\t\t\n<style>\n#text-461906119 {\n  text-align: center;\n}\n<\/style>\n\t<\/div>\n\t\n\t\t<\/div>\n\t<\/div>\n\t\n\t\n\t\t<\/div>\n\t\t\t\t\t<\/div>\n\n\t\n\n\t<div id=\"col-474879884\" class=\"col medium-4 small-12 large-4\"  >\n\t\t\t\t<div class=\"col-inner text-center\"  >\n\t\t\t\n\t\t\t\n\n\t\t<div class=\"icon-box featured-box icon-box-top text-left\"  >\n\t\t\t\t<div class=\"icon-box-text last-reset\">\n\t\t\t\t\t\t\t\t\t\n\t<div id=\"text-538613474\" class=\"text\">\n\t\t\n\t\t\n<style>\n#text-538613474 {\n  text-align: center;\n}\n<\/style>\n\t<\/div>\n\t\n\t\t<\/div>\n\t<\/div>\n\t\n\t\n\t\t<\/div>\n\t\t\t\t\t<\/div>\n\n\t\n<\/div>\n\t\t<\/div>\n\n\t\t\n<style>\n#section_1625712134 {\n  padding-top: 30px;\n  padding-bottom: 30px;\n}\n#section_1625712134 .ux-shape-divider--top svg {\n  height: 150px;\n  --divider-top-width: 100%;\n}\n#section_1625712134 .ux-shape-divider--bottom svg {\n  height: 150px;\n  --divider-width: 100%;\n}\n<\/style>\n\t<\/section>\n\t\n","protected":false},"excerpt":{"rendered":"","protected":false},"author":1,"featured_media":0,"parent":0,"menu_order":0,"comment_status":"closed","ping_status":"closed","template":"page-transparent-header.php","meta":{"footnotes":""},"_links":{"self":[{"href":"https:\/\/staffingwr.com\/es\/wp-json\/wp\/v2\/pages\/2230"}],"collection":[{"href":"https:\/\/staffingwr.com\/es\/wp-json\/wp\/v2\/pages"}],"about":[{"href":"https:\/\/staffingwr.com\/es\/wp-json\/wp\/v2\/types\/page"}],"author":[{"embeddable":true,"href":"https:\/\/staffingwr.com\/es\/wp-json\/wp\/v2\/users\/1"}],"replies":[{"embeddable":true,"href":"https:\/\/staffingwr.com\/es\/wp-json\/wp\/v2\/comments?post=2230"}],"version-history":[{"count":1,"href":"https:\/\/staffingwr.com\/es\/wp-json\/wp\/v2\/pages\/2230\/revisions"}],"predecessor-version":[{"id":2231,"href":"https:\/\/staffingwr.com\/es\/wp-json\/wp\/v2\/pages\/2230\/revisions\/2231"}],"wp:attachment":[{"href":"https:\/\/staffingwr.com\/es\/wp-json\/wp\/v2\/media?parent=2230"}],"curies":[{"name":"wp","href":"https:\/\/api.w.org\/{rel}","templated":true}]}}