{"id":2240,"date":"2023-09-05T01:05:03","date_gmt":"2023-09-05T06:05:03","guid":{"rendered":"https:\/\/staffingwr.com\/?page_id=2240"},"modified":"2023-09-05T01:08:11","modified_gmt":"2023-09-05T06:08:11","slug":"vision-y-mision","status":"publish","type":"page","link":"https:\/\/staffingwr.com\/es\/vision-y-mision\/","title":{"rendered":"Visi\u00f3n y Misi\u00f3n"},"content":{"rendered":"\n  <div class=\"banner has-hover\" id=\"banner-2093830859\">\n          <div class=\"banner-inner fill\">\n        <div class=\"banner-bg fill\" >\n            <div class=\"bg fill bg-fill \"><\/div>\n                        <div class=\"overlay\"><\/div>            \n                    <\/div>\n\t\t\n        <div class=\"banner-layers container\">\n            <div class=\"fill banner-link\"><\/div>            \n        <\/div>\n      <\/div>\n\n            \n<style>\n#banner-2093830859 {\n  padding-top: 250px;\n}\n#banner-2093830859 .overlay {\n  background-color: rgb(158, 158, 158);\n}\n#banner-2093830859 .ux-shape-divider--top svg {\n  height: 150px;\n  --divider-top-width: 100%;\n}\n#banner-2093830859 .ux-shape-divider--bottom svg {\n  height: 150px;\n  --divider-width: 100%;\n}\n<\/style>\n  <\/div>\n\n\n\t<div id=\"gap-1200645801\" class=\"gap-element clearfix\" style=\"display:block; height:auto;\">\n\t\t\n<style>\n#gap-1200645801 {\n  padding-top: 50px;\n}\n<\/style>\n\t<\/div>\n\t\n<div class=\"row\"  id=\"row-1258182827\">\n\n\t<div id=\"col-1826120929\" class=\"col medium-5 small-12 large-5\"  >\n\t\t\t\t<div class=\"col-inner text-center\"  >\n\t\t\t\n\t\t\t\n\t<div class=\"img has-hover x md-x lg-x y md-y lg-y\" id=\"image_384802964\">\n\t\t\t\t\t\t\t\t<div class=\"img-inner dark\" >\n\t\t\t<img loading=\"lazy\" decoding=\"async\" width=\"818\" height=\"720\" src=\"https:\/\/staffingwr.com\/wp-content\/uploads\/2023\/07\/recepcion.jpg\" class=\"attachment-large size-large\" alt=\"\" srcset=\"https:\/\/staffingwr.com\/wp-content\/uploads\/2023\/07\/recepcion.jpg 818w, https:\/\/staffingwr.com\/wp-content\/uploads\/2023\/07\/recepcion-454x400.jpg 454w, https:\/\/staffingwr.com\/wp-content\/uploads\/2023\/07\/recepcion-768x676.jpg 768w, https:\/\/staffingwr.com\/wp-content\/uploads\/2023\/07\/recepcion-600x528.jpg 600w\" sizes=\"(max-width: 818px) 100vw, 818px\" \/>\t\t\t\t\t\t\n\t\t\t\t\t<\/div>\n\t\t\t\t\t\t\t\t\n<style>\n#image_384802964 {\n  width: 74%;\n}\n<\/style>\n\t<\/div>\n\t\n\t\t<\/div>\n\t\t\t\t\t<\/div>\n\n\t\n\n\t<div id=\"col-1493117967\" class=\"col medium-7 small-12 large-7\"  >\n\t\t\t\t<div class=\"col-inner\"  >\n\t\t\t\n\t\t\t\n<h2>Visi\u00f3n<\/h2>\n<p align=\"justify\"><span style=\"color: #282828;\">En WR Staffing Services LLC, tenemos una visi\u00f3n clara en convertirnos en una empresa l\u00edder por la excelencia en los servicios de Staffing en los <strong>ESTADOS UNIDOS DE AMERICA<\/strong>. Nos proyectamos como una organizaci\u00f3n que se destaca por su calidad, cumplimiento y capacidad de brindar una total satisfacci\u00f3n a nuestros valiosos clientes.<\/span><\/p>\n<h2>Misi\u00f3n<\/h2>\n<p align=\"justify\"><span style=\"color: #282828;\">La misi\u00f3n es satisfacer de manera excepcional las necesidades de las empresas en el servicio de Staffing. Nos dedicamos a seleccionar, capacitar y evaluar el talento humano para brindar un servicio \u00f3ptimo, responsable y cumplidor. Nuestro objetivo principal es apoyar la gesti\u00f3n y mejorar la competitividad de las distintas organizaciones a trav\u00e9s de soluciones efectivas en el \u00e1rea de recursos humanos.<\/span><\/p>\n\t\t<\/div>\n\t\t\t\t\t<\/div>\n\n\t\n<\/div>\n","protected":false},"excerpt":{"rendered":"","protected":false},"author":1,"featured_media":0,"parent":0,"menu_order":0,"comment_status":"closed","ping_status":"closed","template":"page-transparent-header.php","meta":{"footnotes":""},"_links":{"self":[{"href":"https:\/\/staffingwr.com\/es\/wp-json\/wp\/v2\/pages\/2240"}],"collection":[{"href":"https:\/\/staffingwr.com\/es\/wp-json\/wp\/v2\/pages"}],"about":[{"href":"https:\/\/staffingwr.com\/es\/wp-json\/wp\/v2\/types\/page"}],"author":[{"embeddable":true,"href":"https:\/\/staffingwr.com\/es\/wp-json\/wp\/v2\/users\/1"}],"replies":[{"embeddable":true,"href":"https:\/\/staffingwr.com\/es\/wp-json\/wp\/v2\/comments?post=2240"}],"version-history":[{"count":3,"href":"https:\/\/staffingwr.com\/es\/wp-json\/wp\/v2\/pages\/2240\/revisions"}],"predecessor-version":[{"id":2245,"href":"https:\/\/staffingwr.com\/es\/wp-json\/wp\/v2\/pages\/2240\/revisions\/2245"}],"wp:attachment":[{"href":"https:\/\/staffingwr.com\/es\/wp-json\/wp\/v2\/media?parent=2240"}],"curies":[{"name":"wp","href":"https:\/\/api.w.org\/{rel}","templated":true}]}}