{"id":2249,"date":"2023-09-05T01:16:22","date_gmt":"2023-09-05T06:16:22","guid":{"rendered":"https:\/\/staffingwr.com\/?page_id=2249"},"modified":"2023-09-05T01:17:53","modified_gmt":"2023-09-05T06:17:53","slug":"nuestra-historia-2","status":"publish","type":"page","link":"https:\/\/staffingwr.com\/es\/nuestra-historia-2\/","title":{"rendered":"Nuestra Historia"},"content":{"rendered":"\n  <div class=\"banner has-hover\" id=\"banner-2017001141\">\n          <div class=\"banner-inner fill\">\n        <div class=\"banner-bg fill\" >\n            <div class=\"bg fill bg-fill \"><\/div>\n                        <div class=\"overlay\"><\/div>            \n                    <\/div>\n\t\t\n        <div class=\"banner-layers container\">\n            <div class=\"fill banner-link\"><\/div>            \n        <\/div>\n      <\/div>\n\n            \n<style>\n#banner-2017001141 {\n  padding-top: 250px;\n}\n#banner-2017001141 .overlay {\n  background-color: rgb(158, 158, 158);\n}\n#banner-2017001141 .ux-shape-divider--top svg {\n  height: 150px;\n  --divider-top-width: 100%;\n}\n#banner-2017001141 .ux-shape-divider--bottom svg {\n  height: 150px;\n  --divider-width: 100%;\n}\n<\/style>\n  <\/div>\n\n\n\t<section class=\"section\" id=\"section_1351338674\">\n\t\t<div class=\"bg section-bg fill bg-fill  bg-loaded\" >\n\n\t\t\t\n\t\t\t\n\t\t\t\n\n\t\t<\/div>\n\n\t\t\n\n\t\t<div class=\"section-content relative\">\n\t\t\t\n<div class=\"row\"  id=\"row-36559266\">\n\n\t<div id=\"col-403824024\" class=\"col medium-4 small-12 large-4\"  >\n\t\t\t\t<div class=\"col-inner\"  >\n\t\t\t\n\t\t\t\n\t<div id=\"gap-1854114883\" class=\"gap-element clearfix\" style=\"display:block; height:auto;\">\n\t\t\n<style>\n#gap-1854114883 {\n  padding-top: 100px;\n}\n<\/style>\n\t<\/div>\n\t\n\t<div id=\"gap-1248127792\" class=\"gap-element clearfix hide-for-medium\" style=\"display:block; height:auto;\">\n\t\t\n<style>\n#gap-1248127792 {\n  padding-top: 10px;\n}\n<\/style>\n\t<\/div>\n\t\n\t<div class=\"img has-hover x md-x lg-x y md-y lg-y\" id=\"image_516969028\">\n\t\t\t\t\t\t\t\t<div class=\"img-inner dark\" >\n\t\t\t<img loading=\"lazy\" decoding=\"async\" width=\"326\" height=\"800\" src=\"https:\/\/staffingwr.com\/wp-content\/uploads\/2023\/07\/historia-326x800.jpg\" class=\"attachment-large size-large\" alt=\"\" srcset=\"https:\/\/staffingwr.com\/wp-content\/uploads\/2023\/07\/historia-326x800.jpg 326w, https:\/\/staffingwr.com\/wp-content\/uploads\/2023\/07\/historia-163x400.jpg 163w, https:\/\/staffingwr.com\/wp-content\/uploads\/2023\/07\/historia.jpg 454w\" sizes=\"(max-width: 326px) 100vw, 326px\" \/>\t\t\t\t\t\t\n\t\t\t\t\t<\/div>\n\t\t\t\t\t\t\t\t\n<style>\n#image_516969028 {\n  width: 100%;\n}\n<\/style>\n\t<\/div>\n\t\n<a class=\"button primary is-link\"  >\n    <span>Wr Staffing Services<\/span>\n  <i class=\"icon-angle-right\" aria-hidden=\"true\" ><\/i><\/a>\n\n\t\t<\/div>\n\t\t\t\t\n<style>\n#col-403824024 > .col-inner {\n  margin: 0px 0px -20px 0px;\n}\n<\/style>\n\t<\/div>\n\n\t\n\n\t<div id=\"col-755917824\" class=\"col medium-8 small-12 large-8\"  >\n\t\t\t\t<div class=\"col-inner\"  >\n\t\t\t\n\t\t\t\n\t<div id=\"text-906337960\" class=\"text\">\n\t\t\n<h3>Historia<\/h3>\n\t\t\n<style>\n#text-906337960 {\n  font-size: 1.75rem;\n  line-height: 1.25;\n}\n@media (min-width:850px) {\n  #text-906337960 {\n    line-height: 0.75;\n  }\n}\n<\/style>\n\t<\/div>\n\t\n<p align=\"justify\"><span style=\"color: #282828;\">En el a\u00f1o 2017, decid\u00ed aportar una filosof\u00eda de vida que se convirti\u00f3 en mi pasi\u00f3n: ayudar a las personas que llegan de los pa\u00edses latinoamericanos en busca de una vida mejor y hasta el d\u00eda de hoy, sigo viviendo esta hermosa misi\u00f3n.<\/span><\/p>\n<p  align=\"justify\"><span style=\"color: #282828;\">En aquel entonces, trabajaba como taxista para ganar mi sustento diario. Cada ma\u00f1ana, me sub\u00eda al volante con la determinaci\u00f3n de escuchar y comprender las historias de cada persona que compart\u00eda el viaje conmigo. Con tristeza, not\u00e9 que la mayor\u00eda de ellos estaban desempleados y enfrentaban grandes desaf\u00edos en su b\u00fasqueda de oportunidades laborales.<\/span><\/p>\n<p  align=\"justify\"><span style=\"color: #282828;\">Movido por el deseo de marcar la diferencia, decid\u00ed acercarme a las empresas en nombre de aquellos so\u00f1adores que transportaba en mi taxi. Fue en una de mis incursiones cuando llegu\u00e9 a una compa\u00f1\u00eda de instalaci\u00f3n de muebles de oficina. Por casualidad, tuve la oportunidad de hablar directamente con el due\u00f1o, y para mi sorpresa y alegr\u00eda, result\u00f3 ser un mexicano con un coraz\u00f3n compasivo.<\/span><\/p>\n<p  align=\"justify\"><span style=\"color: #282828;\">Con entusiasmo, le pregunt\u00e9 si necesitaba personal para trabajar en su empresa, y con una sonrisa, respondi\u00f3 afirmativamente. Adem\u00e1s, me ofreci\u00f3 una remuneraci\u00f3n de 1 USD por cada persona que llevara a trabajar con \u00e9l. Aunque podr\u00eda parecer una suma modesta para algunos, para m\u00ed representaba mucho m\u00e1s: era la oportunidad de hacer lo que amaba y que me pagaran por ello.<\/span><\/p>\n<p align=\"justify\"><span style=\"color: #282828;\">Acept\u00e9 su generosa oferta con gratitud y determinaci\u00f3n, sabiendo que cada d\u00f3lar ganado ser\u00eda un paso m\u00e1s hacia la realizaci\u00f3n de mis sue\u00f1os y la mejora de la vida de quienes confiaban en m\u00ed. Me convert\u00ed en el enlace entre los buscadores de empleo y las empresas, creando conexiones significativas y oportunidades laborales extraordinarias.<\/span><\/p>\n<p  align=\"justify\"><span style=\"color: #282828;\">Con el tiempo, lleg\u00f3 el momento de abrir mi propia oficina en Pleasantdale, GA. Aunque la gente no estaba muy de acuerdo con cobrarles el transporte al trabajo, continu\u00e9 con determinaci\u00f3n. Enfrent\u00e9 muchos desaf\u00edos y realic\u00e9 sacrificios, pero segu\u00ed adelante.<\/span><\/p>\n<p  align=\"justify\"><span style=\"color: #282828;\">La compa\u00f1\u00eda que me dio la primera oportunidad de reclutar trabajadores fue OJ Instalaciones. Aunque no sab\u00eda mucho sobre c\u00f3mo manejar un negocio de Staffing, trabaj\u00e9 duro. Consegu\u00eda gente en las esquinas mientras trabajaba como taxista y dorm\u00eda apenas dos horas al d\u00eda.<\/span><\/p>\n<p  align=\"justify\"><span style=\"color: #282828;\">La historia de mi vida y mi compromiso con ayudar a los dem\u00e1s se ha convertido en una fuente de inspiraci\u00f3n para todos los que me rodean. A pesar de las dificultades y los desaf\u00edos, <span style=\"color: #ff0000;\"><em><strong>he demostrado que incluso desde una profesi\u00f3n como taxista, se puede marcar una diferencia significativa en la vida de los dem\u00e1s. He aprendido que el verdadero valor no se encuentra en la cantidad de dinero que ganamos<\/strong><\/em><\/span>, sino en el impacto positivo que dejamos en el mundo y en las vidas de quienes tocamos.<\/span><\/p>\n<p  align=\"justify\"><span style=\"color: #282828;\">Que mi historia contin\u00fae inspirando a todos a seguir mi ejemplo, a buscar oportunidades para marcar la diferencia y a recordar que cada peque\u00f1o acto de bondad puede sembrar las semillas de un futuro mejor. Juntos, podemos construir un mundo en el que todos tengan la oportunidad de alcanzar sus sue\u00f1os y encontrar la felicidad y el \u00e9xito que merecen.Principio del formulario<\/span><\/p>\n<p style=\"text-align: right;\"><span style=\"color: #282828;\"><strong><em>WILLIAM RUEDA CARDOZO<\/em><\/strong><\/span><\/p>\n<p style=\"text-align: right;\"><span style=\"color: #282828;\"><strong><em>OWNER<\/em><\/strong><\/span><\/p>\n\t\t<\/div>\n\t\t\t\t\t<\/div>\n\n\t\n<\/div>\n\t\t<\/div>\n\n\t\t\n<style>\n#section_1351338674 {\n  padding-top: 30px;\n  padding-bottom: 30px;\n}\n#section_1351338674 .ux-shape-divider--top svg {\n  height: 150px;\n  --divider-top-width: 100%;\n}\n#section_1351338674 .ux-shape-divider--bottom svg {\n  height: 150px;\n  --divider-width: 100%;\n}\n<\/style>\n\t<\/section>\n\t\n","protected":false},"excerpt":{"rendered":"","protected":false},"author":1,"featured_media":0,"parent":0,"menu_order":0,"comment_status":"closed","ping_status":"closed","template":"page-transparent-header.php","meta":{"footnotes":""},"_links":{"self":[{"href":"https:\/\/staffingwr.com\/es\/wp-json\/wp\/v2\/pages\/2249"}],"collection":[{"href":"https:\/\/staffingwr.com\/es\/wp-json\/wp\/v2\/pages"}],"about":[{"href":"https:\/\/staffingwr.com\/es\/wp-json\/wp\/v2\/types\/page"}],"author":[{"embeddable":true,"href":"https:\/\/staffingwr.com\/es\/wp-json\/wp\/v2\/users\/1"}],"replies":[{"embeddable":true,"href":"https:\/\/staffingwr.com\/es\/wp-json\/wp\/v2\/comments?post=2249"}],"version-history":[{"count":2,"href":"https:\/\/staffingwr.com\/es\/wp-json\/wp\/v2\/pages\/2249\/revisions"}],"predecessor-version":[{"id":2251,"href":"https:\/\/staffingwr.com\/es\/wp-json\/wp\/v2\/pages\/2249\/revisions\/2251"}],"wp:attachment":[{"href":"https:\/\/staffingwr.com\/es\/wp-json\/wp\/v2\/media?parent=2249"}],"curies":[{"name":"wp","href":"https:\/\/api.w.org\/{rel}","templated":true}]}}