{"id":2337,"date":"2023-08-03T12:35:34","date_gmt":"2023-08-03T17:35:34","guid":{"rendered":"https:\/\/staffingwr.com\/?page_id=2337"},"modified":"2023-09-09T17:04:46","modified_gmt":"2023-09-09T22:04:46","slug":"hotel","status":"publish","type":"page","link":"https:\/\/staffingwr.com\/es\/hotel\/","title":{"rendered":"Hotel"},"content":{"rendered":"\t<section class=\"section dark hide-for-medium\" id=\"section_2000363129\">\n\t\t<div class=\"bg section-bg fill bg-fill  bg-loaded\" >\n\n\t\t\t\n\t\t\t\n\t\t\t\n\n\t\t<\/div>\n\n\t\t\n\n\t\t<div class=\"section-content relative\">\n\t\t\t\n<div class=\"row\"  id=\"row-691409928\">\n\n\t<div id=\"col-1982391959\" class=\"col small-12 large-12\"  >\n\t\t\t\t<div class=\"col-inner\"  >\n\t\t\t\n\t\t\t\n<div class=\"row align-bottom\"  id=\"row-1903345221\">\n\n\t<div id=\"col-679572420\" class=\"col medium-12 small-12 large-12\"  >\n\t\t\t\t<div class=\"col-inner text-left\"  >\n\t\t\t\n\t\t\t\n\t<div id=\"gap-2053262875\" class=\"gap-element clearfix\" style=\"display:block; height:auto;\">\n\t\t\n<style>\n#gap-2053262875 {\n  padding-top: 50px;\n}\n<\/style>\n\t<\/div>\n\t\n\t<div class=\"img has-hover x md-x lg-x y md-y lg-y\" id=\"image_1785558134\">\n\t\t\t\t\t\t\t\t<div class=\"img-inner dark\" >\n\t\t\t<img loading=\"lazy\" decoding=\"async\" width=\"618\" height=\"412\" src=\"https:\/\/staffingwr.com\/wp-content\/uploads\/2023\/07\/hotel.jpg\" class=\"attachment-large size-large\" alt=\"\" srcset=\"https:\/\/staffingwr.com\/wp-content\/uploads\/2023\/07\/hotel.jpg 618w, https:\/\/staffingwr.com\/wp-content\/uploads\/2023\/07\/hotel-600x400.jpg 600w\" sizes=\"(max-width: 618px) 100vw, 618px\" \/>\t\t\t\t\t\t\n\t\t\t\t\t<\/div>\n\t\t\t\t\t\t\t\t\n<style>\n#image_1785558134 {\n  width: 37%;\n}\n<\/style>\n\t<\/div>\n\t\n\t\t<\/div>\n\t\t\t\t\t<\/div>\n\n\t\n<\/div>\n\t\t<\/div>\n\t\t\t\t\n<style>\n#col-1982391959 > .col-inner {\n  margin: 0px 0px -225px 0px;\n}\n<\/style>\n\t<\/div>\n\n\t\n<\/div>\n\t\t<\/div>\n\n\t\t\n<style>\n#section_2000363129 {\n  padding-top: 80px;\n  padding-bottom: 80px;\n  background-color: rgb(158, 158, 158);\n}\n#section_2000363129 .ux-shape-divider--top svg {\n  height: 150px;\n  --divider-top-width: 100%;\n}\n#section_2000363129 .ux-shape-divider--bottom svg {\n  height: 150px;\n  --divider-width: 100%;\n}\n<\/style>\n\t<\/section>\n\t\n\n  <div class=\"banner has-hover hide-for-medium\" id=\"banner-500949449\">\n          <div class=\"banner-inner fill\">\n        <div class=\"banner-bg fill\" >\n            <div class=\"bg fill bg-fill \"><\/div>\n                        <div class=\"overlay\"><\/div>            \n                    <\/div>\n\t\t\n        <div class=\"banner-layers container\">\n            <div class=\"fill banner-link\"><\/div>            \n        <\/div>\n      <\/div>\n\n            \n<style>\n#banner-500949449 {\n  padding-top: 0px;\n}\n#banner-500949449 .overlay {\n  background-color: rgb(158, 158, 158);\n}\n#banner-500949449 .ux-shape-divider--top svg {\n  height: 150px;\n  --divider-top-width: 100%;\n}\n#banner-500949449 .ux-shape-divider--bottom svg {\n  height: 150px;\n  --divider-width: 100%;\n}\n@media (min-width:850px) {\n  #banner-500949449 {\n    padding-top: 250px;\n  }\n}\n<\/style>\n  <\/div>\n\n\n\t<section class=\"section hide-for-medium\" id=\"section_1342135527\">\n\t\t<div class=\"bg section-bg fill bg-fill  bg-loaded\" >\n\n\t\t\t\n\t\t\t\n\t\t\t\n\n\t\t<\/div>\n\n\t\t\n\n\t\t<div class=\"section-content relative\">\n\t\t\t\n<div class=\"row\"  id=\"row-1941309066\">\n\n\t<div id=\"col-583982034\" class=\"col medium-11 small-12 large-10\"  >\n\t\t\t\t<div class=\"col-inner\" style=\"background-color:rgb(255,255,255);\" >\n\t\t\t\n\t\t\t\n\t<div id=\"text-1278773267\" class=\"text\">\n\t\t\n<h3 style=\"text-align: center;\">HOUSEKEEPING<br \/>LABOR -PROFESIONAL LABOR<\/h3>\n\t\t\n<style>\n#text-1278773267 {\n  font-size: 1.5rem;\n  text-align: right;\n}\n<\/style>\n\t<\/div>\n\t\n<p align=\"justify\"><span style=\"color: #282828;\"><strong>FUNCIONES<br \/><\/strong><\/span><br \/><span style=\"color: #282828;\">Un Labor y\/o Profesional Labor en housekeeping (tambi\u00e9n conocido como \u00abpersonal de limpieza\u00bb o \u00ablimpiador\/a\u00bb) tiene la responsabilidad de mantener la limpieza y el orden en hoteles, residencias, oficinas, hospitales u otros establecimientos. Sus funciones incluyen:<\/span><\/p>\n<p align=\"justify\"><span style=\"color: #282828;\"><strong>\u2022 Limpieza de habitaciones<\/strong>: Realizar la limpieza diaria de habitaciones, incluyendo hacer las camas, limpiar el polvo, aspirar alfombras, limpiar espejos y ventanas, y reponer suministros como toallas y papel higi\u00e9nico.<\/span><\/p>\n<p align=\"justify\"><span style=\"color: #282828;\"><strong>\u2022 Limpieza de \u00e1reas comunes<\/strong>: Mantener limpios y ordenados los pasillos, vest\u00edbulos, salas de estar, \u00e1reas de recepci\u00f3n y otros espacios comunes.<\/span><\/p>\n<p align=\"justify\"><span style=\"color: #282828;\"><strong>\u2022 Limpieza de ba\u00f1os:<\/strong> Limpiar y desinfectar los ba\u00f1os, incluyendo lavamanos, inodoros, ba\u00f1eras y duchas, y reponer suministros como papel higi\u00e9nico y jab\u00f3n.<br \/><\/span><br \/><span style=\"color: #282828;\"><strong>\u2022 Lavander\u00eda:<\/strong> Recoger, lavar, secar y planchar la ropa de cama, toallas y otros textiles utilizados en el establecimiento.<br \/><\/span><br \/><span style=\"color: #282828;\"><strong>\u2022 Manejo de suministros:<\/strong> Mantener un inventario de los suministros de limpieza y solicitar reposici\u00f3n cuando sea necesario.<br \/><\/span><br \/><span style=\"color: #282828;\"><strong>\u2022<\/strong> <strong>Control de calidad:<\/strong> Asegurarse de que todas las habitaciones y \u00e1reas comunes est\u00e9n limpias y bien presentadas de acuerdo con los est\u00e1ndares establecidos por el establecimiento.<br \/><\/span><br \/><span style=\"color: #282828;\"><strong>\u2022 Mantenimiento b\u00e1sico:<\/strong> Reportar cualquier problema de mantenimiento o da\u00f1o que se encuentre en las habitaciones o \u00e1reas comunes, como bombillas fundidas, grifos con fugas, etc.<br \/><\/span><br \/><span style=\"color: #282828;\"><strong>\u2022 Seguridad e higiene:<\/strong> Cumplir con las normas de seguridad e higiene establecidas en el lugar de trabajo para garantizar un ambiente seguro y limpio para los hu\u00e9spedes y el personal.<br \/><\/span><br \/><span style=\"color: #282828;\"><strong>\u2022 Atenci\u00f3n al cliente:<\/strong> Ser amable y servicial con los hu\u00e9spedes o clientes que puedan requerir asistencia durante su estad\u00eda.<br \/><\/span><br \/><span style=\"color: #282828;\"><strong>\u2022 Trabajo en equipo:<\/strong> Colaborar con otros miembros del personal de housekeeping y de otros departamentos para garantizar un servicio eficiente y de calidad en todo el establecimiento.\u00a0<\/span><\/p>\n<p align=\"justify\"><span style=\"color: #282828;\">El personal de housekeeping juega un papel crucial en la satisfacci\u00f3n de los hu\u00e9spedes y clientes, ya que una limpieza y mantenimiento adecuados son fundamentales para proporcionar una experiencia positiva en cualquier entorno, ya sea un hotel, una oficina o un hospital.<\/span><\/p>\n\t\t<\/div>\n\t\t\t\t\n<style>\n#col-583982034 > .col-inner {\n  padding: 45px 45px 45px 45px;\n  margin: - 0px 0px 0px;\n}\n@media (min-width:550px) {\n  #col-583982034 > .col-inner {\n    margin: -100px 0px 0px 0px;\n  }\n}\n@media (min-width:850px) {\n  #col-583982034 > .col-inner {\n    margin: -240px 0px 0px 100px;\n  }\n}\n<\/style>\n\t<\/div>\n\n\t\n<\/div>\n\t\t<\/div>\n\n\t\t\n<style>\n#section_1342135527 {\n  padding-top: 30px;\n  padding-bottom: 30px;\n  background-color: rgb(158, 158, 158);\n}\n#section_1342135527 .ux-shape-divider--top svg {\n  height: 150px;\n  --divider-top-width: 100%;\n}\n#section_1342135527 .ux-shape-divider--bottom svg {\n  height: 150px;\n  --divider-width: 100%;\n}\n<\/style>\n\t<\/section>\n\t\n\t<section class=\"section dark show-for-medium hide-for-small\" id=\"section_830758146\">\n\t\t<div class=\"bg section-bg fill bg-fill  bg-loaded\" >\n\n\t\t\t\n\t\t\t\n\t\t\t\n\n\t\t<\/div>\n\n\t\t\n\n\t\t<div class=\"section-content relative\">\n\t\t\t\n<div class=\"row\"  id=\"row-217069474\">\n\n\t<div id=\"col-1878188251\" class=\"col small-12 large-12\"  >\n\t\t\t\t<div class=\"col-inner\"  >\n\t\t\t\n\t\t\t\n<div class=\"row align-bottom\"  id=\"row-560723214\">\n\n\t<div id=\"col-1942484535\" class=\"col medium-12 small-12 large-12\"  >\n\t\t\t\t<div class=\"col-inner text-left\"  >\n\t\t\t\n\t\t\t\n\t<div id=\"gap-1569669107\" class=\"gap-element clearfix\" style=\"display:block; height:auto;\">\n\t\t\n<style>\n#gap-1569669107 {\n  padding-top: 50px;\n}\n<\/style>\n\t<\/div>\n\t\n\t<div class=\"img has-hover x md-x lg-x y md-y lg-y\" id=\"image_1165899643\">\n\t\t\t\t\t\t\t\t<div class=\"img-inner dark\" >\n\t\t\t<img loading=\"lazy\" decoding=\"async\" width=\"618\" height=\"412\" src=\"https:\/\/staffingwr.com\/wp-content\/uploads\/2023\/07\/hotel.jpg\" class=\"attachment-large size-large\" alt=\"\" srcset=\"https:\/\/staffingwr.com\/wp-content\/uploads\/2023\/07\/hotel.jpg 618w, https:\/\/staffingwr.com\/wp-content\/uploads\/2023\/07\/hotel-600x400.jpg 600w\" sizes=\"(max-width: 618px) 100vw, 618px\" \/>\t\t\t\t\t\t\n\t\t\t\t\t<\/div>\n\t\t\t\t\t\t\t\t\n<style>\n#image_1165899643 {\n  width: 37%;\n}\n<\/style>\n\t<\/div>\n\t\n\t\t<\/div>\n\t\t\t\t\t<\/div>\n\n\t\n<\/div>\n\t\t<\/div>\n\t\t\t\t\n<style>\n#col-1878188251 > .col-inner {\n  margin: 0px 0px -100px 0px;\n}\n@media (min-width:850px) {\n  #col-1878188251 > .col-inner {\n    margin: 0px 0px -225px 0px;\n  }\n}\n<\/style>\n\t<\/div>\n\n\t\n<\/div>\n\t\t<\/div>\n\n\t\t\n<style>\n#section_830758146 {\n  padding-top: 80px;\n  padding-bottom: 80px;\n  background-color: rgb(158, 158, 158);\n}\n#section_830758146 .ux-shape-divider--top svg {\n  height: 150px;\n  --divider-top-width: 100%;\n}\n#section_830758146 .ux-shape-divider--bottom svg {\n  height: 150px;\n  --divider-width: 100%;\n}\n<\/style>\n\t<\/section>\n\t\n\t<section class=\"section show-for-medium hide-for-small\" id=\"section_116580068\">\n\t\t<div class=\"bg section-bg fill bg-fill  bg-loaded\" >\n\n\t\t\t\n\t\t\t\n\t\t\t\n\n\t\t<\/div>\n\n\t\t\n\n\t\t<div class=\"section-content relative\">\n\t\t\t\n<div class=\"row\"  id=\"row-294272420\">\n\n\t<div id=\"col-1345753032\" class=\"col medium-12 small-12 large-10\"  >\n\t\t\t\t<div class=\"col-inner\" style=\"background-color:rgb(255,255,255);\" >\n\t\t\t\n\t\t\t\n\t<div id=\"text-729481911\" class=\"text\">\n\t\t\n<h3 style=\"text-align: center;\">HOUSEKEEPING<br \/>LABOR -PROFESIONAL LABOR<\/h3>\n\t\t\n<style>\n#text-729481911 {\n  font-size: 1.5rem;\n  text-align: right;\n}\n<\/style>\n\t<\/div>\n\t\n<p align=\"justify\"><span style=\"color: #282828;\"><strong>FUNCIONES<br \/><\/strong><\/span><br \/><span style=\"color: #282828;\">Un Labor y\/o Profesional Labor en housekeeping (tambi\u00e9n conocido como \u00abpersonal de limpieza\u00bb o \u00ablimpiador\/a\u00bb) tiene la responsabilidad de mantener la limpieza y el orden en hoteles, residencias, oficinas, hospitales u otros establecimientos. Sus funciones incluyen:<\/span><\/p>\n<p align=\"justify\"><span style=\"color: #282828;\"><strong>\u2022 Limpieza de habitaciones<\/strong>: Realizar la limpieza diaria de habitaciones, incluyendo hacer las camas, limpiar el polvo, aspirar alfombras, limpiar espejos y ventanas, y reponer suministros como toallas y papel higi\u00e9nico.<\/span><\/p>\n<p align=\"justify\"><span style=\"color: #282828;\"><strong>\u2022 Limpieza de \u00e1reas comunes<\/strong>: Mantener limpios y ordenados los pasillos, vest\u00edbulos, salas de estar, \u00e1reas de recepci\u00f3n y otros espacios comunes.<\/span><\/p>\n<p align=\"justify\"><span style=\"color: #282828;\"><strong>\u2022 Limpieza de ba\u00f1os:<\/strong> Limpiar y desinfectar los ba\u00f1os, incluyendo lavamanos, inodoros, ba\u00f1eras y duchas, y reponer suministros como papel higi\u00e9nico y jab\u00f3n.<br \/><\/span><br \/><span style=\"color: #282828;\"><strong>\u2022 Lavander\u00eda:<\/strong> Recoger, lavar, secar y planchar la ropa de cama, toallas y otros textiles utilizados en el establecimiento.<br \/><\/span><br \/><span style=\"color: #282828;\"><strong>\u2022 Manejo de suministros:<\/strong> Mantener un inventario de los suministros de limpieza y solicitar reposici\u00f3n cuando sea necesario.<br \/><\/span><br \/><span style=\"color: #282828;\"><strong>\u2022<\/strong> <strong>Control de calidad:<\/strong> Asegurarse de que todas las habitaciones y \u00e1reas comunes est\u00e9n limpias y bien presentadas de acuerdo con los est\u00e1ndares establecidos por el establecimiento.<br \/><\/span><br \/><span style=\"color: #282828;\"><strong>\u2022 Mantenimiento b\u00e1sico:<\/strong> Reportar cualquier problema de mantenimiento o da\u00f1o que se encuentre en las habitaciones o \u00e1reas comunes, como bombillas fundidas, grifos con fugas, etc.<br \/><\/span><br \/><span style=\"color: #282828;\"><strong>\u2022 Seguridad e higiene:<\/strong> Cumplir con las normas de seguridad e higiene establecidas en el lugar de trabajo para garantizar un ambiente seguro y limpio para los hu\u00e9spedes y el personal.<br \/><\/span><br \/><span style=\"color: #282828;\"><strong>\u2022 Atenci\u00f3n al cliente:<\/strong> Ser amable y servicial con los hu\u00e9spedes o clientes que puedan requerir asistencia durante su estad\u00eda.<br \/><\/span><br \/><span style=\"color: #282828;\"><strong>\u2022 Trabajo en equipo:<\/strong> Colaborar con otros miembros del personal de housekeeping y de otros departamentos para garantizar un servicio eficiente y de calidad en todo el establecimiento.\u00a0<\/span><\/p>\n<p align=\"justify\"><span style=\"color: #282828;\">El personal de housekeeping juega un papel crucial en la satisfacci\u00f3n de los hu\u00e9spedes y clientes, ya que una limpieza y mantenimiento adecuados son fundamentales para proporcionar una experiencia positiva en cualquier entorno, ya sea un hotel, una oficina o un hospital.<\/span><\/p>\n\t\t<\/div>\n\t\t\t\t\n<style>\n#col-1345753032 > .col-inner {\n  padding: 45px 45px 45px 45px;\n  margin: - 0px 0px 0px;\n}\n@media (min-width:550px) {\n  #col-1345753032 > .col-inner {\n    margin: -100px 0px 0px 0px;\n  }\n}\n@media (min-width:850px) {\n  #col-1345753032 > .col-inner {\n    margin: -240px 0px 0px 100px;\n  }\n}\n<\/style>\n\t<\/div>\n\n\t\n<\/div>\n\t\t<\/div>\n\n\t\t\n<style>\n#section_116580068 {\n  padding-top: 30px;\n  padding-bottom: 30px;\n  background-color: rgb(158, 158, 158);\n}\n#section_116580068 .ux-shape-divider--top svg {\n  height: 150px;\n  --divider-top-width: 100%;\n}\n#section_116580068 .ux-shape-divider--bottom svg {\n  height: 150px;\n  --divider-width: 100%;\n}\n<\/style>\n\t<\/section>\n\t\n\t<section class=\"section dark show-for-small\" id=\"section_712250581\">\n\t\t<div class=\"bg section-bg fill bg-fill  bg-loaded\" >\n\n\t\t\t\n\t\t\t\n\t\t\t\n\n\t\t<\/div>\n\n\t\t\n\n\t\t<div class=\"section-content relative\">\n\t\t\t\n<div class=\"row\"  id=\"row-1760088527\">\n\n\t<div id=\"col-2108391427\" class=\"col small-12 large-12\"  >\n\t\t\t\t<div class=\"col-inner\"  >\n\t\t\t\n\t\t\t\n<div class=\"row align-bottom\"  id=\"row-854116626\">\n\n\t<div id=\"col-1343639024\" class=\"col medium-12 small-12 large-12\"  >\n\t\t\t\t<div class=\"col-inner text-left\"  >\n\t\t\t\n\t\t\t\n\t<div id=\"gap-1720790499\" class=\"gap-element clearfix\" style=\"display:block; height:auto;\">\n\t\t\n<style>\n#gap-1720790499 {\n  padding-top: 50px;\n}\n<\/style>\n\t<\/div>\n\t\n\t\t<\/div>\n\t\t\t\t\t<\/div>\n\n\t\n<\/div>\n\t\t<\/div>\n\t\t\t\t\n<style>\n#col-2108391427 > .col-inner {\n  margin: 0px 0px -225px 0px;\n}\n<\/style>\n\t<\/div>\n\n\t\n<\/div>\n\t\t<\/div>\n\n\t\t\n<style>\n#section_712250581 {\n  padding-top: 80px;\n  padding-bottom: 80px;\n  background-color: rgb(158, 158, 158);\n}\n#section_712250581 .ux-shape-divider--top svg {\n  height: 150px;\n  --divider-top-width: 100%;\n}\n#section_712250581 .ux-shape-divider--bottom svg {\n  height: 150px;\n  --divider-width: 100%;\n}\n<\/style>\n\t<\/section>\n\t\n\n  <div class=\"banner has-hover show-for-small\" id=\"banner-1632064379\">\n          <div class=\"banner-inner fill\">\n        <div class=\"banner-bg fill\" >\n            <div class=\"bg fill bg-fill \"><\/div>\n                        <div class=\"overlay\"><\/div>            \n                    <\/div>\n\t\t\n        <div class=\"banner-layers container\">\n            <div class=\"fill banner-link\"><\/div>            \n\t<div class=\"img has-hover show-for-small x50 md-x50 lg-x50 y50 md-y50 lg-y50\" id=\"image_686420089\">\n\t\t\t\t\t\t\t\t<div class=\"img-inner dark\" >\n\t\t\t<img loading=\"lazy\" decoding=\"async\" width=\"618\" height=\"412\" src=\"https:\/\/staffingwr.com\/wp-content\/uploads\/2023\/07\/hotel.jpg\" class=\"attachment-large size-large\" alt=\"\" srcset=\"https:\/\/staffingwr.com\/wp-content\/uploads\/2023\/07\/hotel.jpg 618w, https:\/\/staffingwr.com\/wp-content\/uploads\/2023\/07\/hotel-600x400.jpg 600w\" sizes=\"(max-width: 618px) 100vw, 618px\" \/>\t\t\t\t\t\t\n\t\t\t\t\t<\/div>\n\t\t\t\t\t\t\t\t\n<style>\n#image_686420089 {\n  width: 100%;\n}\n<\/style>\n\t<\/div>\n\t\n        <\/div>\n      <\/div>\n\n            \n<style>\n#banner-1632064379 {\n  padding-top: 200px;\n}\n#banner-1632064379 .overlay {\n  background-color: rgb(158, 158, 158);\n}\n#banner-1632064379 .ux-shape-divider--top svg {\n  height: 150px;\n  --divider-top-width: 100%;\n}\n#banner-1632064379 .ux-shape-divider--bottom svg {\n  height: 150px;\n  --divider-width: 100%;\n}\n@media (min-width:550px) {\n  #banner-1632064379 {\n    padding-top: 250px;\n  }\n}\n<\/style>\n  <\/div>\n\n\n\t<section class=\"section show-for-small\" id=\"section_502799104\">\n\t\t<div class=\"bg section-bg fill bg-fill  bg-loaded\" >\n\n\t\t\t\n\t\t\t\n\t\t\t\n\n\t\t<\/div>\n\n\t\t\n\n\t\t<div class=\"section-content relative\">\n\t\t\t\n<div class=\"row\"  id=\"row-340979665\">\n\n\t<div id=\"col-1773609414\" class=\"col medium-11 small-12 large-10\"  >\n\t\t\t\t<div class=\"col-inner\" style=\"background-color:rgb(255,255,255);\" >\n\t\t\t\n\t\t\t\n\t<div id=\"text-763750859\" class=\"text\">\n\t\t\n<h3 style=\"text-align: center;\">HOUSEKEEPING<br \/>LABOR -PROFESIONAL LABOR<\/h3>\n\t\t\n<style>\n#text-763750859 {\n  font-size: 1.5rem;\n  text-align: right;\n}\n<\/style>\n\t<\/div>\n\t\n<p align=\"justify\"><span style=\"color: #282828;\"><strong>FUNCIONES<br \/><\/strong><\/span><br \/><span style=\"color: #282828;\">Un Labor y\/o Profesional Labor en housekeeping (tambi\u00e9n conocido como \u00abpersonal de limpieza\u00bb o \u00ablimpiador\/a\u00bb) tiene la responsabilidad de mantener la limpieza y el orden en hoteles, residencias, oficinas, hospitales u otros establecimientos. Sus funciones incluyen:<\/span><\/p>\n<p align=\"justify\"><span style=\"color: #282828;\"><strong>\u2022 Limpieza de habitaciones<\/strong>: Realizar la limpieza diaria de habitaciones, incluyendo hacer las camas, limpiar el polvo, aspirar alfombras, limpiar espejos y ventanas, y reponer suministros como toallas y papel higi\u00e9nico.<\/span><\/p>\n<p align=\"justify\"><span style=\"color: #282828;\"><strong>\u2022 Limpieza de \u00e1reas comunes<\/strong>: Mantener limpios y ordenados los pasillos, vest\u00edbulos, salas de estar, \u00e1reas de recepci\u00f3n y otros espacios comunes.<\/span><\/p>\n<p align=\"justify\"><span style=\"color: #282828;\"><strong>\u2022 Limpieza de ba\u00f1os:<\/strong> Limpiar y desinfectar los ba\u00f1os, incluyendo lavamanos, inodoros, ba\u00f1eras y duchas, y reponer suministros como papel higi\u00e9nico y jab\u00f3n.<br \/><\/span><br \/><span style=\"color: #282828;\"><strong>\u2022 Lavander\u00eda:<\/strong> Recoger, lavar, secar y planchar la ropa de cama, toallas y otros textiles utilizados en el establecimiento.<br \/><\/span><br \/><span style=\"color: #282828;\"><strong>\u2022 Manejo de suministros:<\/strong> Mantener un inventario de los suministros de limpieza y solicitar reposici\u00f3n cuando sea necesario.<br \/><\/span><br \/><span style=\"color: #282828;\"><strong>\u2022<\/strong> <strong>Control de calidad:<\/strong> Asegurarse de que todas las habitaciones y \u00e1reas comunes est\u00e9n limpias y bien presentadas de acuerdo con los est\u00e1ndares establecidos por el establecimiento.<br \/><\/span><br \/><span style=\"color: #282828;\"><strong>\u2022 Mantenimiento b\u00e1sico:<\/strong> Reportar cualquier problema de mantenimiento o da\u00f1o que se encuentre en las habitaciones o \u00e1reas comunes, como bombillas fundidas, grifos con fugas, etc.<br \/><\/span><br \/><span style=\"color: #282828;\"><strong>\u2022 Seguridad e higiene:<\/strong> Cumplir con las normas de seguridad e higiene establecidas en el lugar de trabajo para garantizar un ambiente seguro y limpio para los hu\u00e9spedes y el personal.<br \/><\/span><br \/><span style=\"color: #282828;\"><strong>\u2022 Atenci\u00f3n al cliente:<\/strong> Ser amable y servicial con los hu\u00e9spedes o clientes que puedan requerir asistencia durante su estad\u00eda.<br \/><\/span><br \/><span style=\"color: #282828;\"><strong>\u2022 Trabajo en equipo:<\/strong> Colaborar con otros miembros del personal de housekeeping y de otros departamentos para garantizar un servicio eficiente y de calidad en todo el establecimiento.\u00a0<\/span><\/p>\n<p align=\"justify\"><span style=\"color: #282828;\">El personal de housekeeping juega un papel crucial en la satisfacci\u00f3n de los hu\u00e9spedes y clientes, ya que una limpieza y mantenimiento adecuados son fundamentales para proporcionar una experiencia positiva en cualquier entorno, ya sea un hotel, una oficina o un hospital.<\/span><\/p>\n\t\t<\/div>\n\t\t\t\t\n<style>\n#col-1773609414 > .col-inner {\n  padding: 45px 45px 45px 45px;\n  margin: -50px 0px 0px 0px;\n}\n@media (min-width:550px) {\n  #col-1773609414 > .col-inner {\n    margin: -100px 0px 0px 0px;\n  }\n}\n@media (min-width:850px) {\n  #col-1773609414 > .col-inner {\n    margin: -240px 0px 0px 100px;\n  }\n}\n<\/style>\n\t<\/div>\n\n\t\n<\/div>\n\t\t<\/div>\n\n\t\t\n<style>\n#section_502799104 {\n  padding-top: 30px;\n  padding-bottom: 30px;\n  background-color: rgb(158, 158, 158);\n}\n#section_502799104 .ux-shape-divider--top svg {\n  height: 150px;\n  --divider-top-width: 100%;\n}\n#section_502799104 .ux-shape-divider--bottom svg {\n  height: 150px;\n  --divider-width: 100%;\n}\n<\/style>\n\t<\/section>\n\t\n","protected":false},"excerpt":{"rendered":"","protected":false},"author":1,"featured_media":0,"parent":0,"menu_order":0,"comment_status":"closed","ping_status":"closed","template":"page-transparent-header.php","meta":{"footnotes":""},"_links":{"self":[{"href":"https:\/\/staffingwr.com\/es\/wp-json\/wp\/v2\/pages\/2337"}],"collection":[{"href":"https:\/\/staffingwr.com\/es\/wp-json\/wp\/v2\/pages"}],"about":[{"href":"https:\/\/staffingwr.com\/es\/wp-json\/wp\/v2\/types\/page"}],"author":[{"embeddable":true,"href":"https:\/\/staffingwr.com\/es\/wp-json\/wp\/v2\/users\/1"}],"replies":[{"embeddable":true,"href":"https:\/\/staffingwr.com\/es\/wp-json\/wp\/v2\/comments?post=2337"}],"version-history":[{"count":1,"href":"https:\/\/staffingwr.com\/es\/wp-json\/wp\/v2\/pages\/2337\/revisions"}],"predecessor-version":[{"id":2338,"href":"https:\/\/staffingwr.com\/es\/wp-json\/wp\/v2\/pages\/2337\/revisions\/2338"}],"wp:attachment":[{"href":"https:\/\/staffingwr.com\/es\/wp-json\/wp\/v2\/media?parent=2337"}],"curies":[{"name":"wp","href":"https:\/\/api.w.org\/{rel}","templated":true}]}}