{"id":2347,"date":"2023-08-03T16:53:41","date_gmt":"2023-08-03T21:53:41","guid":{"rendered":"https:\/\/staffingwr.com\/?page_id=2347"},"modified":"2023-09-13T17:08:45","modified_gmt":"2023-09-13T22:08:45","slug":"trabajos-generales","status":"publish","type":"page","link":"https:\/\/staffingwr.com\/es\/trabajos-generales\/","title":{"rendered":"GENERAL WORK"},"content":{"rendered":"\t<section class=\"section dark hide-for-medium\" id=\"section_1158506625\">\n\t\t<div class=\"bg section-bg fill bg-fill  bg-loaded\" >\n\n\t\t\t\n\t\t\t\n\t\t\t\n\n\t\t<\/div>\n\n\t\t\n\n\t\t<div class=\"section-content relative\">\n\t\t\t\n<div class=\"row\"  id=\"row-1892005341\">\n\n\t<div id=\"col-1546248305\" class=\"col small-12 large-12\"  >\n\t\t\t\t<div class=\"col-inner\"  >\n\t\t\t\n\t\t\t\n<div class=\"row align-bottom\"  id=\"row-1067037906\">\n\n\t<div id=\"col-528042885\" class=\"col medium-12 small-12 large-12\"  >\n\t\t\t\t<div class=\"col-inner text-left\"  >\n\t\t\t\n\t\t\t\n\t<div id=\"gap-64174069\" class=\"gap-element clearfix\" style=\"display:block; height:auto;\">\n\t\t\n<style>\n#gap-64174069 {\n  padding-top: 50px;\n}\n<\/style>\n\t<\/div>\n\t\n\t<div class=\"img has-hover x md-x lg-x y md-y lg-y\" id=\"image_1349587014\">\n\t\t\t\t\t\t\t\t<div class=\"img-inner dark\" >\n\t\t\t<img loading=\"lazy\" decoding=\"async\" width=\"600\" height=\"400\" src=\"https:\/\/staffingwr.com\/wp-content\/uploads\/2023\/05\/mujertra.webp\" class=\"attachment-large size-large\" alt=\"\" \/>\t\t\t\t\t\t\n\t\t\t\t\t<\/div>\n\t\t\t\t\t\t\t\t\n<style>\n#image_1349587014 {\n  width: 37%;\n}\n<\/style>\n\t<\/div>\n\t\n\t\t<\/div>\n\t\t\t\t\t<\/div>\n\n\t\n<\/div>\n\t\t<\/div>\n\t\t\t\t\n<style>\n#col-1546248305 > .col-inner {\n  margin: 0px 0px -225px 0px;\n}\n<\/style>\n\t<\/div>\n\n\t\n<\/div>\n\t\t<\/div>\n\n\t\t\n<style>\n#section_1158506625 {\n  padding-top: 80px;\n  padding-bottom: 80px;\n  background-color: rgb(158, 158, 158);\n}\n#section_1158506625 .ux-shape-divider--top svg {\n  height: 150px;\n  --divider-top-width: 100%;\n}\n#section_1158506625 .ux-shape-divider--bottom svg {\n  height: 150px;\n  --divider-width: 100%;\n}\n<\/style>\n\t<\/section>\n\t\n\n  <div class=\"banner has-hover hide-for-medium\" id=\"banner-2096166260\">\n          <div class=\"banner-inner fill\">\n        <div class=\"banner-bg fill\" >\n            <div class=\"bg fill bg-fill \"><\/div>\n                        <div class=\"overlay\"><\/div>            \n                    <\/div>\n\t\t\n        <div class=\"banner-layers container\">\n            <div class=\"fill banner-link\"><\/div>            \n        <\/div>\n      <\/div>\n\n            \n<style>\n#banner-2096166260 {\n  padding-top: 0px;\n}\n#banner-2096166260 .overlay {\n  background-color: rgb(158, 158, 158);\n}\n#banner-2096166260 .ux-shape-divider--top svg {\n  height: 150px;\n  --divider-top-width: 100%;\n}\n#banner-2096166260 .ux-shape-divider--bottom svg {\n  height: 150px;\n  --divider-width: 100%;\n}\n@media (min-width:850px) {\n  #banner-2096166260 {\n    padding-top: 250px;\n  }\n}\n<\/style>\n  <\/div>\n\n\n\t<section class=\"section hide-for-medium\" id=\"section_1554030901\">\n\t\t<div class=\"bg section-bg fill bg-fill  bg-loaded\" >\n\n\t\t\t\n\t\t\t\n\t\t\t\n\n\t\t<\/div>\n\n\t\t\n\n\t\t<div class=\"section-content relative\">\n\t\t\t\n<div class=\"row\"  id=\"row-1108157211\">\n\n\t<div id=\"col-1750574365\" class=\"col medium-11 small-12 large-10\"  >\n\t\t\t\t<div class=\"col-inner\" style=\"background-color:rgb(255,255,255);\" >\n\t\t\t\n\t\t\t\n\t<div id=\"text-3647154828\" class=\"text\">\n\t\t\n<h3 style=\"text-align: center;\">TRABAJOS GENERALES<br \/>LABOR -PROFESIONAL LABOR<\/h3>\n\t\t\n<style>\n#text-3647154828 {\n  font-size: 1.5rem;\n  text-align: right;\n}\n<\/style>\n\t<\/div>\n\t\n<p align=\"justify\"><span style=\"color: #282828;\">Las funciones de un trabajo general puede variar ampliamente dependiendo del tipo de trabajo y el sector de la industria en el que se encuentre el Labor o Profesional Labor. Sin embargo, en trabajos generales, como en el sector de servicios, manufactura, construcci\u00f3n, almacenes, entre otros, se pueden encontrar tareas comunes. Algunas funciones t\u00edpicas de un trabajo general:<\/span><\/p>\n<p align=\"justify\"><span style=\"color: #282828;\"><strong>\u2022 Carga y descarga de mercanc\u00edas:<\/strong> En trabajos en almacenes, bodegas o log\u00edstica, los empleados pueden estar encargados de cargar y descargar mercanc\u00edas de camiones y estanter\u00edas.<\/span><\/p>\n<p align=\"justify\"><span style=\"color: #282828;\"><strong>\u2022 Ensamblaje de productos:<\/strong> En la industria manufacturera, los trabajadores pueden estar involucrados en la l\u00ednea de montaje o ensamblaje de productos.<\/span><\/p>\n<p align=\"justify\"><span style=\"color: #282828;\"><strong>\u2022 Operaci\u00f3n de maquinaria:<\/strong> En algunos trabajos industriales, los empleados pueden operar maquinaria y equipos para producir bienes o llevar a cabo tareas espec\u00edficas.<\/span><\/p>\n<p align=\"justify\"><span style=\"color: #282828;\"><strong>\u2022 Empaque y etiquetado:<\/strong> En almacenes y centros de distribuci\u00f3n, los trabajadores pueden estar encargados de empacar productos y etiquetarlos correctamente para su env\u00edo.<\/span><\/p>\n<p align=\"justify\"><span style=\"color: #282828;\"><strong>\u2022 Limpieza y mantenimiento:<\/strong> En diversos entornos laborales, los empleados pueden ser responsables de mantener limpias y ordenadas las \u00e1reas de trabajo y equipos.<\/span><\/p>\n<p align=\"justify\"><span style=\"color: #282828;\"><strong>\u2022 Atenci\u00f3n al cliente:<\/strong> En trabajos de servicio al cliente o ventas minoristas, los empleados pueden asistir a los clientes, responder preguntas y ayudar con las compras.<\/span><\/p>\n<p align=\"justify\"><span style=\"color: #282828;\"><strong>\u2022 Ayudante de construcci\u00f3n:<\/strong> En la industria de la construcci\u00f3n, los trabajadores pueden ayudar a los oficios especializados, cargar materiales, limpiar el sitio de trabajo, etc.<\/span><\/p>\n<p align=\"justify\"><span style=\"color: #282828;\"><strong>\u2022 Clasificaci\u00f3n y organizaci\u00f3n de productos:<\/strong> En almacenes o centros de distribuci\u00f3n, los empleados pueden clasificar y organizar productos para su almacenamiento y distribuci\u00f3n eficiente.<\/span><\/p>\n<p align=\"justify\"><span style=\"color: #282828;\">Es importante destacar que estas funciones son solo ejemplos generales y no una lista exhaustiva. Los trabajos generales pueden variar ampliamente en sus tareas y responsabilidades seg\u00fan la industria, el empleador y el nivel de experiencia requerido. Adem\u00e1s, las regulaciones y condiciones laborales pueden variar seg\u00fan el estado y el tipo de empleo, por lo que es fundamental estar informado sobre los detalles espec\u00edficos del trabajo en cuesti\u00f3n.<\/span><\/p>\n\t\t<\/div>\n\t\t\t\t\n<style>\n#col-1750574365 > .col-inner {\n  padding: 45px 45px 45px 45px;\n  margin: - 0px 0px 0px;\n}\n@media (min-width:550px) {\n  #col-1750574365 > .col-inner {\n    margin: -100px 0px 0px 0px;\n  }\n}\n@media (min-width:850px) {\n  #col-1750574365 > .col-inner {\n    margin: -240px 0px 0px 100px;\n  }\n}\n<\/style>\n\t<\/div>\n\n\t\n<\/div>\n\t\t<\/div>\n\n\t\t\n<style>\n#section_1554030901 {\n  padding-top: 30px;\n  padding-bottom: 30px;\n  background-color: rgb(158, 158, 158);\n}\n#section_1554030901 .ux-shape-divider--top svg {\n  height: 150px;\n  --divider-top-width: 100%;\n}\n#section_1554030901 .ux-shape-divider--bottom svg {\n  height: 150px;\n  --divider-width: 100%;\n}\n<\/style>\n\t<\/section>\n\t\n\t<section class=\"section dark show-for-medium hide-for-small\" id=\"section_828427568\">\n\t\t<div class=\"bg section-bg fill bg-fill  bg-loaded\" >\n\n\t\t\t\n\t\t\t\n\t\t\t\n\n\t\t<\/div>\n\n\t\t\n\n\t\t<div class=\"section-content relative\">\n\t\t\t\n<div class=\"row\"  id=\"row-1968296392\">\n\n\t<div id=\"col-1400893595\" class=\"col small-12 large-12\"  >\n\t\t\t\t<div class=\"col-inner\"  >\n\t\t\t\n\t\t\t\n<div class=\"row align-bottom\"  id=\"row-764897906\">\n\n\t<div id=\"col-1206221509\" class=\"col medium-12 small-12 large-12\"  >\n\t\t\t\t<div class=\"col-inner text-left\"  >\n\t\t\t\n\t\t\t\n\t<div id=\"gap-381212485\" class=\"gap-element clearfix\" style=\"display:block; height:auto;\">\n\t\t\n<style>\n#gap-381212485 {\n  padding-top: 50px;\n}\n<\/style>\n\t<\/div>\n\t\n\t<div class=\"img has-hover x md-x lg-x y md-y lg-y\" id=\"image_826592562\">\n\t\t\t\t\t\t\t\t<div class=\"img-inner dark\" >\n\t\t\t<img loading=\"lazy\" decoding=\"async\" width=\"600\" height=\"400\" src=\"https:\/\/staffingwr.com\/wp-content\/uploads\/2023\/05\/mujertra.webp\" class=\"attachment-large size-large\" alt=\"\" \/>\t\t\t\t\t\t\n\t\t\t\t\t<\/div>\n\t\t\t\t\t\t\t\t\n<style>\n#image_826592562 {\n  width: 37%;\n}\n<\/style>\n\t<\/div>\n\t\n\t\t<\/div>\n\t\t\t\t\t<\/div>\n\n\t\n<\/div>\n\t\t<\/div>\n\t\t\t\t\n<style>\n#col-1400893595 > .col-inner {\n  margin: 0px 0px -100px 0px;\n}\n@media (min-width:850px) {\n  #col-1400893595 > .col-inner {\n    margin: 0px 0px -225px 0px;\n  }\n}\n<\/style>\n\t<\/div>\n\n\t\n<\/div>\n\t\t<\/div>\n\n\t\t\n<style>\n#section_828427568 {\n  padding-top: 80px;\n  padding-bottom: 80px;\n  background-color: rgb(158, 158, 158);\n}\n#section_828427568 .ux-shape-divider--top svg {\n  height: 150px;\n  --divider-top-width: 100%;\n}\n#section_828427568 .ux-shape-divider--bottom svg {\n  height: 150px;\n  --divider-width: 100%;\n}\n<\/style>\n\t<\/section>\n\t\n\t<section class=\"section show-for-medium hide-for-small\" id=\"section_1577744507\">\n\t\t<div class=\"bg section-bg fill bg-fill  bg-loaded\" >\n\n\t\t\t\n\t\t\t\n\t\t\t\n\n\t\t<\/div>\n\n\t\t\n\n\t\t<div class=\"section-content relative\">\n\t\t\t\n<div class=\"row\"  id=\"row-122160352\">\n\n\t<div id=\"col-739154732\" class=\"col medium-12 small-12 large-10\"  >\n\t\t\t\t<div class=\"col-inner\" style=\"background-color:rgb(255,255,255);\" >\n\t\t\t\n\t\t\t\n\t<div id=\"text-3242921426\" class=\"text\">\n\t\t\n<h3 style=\"text-align: center;\">TRABAJOS GENERALES<br \/>LABOR -PROFESIONAL LABOR<\/h3>\n\t\t\n<style>\n#text-3242921426 {\n  font-size: 1.5rem;\n  text-align: right;\n}\n<\/style>\n\t<\/div>\n\t\n<p align=\"justify\"><span style=\"color: #282828;\">Las funciones de un trabajo general puede variar ampliamente dependiendo del tipo de trabajo y el sector de la industria en el que se encuentre el Labor o Profesional Labor. Sin embargo, en trabajos generales, como en el sector de servicios, manufactura, construcci\u00f3n, almacenes, entre otros, se pueden encontrar tareas comunes. Algunas funciones t\u00edpicas de un trabajo general:<\/span><\/p>\n<p align=\"justify\"><span style=\"color: #282828;\"><strong>\u2022 Carga y descarga de mercanc\u00edas:<\/strong> En trabajos en almacenes, bodegas o log\u00edstica, los empleados pueden estar encargados de cargar y descargar mercanc\u00edas de camiones y estanter\u00edas.<\/span><\/p>\n<p align=\"justify\"><span style=\"color: #282828;\"><strong>\u2022 Ensamblaje de productos:<\/strong> En la industria manufacturera, los trabajadores pueden estar involucrados en la l\u00ednea de montaje o ensamblaje de productos.<\/span><\/p>\n<p align=\"justify\"><span style=\"color: #282828;\"><strong>\u2022 Operaci\u00f3n de maquinaria:<\/strong> En algunos trabajos industriales, los empleados pueden operar maquinaria y equipos para producir bienes o llevar a cabo tareas espec\u00edficas.<\/span><\/p>\n<p align=\"justify\"><span style=\"color: #282828;\"><strong>\u2022 Empaque y etiquetado:<\/strong> En almacenes y centros de distribuci\u00f3n, los trabajadores pueden estar encargados de empacar productos y etiquetarlos correctamente para su env\u00edo.<\/span><\/p>\n<p align=\"justify\"><span style=\"color: #282828;\"><strong>\u2022 Limpieza y mantenimiento:<\/strong> En diversos entornos laborales, los empleados pueden ser responsables de mantener limpias y ordenadas las \u00e1reas de trabajo y equipos.<\/span><\/p>\n<p align=\"justify\"><span style=\"color: #282828;\"><strong>\u2022 Atenci\u00f3n al cliente:<\/strong> En trabajos de servicio al cliente o ventas minoristas, los empleados pueden asistir a los clientes, responder preguntas y ayudar con las compras.<\/span><\/p>\n<p align=\"justify\"><span style=\"color: #282828;\"><strong>\u2022 Ayudante de construcci\u00f3n:<\/strong> En la industria de la construcci\u00f3n, los trabajadores pueden ayudar a los oficios especializados, cargar materiales, limpiar el sitio de trabajo, etc.<\/span><\/p>\n<p align=\"justify\"><span style=\"color: #282828;\"><strong>\u2022 Clasificaci\u00f3n y organizaci\u00f3n de productos:<\/strong> En almacenes o centros de distribuci\u00f3n, los empleados pueden clasificar y organizar productos para su almacenamiento y distribuci\u00f3n eficiente.<\/span><\/p>\n<p align=\"justify\"><span style=\"color: #282828;\">Es importante destacar que estas funciones son solo ejemplos generales y no una lista exhaustiva. Los trabajos generales pueden variar ampliamente en sus tareas y responsabilidades seg\u00fan la industria, el empleador y el nivel de experiencia requerido. Adem\u00e1s, las regulaciones y condiciones laborales pueden variar seg\u00fan el estado y el tipo de empleo, por lo que es fundamental estar informado sobre los detalles espec\u00edficos del trabajo en cuesti\u00f3n.<\/span><\/p>\n\t\t<\/div>\n\t\t\t\t\n<style>\n#col-739154732 > .col-inner {\n  padding: 45px 45px 45px 45px;\n  margin: - 0px 0px 0px;\n}\n@media (min-width:550px) {\n  #col-739154732 > .col-inner {\n    margin: -100px 0px 0px 0px;\n  }\n}\n@media (min-width:850px) {\n  #col-739154732 > .col-inner {\n    margin: -240px 0px 0px 100px;\n  }\n}\n<\/style>\n\t<\/div>\n\n\t\n<\/div>\n\t\t<\/div>\n\n\t\t\n<style>\n#section_1577744507 {\n  padding-top: 30px;\n  padding-bottom: 30px;\n  background-color: rgb(158, 158, 158);\n}\n#section_1577744507 .ux-shape-divider--top svg {\n  height: 150px;\n  --divider-top-width: 100%;\n}\n#section_1577744507 .ux-shape-divider--bottom svg {\n  height: 150px;\n  --divider-width: 100%;\n}\n<\/style>\n\t<\/section>\n\t\n\t<section class=\"section dark show-for-small\" id=\"section_1816408456\">\n\t\t<div class=\"bg section-bg fill bg-fill  bg-loaded\" >\n\n\t\t\t\n\t\t\t\n\t\t\t\n\n\t\t<\/div>\n\n\t\t\n\n\t\t<div class=\"section-content relative\">\n\t\t\t\n<div class=\"row\"  id=\"row-1189030886\">\n\n\t<div id=\"col-1219127497\" class=\"col small-12 large-12\"  >\n\t\t\t\t<div class=\"col-inner\"  >\n\t\t\t\n\t\t\t\n<div class=\"row align-bottom\"  id=\"row-1507113987\">\n\n\t<div id=\"col-794259967\" class=\"col medium-12 small-12 large-12\"  >\n\t\t\t\t<div class=\"col-inner text-left\"  >\n\t\t\t\n\t\t\t\n\t<div id=\"gap-111073885\" class=\"gap-element clearfix\" style=\"display:block; height:auto;\">\n\t\t\n<style>\n#gap-111073885 {\n  padding-top: 50px;\n}\n<\/style>\n\t<\/div>\n\t\n\t\t<\/div>\n\t\t\t\t\t<\/div>\n\n\t\n<\/div>\n\t\t<\/div>\n\t\t\t\t\n<style>\n#col-1219127497 > .col-inner {\n  margin: 0px 0px -225px 0px;\n}\n<\/style>\n\t<\/div>\n\n\t\n<\/div>\n\t\t<\/div>\n\n\t\t\n<style>\n#section_1816408456 {\n  padding-top: 80px;\n  padding-bottom: 80px;\n  background-color: rgb(158, 158, 158);\n}\n#section_1816408456 .ux-shape-divider--top svg {\n  height: 150px;\n  --divider-top-width: 100%;\n}\n#section_1816408456 .ux-shape-divider--bottom svg {\n  height: 150px;\n  --divider-width: 100%;\n}\n<\/style>\n\t<\/section>\n\t\n\n  <div class=\"banner has-hover show-for-small\" id=\"banner-1567203477\">\n          <div class=\"banner-inner fill\">\n        <div class=\"banner-bg fill\" >\n            <div class=\"bg fill bg-fill \"><\/div>\n                        <div class=\"overlay\"><\/div>            \n                    <\/div>\n\t\t\n        <div class=\"banner-layers container\">\n            <div class=\"fill banner-link\"><\/div>            \n\t<div class=\"img has-hover show-for-small x50 md-x50 lg-x50 y50 md-y50 lg-y50\" id=\"image_1417869744\">\n\t\t\t\t\t\t\t\t<div class=\"img-inner dark\" >\n\t\t\t<img loading=\"lazy\" decoding=\"async\" width=\"600\" height=\"400\" src=\"https:\/\/staffingwr.com\/wp-content\/uploads\/2023\/05\/mujertra.webp\" class=\"attachment-large size-large\" alt=\"\" \/>\t\t\t\t\t\t\n\t\t\t\t\t<\/div>\n\t\t\t\t\t\t\t\t\n<style>\n#image_1417869744 {\n  width: 100%;\n}\n<\/style>\n\t<\/div>\n\t\n        <\/div>\n      <\/div>\n\n            \n<style>\n#banner-1567203477 {\n  padding-top: 200px;\n}\n#banner-1567203477 .overlay {\n  background-color: rgb(158, 158, 158);\n}\n#banner-1567203477 .ux-shape-divider--top svg {\n  height: 150px;\n  --divider-top-width: 100%;\n}\n#banner-1567203477 .ux-shape-divider--bottom svg {\n  height: 150px;\n  --divider-width: 100%;\n}\n@media (min-width:550px) {\n  #banner-1567203477 {\n    padding-top: 250px;\n  }\n}\n<\/style>\n  <\/div>\n\n\n\t<section class=\"section show-for-small\" id=\"section_1746688928\">\n\t\t<div class=\"bg section-bg fill bg-fill  bg-loaded\" >\n\n\t\t\t\n\t\t\t\n\t\t\t\n\n\t\t<\/div>\n\n\t\t\n\n\t\t<div class=\"section-content relative\">\n\t\t\t\n<div class=\"row\"  id=\"row-919601286\">\n\n\t<div id=\"col-756405709\" class=\"col medium-11 small-12 large-10\"  >\n\t\t\t\t<div class=\"col-inner\" style=\"background-color:rgb(255,255,255);\" >\n\t\t\t\n\t\t\t\n\t<div id=\"text-533282105\" class=\"text\">\n\t\t\n<h3 style=\"text-align: center;\">TRABAJOS GENERALES<br \/>LABOR -PROFESIONAL LABOR<\/h3>\n\t\t\n<style>\n#text-533282105 {\n  font-size: 1.5rem;\n  text-align: right;\n}\n<\/style>\n\t<\/div>\n\t\n<p align=\"justify\"><span style=\"color: #282828;\">Las funciones de un trabajo general puede variar ampliamente dependiendo del tipo de trabajo y el sector de la industria en el que se encuentre el Labor o Profesional Labor. Sin embargo, en trabajos generales, como en el sector de servicios, manufactura, construcci\u00f3n, almacenes, entre otros, se pueden encontrar tareas comunes. Algunas funciones t\u00edpicas de un trabajo general:<\/span><\/p>\n<p align=\"justify\"><span style=\"color: #282828;\"><strong>\u2022 Carga y descarga de mercanc\u00edas:<\/strong> En trabajos en almacenes, bodegas o log\u00edstica, los empleados pueden estar encargados de cargar y descargar mercanc\u00edas de camiones y estanter\u00edas.<\/span><\/p>\n<p align=\"justify\"><span style=\"color: #282828;\"><strong>\u2022 Ensamblaje de productos:<\/strong> En la industria manufacturera, los trabajadores pueden estar involucrados en la l\u00ednea de montaje o ensamblaje de productos.<\/span><\/p>\n<p align=\"justify\"><span style=\"color: #282828;\"><strong>\u2022 Operaci\u00f3n de maquinaria:<\/strong> En algunos trabajos industriales, los empleados pueden operar maquinaria y equipos para producir bienes o llevar a cabo tareas espec\u00edficas.<\/span><\/p>\n<p align=\"justify\"><span style=\"color: #282828;\"><strong>\u2022 Empaque y etiquetado:<\/strong> En almacenes y centros de distribuci\u00f3n, los trabajadores pueden estar encargados de empacar productos y etiquetarlos correctamente para su env\u00edo.<\/span><\/p>\n<p align=\"justify\"><span style=\"color: #282828;\"><strong>\u2022 Limpieza y mantenimiento:<\/strong> En diversos entornos laborales, los empleados pueden ser responsables de mantener limpias y ordenadas las \u00e1reas de trabajo y equipos.<\/span><\/p>\n<p align=\"justify\"><span style=\"color: #282828;\"><strong>\u2022 Atenci\u00f3n al cliente:<\/strong> En trabajos de servicio al cliente o ventas minoristas, los empleados pueden asistir a los clientes, responder preguntas y ayudar con las compras.<\/span><\/p>\n<p align=\"justify\"><span style=\"color: #282828;\"><strong>\u2022 Ayudante de construcci\u00f3n:<\/strong> En la industria de la construcci\u00f3n, los trabajadores pueden ayudar a los oficios especializados, cargar materiales, limpiar el sitio de trabajo, etc.<\/span><\/p>\n<p align=\"justify\"><span style=\"color: #282828;\"><strong>\u2022 Clasificaci\u00f3n y organizaci\u00f3n de productos:<\/strong> En almacenes o centros de distribuci\u00f3n, los empleados pueden clasificar y organizar productos para su almacenamiento y distribuci\u00f3n eficiente.<\/span><\/p>\n<p align=\"justify\"><span style=\"color: #282828;\">Es importante destacar que estas funciones son solo ejemplos generales y no una lista exhaustiva. Los trabajos generales pueden variar ampliamente en sus tareas y responsabilidades seg\u00fan la industria, el empleador y el nivel de experiencia requerido. Adem\u00e1s, las regulaciones y condiciones laborales pueden variar seg\u00fan el estado y el tipo de empleo, por lo que es fundamental estar informado sobre los detalles espec\u00edficos del trabajo en cuesti\u00f3n.<\/span><\/p>\n\t\t<\/div>\n\t\t\t\t\n<style>\n#col-756405709 > .col-inner {\n  padding: 45px 45px 45px 45px;\n  margin: -50px 0px 0px 0px;\n}\n@media (min-width:550px) {\n  #col-756405709 > .col-inner {\n    margin: -100px 0px 0px 0px;\n  }\n}\n@media (min-width:850px) {\n  #col-756405709 > .col-inner {\n    margin: -240px 0px 0px 100px;\n  }\n}\n<\/style>\n\t<\/div>\n\n\t\n<\/div>\n\t\t<\/div>\n\n\t\t\n<style>\n#section_1746688928 {\n  padding-top: 30px;\n  padding-bottom: 30px;\n  background-color: rgb(158, 158, 158);\n}\n#section_1746688928 .ux-shape-divider--top svg {\n  height: 150px;\n  --divider-top-width: 100%;\n}\n#section_1746688928 .ux-shape-divider--bottom svg {\n  height: 150px;\n  --divider-width: 100%;\n}\n<\/style>\n\t<\/section>\n\t\n","protected":false},"excerpt":{"rendered":"","protected":false},"author":1,"featured_media":0,"parent":0,"menu_order":0,"comment_status":"closed","ping_status":"closed","template":"page-transparent-header.php","meta":{"footnotes":""},"_links":{"self":[{"href":"https:\/\/staffingwr.com\/es\/wp-json\/wp\/v2\/pages\/2347"}],"collection":[{"href":"https:\/\/staffingwr.com\/es\/wp-json\/wp\/v2\/pages"}],"about":[{"href":"https:\/\/staffingwr.com\/es\/wp-json\/wp\/v2\/types\/page"}],"author":[{"embeddable":true,"href":"https:\/\/staffingwr.com\/es\/wp-json\/wp\/v2\/users\/1"}],"replies":[{"embeddable":true,"href":"https:\/\/staffingwr.com\/es\/wp-json\/wp\/v2\/comments?post=2347"}],"version-history":[{"count":4,"href":"https:\/\/staffingwr.com\/es\/wp-json\/wp\/v2\/pages\/2347\/revisions"}],"predecessor-version":[{"id":2367,"href":"https:\/\/staffingwr.com\/es\/wp-json\/wp\/v2\/pages\/2347\/revisions\/2367"}],"wp:attachment":[{"href":"https:\/\/staffingwr.com\/es\/wp-json\/wp\/v2\/media?parent=2347"}],"curies":[{"name":"wp","href":"https:\/\/api.w.org\/{rel}","templated":true}]}}