{"id":2352,"date":"2023-08-03T15:59:37","date_gmt":"2023-08-03T20:59:37","guid":{"rendered":"https:\/\/staffingwr.com\/?page_id=2352"},"modified":"2023-09-13T17:22:26","modified_gmt":"2023-09-13T22:22:26","slug":"cocina","status":"publish","type":"page","link":"https:\/\/staffingwr.com\/es\/cocina\/","title":{"rendered":"COCINA"},"content":{"rendered":"\t<section class=\"section dark hide-for-medium\" id=\"section_824856747\">\n\t\t<div class=\"bg section-bg fill bg-fill  bg-loaded\" >\n\n\t\t\t\n\t\t\t\n\t\t\t\n\n\t\t<\/div>\n\n\t\t\n\n\t\t<div class=\"section-content relative\">\n\t\t\t\n<div class=\"row\"  id=\"row-1318650826\">\n\n\t<div id=\"col-901072443\" class=\"col small-12 large-12\"  >\n\t\t\t\t<div class=\"col-inner\"  >\n\t\t\t\n\t\t\t\n<div class=\"row align-bottom\"  id=\"row-1441462344\">\n\n\t<div id=\"col-1162441371\" class=\"col medium-12 small-12 large-12\"  >\n\t\t\t\t<div class=\"col-inner text-left\"  >\n\t\t\t\n\t\t\t\n\t<div id=\"gap-1335905409\" class=\"gap-element clearfix\" style=\"display:block; height:auto;\">\n\t\t\n<style>\n#gap-1335905409 {\n  padding-top: 50px;\n}\n<\/style>\n\t<\/div>\n\t\n\t<div class=\"img has-hover x md-x lg-x y md-y lg-y\" id=\"image_2002053054\">\n\t\t\t\t\t\t\t\t<div class=\"img-inner dark\" >\n\t\t\t<img loading=\"lazy\" decoding=\"async\" width=\"1020\" height=\"680\" src=\"https:\/\/staffingwr.com\/wp-content\/uploads\/2023\/07\/cocian-1200x800.jpg\" class=\"attachment-large size-large\" alt=\"\" srcset=\"https:\/\/staffingwr.com\/wp-content\/uploads\/2023\/07\/cocian-1200x800.jpg 1200w, https:\/\/staffingwr.com\/wp-content\/uploads\/2023\/07\/cocian-600x400.jpg 600w, https:\/\/staffingwr.com\/wp-content\/uploads\/2023\/07\/cocian-768x512.jpg 768w, https:\/\/staffingwr.com\/wp-content\/uploads\/2023\/07\/cocian-1536x1024.jpg 1536w, https:\/\/staffingwr.com\/wp-content\/uploads\/2023\/07\/cocian.jpg 1600w\" sizes=\"(max-width: 1020px) 100vw, 1020px\" \/>\t\t\t\t\t\t\n\t\t\t\t\t<\/div>\n\t\t\t\t\t\t\t\t\n<style>\n#image_2002053054 {\n  width: 37%;\n}\n<\/style>\n\t<\/div>\n\t\n\t\t<\/div>\n\t\t\t\t\t<\/div>\n\n\t\n<\/div>\n\t\t<\/div>\n\t\t\t\t\n<style>\n#col-901072443 > .col-inner {\n  margin: 0px 0px -225px 0px;\n}\n<\/style>\n\t<\/div>\n\n\t\n<\/div>\n\t\t<\/div>\n\n\t\t\n<style>\n#section_824856747 {\n  padding-top: 80px;\n  padding-bottom: 80px;\n  background-color: rgb(158, 158, 158);\n}\n#section_824856747 .ux-shape-divider--top svg {\n  height: 150px;\n  --divider-top-width: 100%;\n}\n#section_824856747 .ux-shape-divider--bottom svg {\n  height: 150px;\n  --divider-width: 100%;\n}\n<\/style>\n\t<\/section>\n\t\n\n  <div class=\"banner has-hover hide-for-medium\" id=\"banner-1030646231\">\n          <div class=\"banner-inner fill\">\n        <div class=\"banner-bg fill\" >\n            <div class=\"bg fill bg-fill \"><\/div>\n                        <div class=\"overlay\"><\/div>            \n                    <\/div>\n\t\t\n        <div class=\"banner-layers container\">\n            <div class=\"fill banner-link\"><\/div>            \n        <\/div>\n      <\/div>\n\n            \n<style>\n#banner-1030646231 {\n  padding-top: 0px;\n}\n#banner-1030646231 .overlay {\n  background-color: rgb(158, 158, 158);\n}\n#banner-1030646231 .ux-shape-divider--top svg {\n  height: 150px;\n  --divider-top-width: 100%;\n}\n#banner-1030646231 .ux-shape-divider--bottom svg {\n  height: 150px;\n  --divider-width: 100%;\n}\n@media (min-width:850px) {\n  #banner-1030646231 {\n    padding-top: 250px;\n  }\n}\n<\/style>\n  <\/div>\n\n\n\t<section class=\"section hide-for-medium\" id=\"section_276002354\">\n\t\t<div class=\"bg section-bg fill bg-fill  bg-loaded\" >\n\n\t\t\t\n\t\t\t\n\t\t\t\n\n\t\t<\/div>\n\n\t\t\n\n\t\t<div class=\"section-content relative\">\n\t\t\t\n<div class=\"row\"  id=\"row-1039956289\">\n\n\t<div id=\"col-2061039401\" class=\"col medium-11 small-12 large-10\"  >\n\t\t\t\t<div class=\"col-inner\" style=\"background-color:rgb(255,255,255);\" >\n\t\t\t\n\t\t\t\n\t<div id=\"text-1629684647\" class=\"text\">\n\t\t\n<h3 style=\"text-align: center;\">COCINA<br \/>LABOR -PROFESIONAL LABOR<\/h3>\n\t\t\n<style>\n#text-1629684647 {\n  font-size: 1.5rem;\n  text-align: right;\n}\n<\/style>\n\t<\/div>\n\t\n<p><span style=\"color: #282828;\">Las funciones de un Labor y\/o Profesional Labor en cocina depende del tipo de establecimiento, tama\u00f1o de la cocina y la especializaci\u00f3n del restaurante o lugar de trabajo. Sin embargo, a continuaci\u00f3n, se presentan algunas funciones comunes que un labor en cocina podr\u00eda realizar:<\/span><\/p>\n<p><span style=\"color: #282828;\"><strong>\u2022 Preparaci\u00f3n de ingredientes:<\/strong> Ayudar en la preparaci\u00f3n de ingredientes para los platos, como cortar y picar vegetales, carne, pescado y otros alimentos.<\/span><\/p>\n<p><span style=\"color: #282828;\"><strong>\u2022 Cocinar platos sencillos:<\/strong> Preparar platos b\u00e1sicos bajo la supervisi\u00f3n de chefs o cocineros m\u00e1s experimentados, como guarniciones, salsas o aperitivos.<\/span><\/p>\n<p><span style=\"color: #282828;\"><strong>\u2022 Limpieza y organizaci\u00f3n:<\/strong> Mantener la cocina limpia y organizada, lavar los utensilios de cocina y mantener el \u00e1rea de trabajo ordenada.<\/span><\/p>\n<p><span style=\"color: #282828;\"><strong>\u2022 Ayuda en la elaboraci\u00f3n de platos principales:<\/strong> Asistir en la preparaci\u00f3n de platos principales y especialidades del men\u00fa, siguiendo las recetas y directrices del chef.<\/span><\/p>\n<p><span style=\"color: #282828;\"><strong>\u2022 Montaje de platos:<\/strong> Ayudar en el montaje de platos, asegur\u00e1ndose de que se presenten de manera atractiva antes de servirlos.<\/span><\/p>\n<p><span style=\"color: #282828;\"><strong>\u2022 Asistencia en la parrilla o plancha:<\/strong> Ayudar en la preparaci\u00f3n de carnes, pescados y otros alimentos a la parrilla o plancha.<\/span><\/p>\n<p><span style=\"color: #282828;\"><strong>\u2022 Limpieza de utensilios y equipos:<\/strong> Lavar y mantener limpios los utensilios de cocina y los equipos utilizados durante el servicio.<\/span><\/p>\n<p><span style=\"color: #282828;\"><strong>\u2022 Control de calidad:<\/strong> Ayudar en el aseguramiento de la calidad de los platos, garantizando que se cumplan los est\u00e1ndares establecidos por el chef o el restaurante.<\/span><\/p>\n<p><span style=\"color: #282828;\"><strong>\u2022 Mantenimiento de las normas de seguridad e higiene:<\/strong> Cumplir con las normas de seguridad e higiene alimentaria, asegur\u00e1ndose de que la cocina cumpla con los est\u00e1ndares de limpieza y sanidad.<\/span><\/p>\n<p><span style=\"color: #282828;\"><strong>\u2022 Colaboraci\u00f3n con el equipo de cocina:<\/strong> Trabajar en equipo con otros miembros del personal de cocina, siguiendo las instrucciones y cooperando para garantizar un servicio eficiente y de calidad.<\/span><\/p>\n<p><span style=\"color: #282828;\">Es importante mencionar que el trabajo en una cocina puede ser agitado y requiere habilidades organizativas, capacidad para trabajar bajo presi\u00f3n y adaptabilidad para enfrentar situaciones cambiantes. Las labores en cocina son una parte crucial del equipo de cocina y contribuyen directamente al \u00e9xito de la preparaci\u00f3n y presentaci\u00f3n de los platos que se sirven en el establecimiento.<\/span><\/p>\n\t\t<\/div>\n\t\t\t\t\n<style>\n#col-2061039401 > .col-inner {\n  padding: 45px 45px 45px 45px;\n  margin: - 0px 0px 0px;\n}\n@media (min-width:550px) {\n  #col-2061039401 > .col-inner {\n    margin: -100px 0px 0px 0px;\n  }\n}\n@media (min-width:850px) {\n  #col-2061039401 > .col-inner {\n    margin: -240px 0px 0px 100px;\n  }\n}\n<\/style>\n\t<\/div>\n\n\t\n<\/div>\n\t\t<\/div>\n\n\t\t\n<style>\n#section_276002354 {\n  padding-top: 30px;\n  padding-bottom: 30px;\n  background-color: rgb(158, 158, 158);\n}\n#section_276002354 .ux-shape-divider--top svg {\n  height: 150px;\n  --divider-top-width: 100%;\n}\n#section_276002354 .ux-shape-divider--bottom svg {\n  height: 150px;\n  --divider-width: 100%;\n}\n<\/style>\n\t<\/section>\n\t\n\t<section class=\"section dark show-for-medium hide-for-small\" id=\"section_194886975\">\n\t\t<div class=\"bg section-bg fill bg-fill  bg-loaded\" >\n\n\t\t\t\n\t\t\t\n\t\t\t\n\n\t\t<\/div>\n\n\t\t\n\n\t\t<div class=\"section-content relative\">\n\t\t\t\n<div class=\"row\"  id=\"row-1059877062\">\n\n\t<div id=\"col-1369452068\" class=\"col small-12 large-12\"  >\n\t\t\t\t<div class=\"col-inner\"  >\n\t\t\t\n\t\t\t\n<div class=\"row align-bottom\"  id=\"row-484658989\">\n\n\t<div id=\"col-1461097402\" class=\"col medium-12 small-12 large-12\"  >\n\t\t\t\t<div class=\"col-inner text-left\"  >\n\t\t\t\n\t\t\t\n\t<div id=\"gap-1486564473\" class=\"gap-element clearfix\" style=\"display:block; height:auto;\">\n\t\t\n<style>\n#gap-1486564473 {\n  padding-top: 50px;\n}\n<\/style>\n\t<\/div>\n\t\n\t<div class=\"img has-hover x md-x lg-x y md-y lg-y\" id=\"image_1439447941\">\n\t\t\t\t\t\t\t\t<div class=\"img-inner dark\" >\n\t\t\t<img loading=\"lazy\" decoding=\"async\" width=\"1020\" height=\"680\" src=\"https:\/\/staffingwr.com\/wp-content\/uploads\/2023\/07\/cocian-1200x800.jpg\" class=\"attachment-large size-large\" alt=\"\" srcset=\"https:\/\/staffingwr.com\/wp-content\/uploads\/2023\/07\/cocian-1200x800.jpg 1200w, https:\/\/staffingwr.com\/wp-content\/uploads\/2023\/07\/cocian-600x400.jpg 600w, https:\/\/staffingwr.com\/wp-content\/uploads\/2023\/07\/cocian-768x512.jpg 768w, https:\/\/staffingwr.com\/wp-content\/uploads\/2023\/07\/cocian-1536x1024.jpg 1536w, https:\/\/staffingwr.com\/wp-content\/uploads\/2023\/07\/cocian.jpg 1600w\" sizes=\"(max-width: 1020px) 100vw, 1020px\" \/>\t\t\t\t\t\t\n\t\t\t\t\t<\/div>\n\t\t\t\t\t\t\t\t\n<style>\n#image_1439447941 {\n  width: 37%;\n}\n<\/style>\n\t<\/div>\n\t\n\t\t<\/div>\n\t\t\t\t\t<\/div>\n\n\t\n<\/div>\n\t\t<\/div>\n\t\t\t\t\n<style>\n#col-1369452068 > .col-inner {\n  margin: 0px 0px -100px 0px;\n}\n@media (min-width:850px) {\n  #col-1369452068 > .col-inner {\n    margin: 0px 0px -225px 0px;\n  }\n}\n<\/style>\n\t<\/div>\n\n\t\n<\/div>\n\t\t<\/div>\n\n\t\t\n<style>\n#section_194886975 {\n  padding-top: 80px;\n  padding-bottom: 80px;\n  background-color: rgb(158, 158, 158);\n}\n#section_194886975 .ux-shape-divider--top svg {\n  height: 150px;\n  --divider-top-width: 100%;\n}\n#section_194886975 .ux-shape-divider--bottom svg {\n  height: 150px;\n  --divider-width: 100%;\n}\n<\/style>\n\t<\/section>\n\t\n\t<section class=\"section show-for-medium hide-for-small\" id=\"section_1362033481\">\n\t\t<div class=\"bg section-bg fill bg-fill  bg-loaded\" >\n\n\t\t\t\n\t\t\t\n\t\t\t\n\n\t\t<\/div>\n\n\t\t\n\n\t\t<div class=\"section-content relative\">\n\t\t\t\n<div class=\"row\"  id=\"row-1004609989\">\n\n\t<div id=\"col-235366897\" class=\"col medium-12 small-12 large-10\"  >\n\t\t\t\t<div class=\"col-inner\" style=\"background-color:rgb(255,255,255);\" >\n\t\t\t\n\t\t\t\n\t<div id=\"text-809789996\" class=\"text\">\n\t\t\n<h3 style=\"text-align: center;\">COCINA<br \/>LABOR -PROFESIONAL LABOR<\/h3>\n\t\t\n<style>\n#text-809789996 {\n  font-size: 1.5rem;\n  text-align: right;\n}\n<\/style>\n\t<\/div>\n\t\n<p align=\"justify\"><span style=\"color: #282828;\">Las funciones de un Labor y\/o Profesional Labor en cocina depende del tipo de establecimiento, tama\u00f1o de la cocina y la especializaci\u00f3n del restaurante o lugar de trabajo. Sin embargo, a continuaci\u00f3n, se presentan algunas funciones comunes que un labor en cocina podr\u00eda realizar:<\/span><\/p>\n<p><span style=\"color: #282828;\"><strong>\u2022 Preparaci\u00f3n de ingredientes:<\/strong> Ayudar en la preparaci\u00f3n de ingredientes para los platos, como cortar y picar vegetales, carne, pescado y otros alimentos.<\/span><\/p>\n<p align=\"justify\"><span style=\"color: #282828;\"><strong>\u2022 Cocinar platos sencillos:<\/strong> Preparar platos b\u00e1sicos bajo la supervisi\u00f3n de chefs o cocineros m\u00e1s experimentados, como guarniciones, salsas o aperitivos.<\/span><\/p>\n<p align=\"justify\"><span style=\"color: #282828;\"><strong>\u2022 Limpieza y organizaci\u00f3n:<\/strong> Mantener la cocina limpia y organizada, lavar los utensilios de cocina y mantener el \u00e1rea de trabajo ordenada.<\/span><\/p>\n<p align=\"justify\"><span style=\"color: #282828;\"><strong>\u2022 Ayuda en la elaboraci\u00f3n de platos principales:<\/strong> Asistir en la preparaci\u00f3n de platos principales y especialidades del men\u00fa, siguiendo las recetas y directrices del chef.<\/span><\/p>\n<p align=\"justify\"><span style=\"color: #282828;\"><strong>\u2022 Montaje de platos:<\/strong> Ayudar en el montaje de platos, asegur\u00e1ndose de que se presenten de manera atractiva antes de servirlos.<\/span><\/p>\n<p align=\"justify\"><span style=\"color: #282828;\"><strong>\u2022 Asistencia en la parrilla o plancha:<\/strong> Ayudar en la preparaci\u00f3n de carnes, pescados y otros alimentos a la parrilla o plancha.<\/span><\/p>\n<p align=\"justify\"><span style=\"color: #282828;\"><strong>\u2022 Limpieza de utensilios y equipos:<\/strong> Lavar y mantener limpios los utensilios de cocina y los equipos utilizados durante el servicio.<\/span><\/p>\n<p align=\"justify\"><span style=\"color: #282828;\"><strong>\u2022 Control de calidad:<\/strong> Ayudar en el aseguramiento de la calidad de los platos, garantizando que se cumplan los est\u00e1ndares establecidos por el chef o el restaurante.<\/span><\/p>\n<p align=\"justify\"><span style=\"color: #282828;\"><strong>\u2022 Mantenimiento de las normas de seguridad e higiene:<\/strong> Cumplir con las normas de seguridad e higiene alimentaria, asegur\u00e1ndose de que la cocina cumpla con los est\u00e1ndares de limpieza y sanidad.<\/span><\/p>\n<p align=\"justify\"><span style=\"color: #282828;\"><strong>\u2022 Colaboraci\u00f3n con el equipo de cocina:<\/strong> Trabajar en equipo con otros miembros del personal de cocina, siguiendo las instrucciones y cooperando para garantizar un servicio eficiente y de calidad.<\/span><\/p>\n<p><span style=\"color: #282828;\">Es importante mencionar que el trabajo en una cocina puede ser agitado y requiere habilidades organizativas, capacidad para trabajar bajo presi\u00f3n y adaptabilidad para enfrentar situaciones cambiantes. Las labores en cocina son una parte crucial del equipo de cocina y contribuyen directamente al \u00e9xito de la preparaci\u00f3n y presentaci\u00f3n de los platos que se sirven en el establecimiento.<\/span><\/p>\n\t\t<\/div>\n\t\t\t\t\n<style>\n#col-235366897 > .col-inner {\n  padding: 45px 45px 45px 45px;\n  margin: - 0px 0px 0px;\n}\n@media (min-width:550px) {\n  #col-235366897 > .col-inner {\n    margin: -100px 0px 0px 0px;\n  }\n}\n@media (min-width:850px) {\n  #col-235366897 > .col-inner {\n    margin: -240px 0px 0px 100px;\n  }\n}\n<\/style>\n\t<\/div>\n\n\t\n<\/div>\n\t\t<\/div>\n\n\t\t\n<style>\n#section_1362033481 {\n  padding-top: 30px;\n  padding-bottom: 30px;\n  background-color: rgb(158, 158, 158);\n}\n#section_1362033481 .ux-shape-divider--top svg {\n  height: 150px;\n  --divider-top-width: 100%;\n}\n#section_1362033481 .ux-shape-divider--bottom svg {\n  height: 150px;\n  --divider-width: 100%;\n}\n<\/style>\n\t<\/section>\n\t\n\t<section class=\"section dark show-for-small\" id=\"section_981465886\">\n\t\t<div class=\"bg section-bg fill bg-fill  bg-loaded\" >\n\n\t\t\t\n\t\t\t\n\t\t\t\n\n\t\t<\/div>\n\n\t\t\n\n\t\t<div class=\"section-content relative\">\n\t\t\t\n<div class=\"row\"  id=\"row-759050620\">\n\n\t<div id=\"col-2116595638\" class=\"col small-12 large-12\"  >\n\t\t\t\t<div class=\"col-inner\"  >\n\t\t\t\n\t\t\t\n<div class=\"row align-bottom\"  id=\"row-1501654433\">\n\n\t<div id=\"col-1222694175\" class=\"col medium-12 small-12 large-12\"  >\n\t\t\t\t<div class=\"col-inner text-left\"  >\n\t\t\t\n\t\t\t\n\t<div id=\"gap-1064781416\" class=\"gap-element clearfix\" style=\"display:block; height:auto;\">\n\t\t\n<style>\n#gap-1064781416 {\n  padding-top: 50px;\n}\n<\/style>\n\t<\/div>\n\t\n\t\t<\/div>\n\t\t\t\t\t<\/div>\n\n\t\n<\/div>\n\t\t<\/div>\n\t\t\t\t\n<style>\n#col-2116595638 > .col-inner {\n  margin: 0px 0px -225px 0px;\n}\n<\/style>\n\t<\/div>\n\n\t\n<\/div>\n\t\t<\/div>\n\n\t\t\n<style>\n#section_981465886 {\n  padding-top: 80px;\n  padding-bottom: 80px;\n  background-color: rgb(158, 158, 158);\n}\n#section_981465886 .ux-shape-divider--top svg {\n  height: 150px;\n  --divider-top-width: 100%;\n}\n#section_981465886 .ux-shape-divider--bottom svg {\n  height: 150px;\n  --divider-width: 100%;\n}\n<\/style>\n\t<\/section>\n\t\n\n  <div class=\"banner has-hover show-for-small\" id=\"banner-309329707\">\n          <div class=\"banner-inner fill\">\n        <div class=\"banner-bg fill\" >\n            <div class=\"bg fill bg-fill \"><\/div>\n                        <div class=\"overlay\"><\/div>            \n                    <\/div>\n\t\t\n        <div class=\"banner-layers container\">\n            <div class=\"fill banner-link\"><\/div>            \n\t<div class=\"img has-hover show-for-small x50 md-x50 lg-x50 y50 md-y50 lg-y50\" id=\"image_1991299966\">\n\t\t\t\t\t\t\t\t<div class=\"img-inner dark\" >\n\t\t\t<img loading=\"lazy\" decoding=\"async\" width=\"1020\" height=\"680\" src=\"https:\/\/staffingwr.com\/wp-content\/uploads\/2023\/07\/cocian-1200x800.jpg\" class=\"attachment-large size-large\" alt=\"\" srcset=\"https:\/\/staffingwr.com\/wp-content\/uploads\/2023\/07\/cocian-1200x800.jpg 1200w, https:\/\/staffingwr.com\/wp-content\/uploads\/2023\/07\/cocian-600x400.jpg 600w, https:\/\/staffingwr.com\/wp-content\/uploads\/2023\/07\/cocian-768x512.jpg 768w, https:\/\/staffingwr.com\/wp-content\/uploads\/2023\/07\/cocian-1536x1024.jpg 1536w, https:\/\/staffingwr.com\/wp-content\/uploads\/2023\/07\/cocian.jpg 1600w\" sizes=\"(max-width: 1020px) 100vw, 1020px\" \/>\t\t\t\t\t\t\n\t\t\t\t\t<\/div>\n\t\t\t\t\t\t\t\t\n<style>\n#image_1991299966 {\n  width: 100%;\n}\n<\/style>\n\t<\/div>\n\t\n        <\/div>\n      <\/div>\n\n            \n<style>\n#banner-309329707 {\n  padding-top: 200px;\n}\n#banner-309329707 .overlay {\n  background-color: rgb(158, 158, 158);\n}\n#banner-309329707 .ux-shape-divider--top svg {\n  height: 150px;\n  --divider-top-width: 100%;\n}\n#banner-309329707 .ux-shape-divider--bottom svg {\n  height: 150px;\n  --divider-width: 100%;\n}\n@media (min-width:550px) {\n  #banner-309329707 {\n    padding-top: 250px;\n  }\n}\n<\/style>\n  <\/div>\n\n\n\t<section class=\"section show-for-small\" id=\"section_1243934593\">\n\t\t<div class=\"bg section-bg fill bg-fill  bg-loaded\" >\n\n\t\t\t\n\t\t\t\n\t\t\t\n\n\t\t<\/div>\n\n\t\t\n\n\t\t<div class=\"section-content relative\">\n\t\t\t\n<div class=\"row\"  id=\"row-40609392\">\n\n\t<div id=\"col-948235829\" class=\"col medium-11 small-12 large-10\"  >\n\t\t\t\t<div class=\"col-inner\" style=\"background-color:rgb(255,255,255);\" >\n\t\t\t\n\t\t\t\n\t<div id=\"text-781518941\" class=\"text\">\n\t\t\n<h3 style=\"text-align: center;\">COCINA<br \/>LABOR -PROFESIONAL LABOR<\/h3>\n\t\t\n<style>\n#text-781518941 {\n  font-size: 1.5rem;\n  text-align: right;\n}\n<\/style>\n\t<\/div>\n\t\n<p align=\"justify\"><span style=\"color: #282828;\">Las funciones de un Labor y\/o Profesional Labor en cocina depende del tipo de establecimiento, tama\u00f1o de la cocina y la especializaci\u00f3n del restaurante o lugar de trabajo. Sin embargo, a continuaci\u00f3n, se presentan algunas funciones comunes que un labor en cocina podr\u00eda realizar:<\/span><\/p>\n<p><span style=\"color: #282828;\"><strong>\u2022 Preparaci\u00f3n de ingredientes:<\/strong> Ayudar en la preparaci\u00f3n de ingredientes para los platos, como cortar y picar vegetales, carne, pescado y otros alimentos.<\/span><\/p>\n<p align=\"justify\"><span style=\"color: #282828;\"><strong>\u2022 Cocinar platos sencillos:<\/strong> Preparar platos b\u00e1sicos bajo la supervisi\u00f3n de chefs o cocineros m\u00e1s experimentados, como guarniciones, salsas o aperitivos.<\/span><\/p>\n<p align=\"justify\"><span style=\"color: #282828;\"><strong>\u2022 Limpieza y organizaci\u00f3n:<\/strong> Mantener la cocina limpia y organizada, lavar los utensilios de cocina y mantener el \u00e1rea de trabajo ordenada.<\/span><\/p>\n<p align=\"justify\"><span style=\"color: #282828;\"><strong>\u2022 Ayuda en la elaboraci\u00f3n de platos principales:<\/strong> Asistir en la preparaci\u00f3n de platos principales y especialidades del men\u00fa, siguiendo las recetas y directrices del chef.<\/span><\/p>\n<p align=\"justify\"><span style=\"color: #282828;\"><strong>\u2022 Montaje de platos:<\/strong> Ayudar en el montaje de platos, asegur\u00e1ndose de que se presenten de manera atractiva antes de servirlos.<\/span><\/p>\n<p align=\"justify\"><span style=\"color: #282828;\"><strong>\u2022 Asistencia en la parrilla o plancha:<\/strong> Ayudar en la preparaci\u00f3n de carnes, pescados y otros alimentos a la parrilla o plancha.<\/span><\/p>\n<p align=\"justify\"><span style=\"color: #282828;\"><strong>\u2022 Limpieza de utensilios y equipos:<\/strong> Lavar y mantener limpios los utensilios de cocina y los equipos utilizados durante el servicio.<\/span><\/p>\n<p align=\"justify\"><span style=\"color: #282828;\"><strong>\u2022 Control de calidad:<\/strong> Ayudar en el aseguramiento de la calidad de los platos, garantizando que se cumplan los est\u00e1ndares establecidos por el chef o el restaurante.<\/span><\/p>\n<p align=\"justify\"><span style=\"color: #282828;\"><strong>\u2022 Mantenimiento de las normas de seguridad e higiene:<\/strong> Cumplir con las normas de seguridad e higiene alimentaria, asegur\u00e1ndose de que la cocina cumpla con los est\u00e1ndares de limpieza y sanidad.<\/span><\/p>\n<p align=\"justify\"><span style=\"color: #282828;\"><strong>\u2022 Colaboraci\u00f3n con el equipo de cocina:<\/strong> Trabajar en equipo con otros miembros del personal de cocina, siguiendo las instrucciones y cooperando para garantizar un servicio eficiente y de calidad.<\/span><\/p>\n<p><span style=\"color: #282828;\">Es importante mencionar que el trabajo en una cocina puede ser agitado y requiere habilidades organizativas, capacidad para trabajar bajo presi\u00f3n y adaptabilidad para enfrentar situaciones cambiantes. Las labores en cocina son una parte crucial del equipo de cocina y contribuyen directamente al \u00e9xito de la preparaci\u00f3n y presentaci\u00f3n de los platos que se sirven en el establecimiento.<\/span><\/p>\n\t\t<\/div>\n\t\t\t\t\n<style>\n#col-948235829 > .col-inner {\n  padding: 45px 45px 45px 45px;\n  margin: -50px 0px 0px 0px;\n}\n@media (min-width:550px) {\n  #col-948235829 > .col-inner {\n    margin: -100px 0px 0px 0px;\n  }\n}\n@media (min-width:850px) {\n  #col-948235829 > .col-inner {\n    margin: -240px 0px 0px 100px;\n  }\n}\n<\/style>\n\t<\/div>\n\n\t\n<\/div>\n\t\t<\/div>\n\n\t\t\n<style>\n#section_1243934593 {\n  padding-top: 30px;\n  padding-bottom: 30px;\n  background-color: rgb(158, 158, 158);\n}\n#section_1243934593 .ux-shape-divider--top svg {\n  height: 150px;\n  --divider-top-width: 100%;\n}\n#section_1243934593 .ux-shape-divider--bottom svg {\n  height: 150px;\n  --divider-width: 100%;\n}\n<\/style>\n\t<\/section>\n\t\n","protected":false},"excerpt":{"rendered":"","protected":false},"author":1,"featured_media":0,"parent":0,"menu_order":0,"comment_status":"closed","ping_status":"closed","template":"page-transparent-header.php","meta":{"footnotes":""},"_links":{"self":[{"href":"https:\/\/staffingwr.com\/es\/wp-json\/wp\/v2\/pages\/2352"}],"collection":[{"href":"https:\/\/staffingwr.com\/es\/wp-json\/wp\/v2\/pages"}],"about":[{"href":"https:\/\/staffingwr.com\/es\/wp-json\/wp\/v2\/types\/page"}],"author":[{"embeddable":true,"href":"https:\/\/staffingwr.com\/es\/wp-json\/wp\/v2\/users\/1"}],"replies":[{"embeddable":true,"href":"https:\/\/staffingwr.com\/es\/wp-json\/wp\/v2\/comments?post=2352"}],"version-history":[{"count":1,"href":"https:\/\/staffingwr.com\/es\/wp-json\/wp\/v2\/pages\/2352\/revisions"}],"predecessor-version":[{"id":2353,"href":"https:\/\/staffingwr.com\/es\/wp-json\/wp\/v2\/pages\/2352\/revisions\/2353"}],"wp:attachment":[{"href":"https:\/\/staffingwr.com\/es\/wp-json\/wp\/v2\/media?parent=2352"}],"curies":[{"name":"wp","href":"https:\/\/api.w.org\/{rel}","templated":true}]}}