{"id":2370,"date":"2023-08-03T16:00:11","date_gmt":"2023-08-03T21:00:11","guid":{"rendered":"https:\/\/staffingwr.com\/?page_id=2370"},"modified":"2023-09-13T17:16:15","modified_gmt":"2023-09-13T22:16:15","slug":"pintor","status":"publish","type":"page","link":"https:\/\/staffingwr.com\/es\/pintor\/","title":{"rendered":"Pintor"},"content":{"rendered":"\t<section class=\"section dark hide-for-medium\" id=\"section_645025668\">\n\t\t<div class=\"bg section-bg fill bg-fill  bg-loaded\" >\n\n\t\t\t\n\t\t\t\n\t\t\t\n\n\t\t<\/div>\n\n\t\t\n\n\t\t<div class=\"section-content relative\">\n\t\t\t\n<div class=\"row\"  id=\"row-1199082012\">\n\n\t<div id=\"col-540991851\" class=\"col small-12 large-12\"  >\n\t\t\t\t<div class=\"col-inner\"  >\n\t\t\t\n\t\t\t\n<div class=\"row align-bottom\"  id=\"row-1135362968\">\n\n\t<div id=\"col-1204216375\" class=\"col medium-12 small-12 large-12\"  >\n\t\t\t\t<div class=\"col-inner text-left\"  >\n\t\t\t\n\t\t\t\n\t<div id=\"gap-474840008\" class=\"gap-element clearfix\" style=\"display:block; height:auto;\">\n\t\t\n<style>\n#gap-474840008 {\n  padding-top: 50px;\n}\n<\/style>\n\t<\/div>\n\t\n\t<div class=\"img has-hover x md-x lg-x y md-y lg-y\" id=\"image_1738439314\">\n\t\t\t\t\t\t\t\t<div class=\"img-inner dark\" >\n\t\t\t<img loading=\"lazy\" decoding=\"async\" width=\"1020\" height=\"639\" src=\"https:\/\/staffingwr.com\/wp-content\/uploads\/2023\/07\/pintor.jpg\" class=\"attachment-large size-large\" alt=\"\" srcset=\"https:\/\/staffingwr.com\/wp-content\/uploads\/2023\/07\/pintor.jpg 1198w, https:\/\/staffingwr.com\/wp-content\/uploads\/2023\/07\/pintor-638x400.jpg 638w, https:\/\/staffingwr.com\/wp-content\/uploads\/2023\/07\/pintor-768x481.jpg 768w, https:\/\/staffingwr.com\/wp-content\/uploads\/2023\/07\/pintor-600x376.jpg 600w\" sizes=\"(max-width: 1020px) 100vw, 1020px\" \/>\t\t\t\t\t\t\n\t\t\t\t\t<\/div>\n\t\t\t\t\t\t\t\t\n<style>\n#image_1738439314 {\n  width: 37%;\n}\n<\/style>\n\t<\/div>\n\t\n\t\t<\/div>\n\t\t\t\t\t<\/div>\n\n\t\n<\/div>\n\t\t<\/div>\n\t\t\t\t\n<style>\n#col-540991851 > .col-inner {\n  margin: 0px 0px -225px 0px;\n}\n<\/style>\n\t<\/div>\n\n\t\n<\/div>\n\t\t<\/div>\n\n\t\t\n<style>\n#section_645025668 {\n  padding-top: 80px;\n  padding-bottom: 80px;\n  background-color: rgb(158, 158, 158);\n}\n#section_645025668 .ux-shape-divider--top svg {\n  height: 150px;\n  --divider-top-width: 100%;\n}\n#section_645025668 .ux-shape-divider--bottom svg {\n  height: 150px;\n  --divider-width: 100%;\n}\n<\/style>\n\t<\/section>\n\t\n\n  <div class=\"banner has-hover hide-for-medium\" id=\"banner-1936258160\">\n          <div class=\"banner-inner fill\">\n        <div class=\"banner-bg fill\" >\n            <div class=\"bg fill bg-fill \"><\/div>\n                        <div class=\"overlay\"><\/div>            \n                    <\/div>\n\t\t\n        <div class=\"banner-layers container\">\n            <div class=\"fill banner-link\"><\/div>            \n        <\/div>\n      <\/div>\n\n            \n<style>\n#banner-1936258160 {\n  padding-top: 0px;\n}\n#banner-1936258160 .overlay {\n  background-color: rgb(158, 158, 158);\n}\n#banner-1936258160 .ux-shape-divider--top svg {\n  height: 150px;\n  --divider-top-width: 100%;\n}\n#banner-1936258160 .ux-shape-divider--bottom svg {\n  height: 150px;\n  --divider-width: 100%;\n}\n@media (min-width:850px) {\n  #banner-1936258160 {\n    padding-top: 250px;\n  }\n}\n<\/style>\n  <\/div>\n\n\n\t<section class=\"section hide-for-medium\" id=\"section_784273948\">\n\t\t<div class=\"bg section-bg fill bg-fill  bg-loaded\" >\n\n\t\t\t\n\t\t\t\n\t\t\t\n\n\t\t<\/div>\n\n\t\t\n\n\t\t<div class=\"section-content relative\">\n\t\t\t\n<div class=\"row\"  id=\"row-1210497584\">\n\n\t<div id=\"col-1791947215\" class=\"col medium-11 small-12 large-10\"  >\n\t\t\t\t<div class=\"col-inner\" style=\"background-color:rgb(255,255,255);\" >\n\t\t\t\n\t\t\t\n\t<div id=\"text-1653444515\" class=\"text\">\n\t\t\n<h3 style=\"text-align: center;\">PINTOR<br \/>LABOR -PROFESIONAL LABOR<\/h3>\n\t\t\n<style>\n#text-1653444515 {\n  font-size: 1.5rem;\n  text-align: right;\n}\n<\/style>\n\t<\/div>\n\t\n<p align=\"justify\"><span style=\"color: #282828;\">Las funciones de un Labor y\/o Profesional Labor en pintura en cualquier tipo de edificaci\u00f3n involucran tareas relacionadas con la aplicaci\u00f3n y preparaci\u00f3n de superficies para recibir pintura. El trabajo de un labor en pintura puede variar seg\u00fan el tipo de edificaci\u00f3n y el tama\u00f1o del proyecto, pero a continuaci\u00f3n se presentan algunas funciones comunes que un labor en pintura podr\u00eda realizar:<br \/><\/span><br \/><span style=\"color: #282828;\"><strong>\u2022 Preparaci\u00f3n de superficies:<\/strong> Limpiar, lijar, raspar o reparar las superficies que ser\u00e1n pintadas para asegurar una base adecuada para la aplicaci\u00f3n de la pintura.<\/span><\/p>\n<p align=\"justify\"><span style=\"color: #282828;\"><strong>\u2022 Protecci\u00f3n de \u00e1reas adyacentes:<\/strong> Cubrir y proteger con cinta y pl\u00e1sticos las \u00e1reas que no deben ser pintadas, como ventanas, puertas, z\u00f3calos y muebles.<\/span><\/p>\n<p align=\"justify\"><span style=\"color: #282828;\"><strong>\u2022 Mezcla de pintura:<\/strong> Preparar la pintura mezclando los colores y la consistencia adecuada para el proyecto.<\/span><\/p>\n<p align=\"justify\"><span style=\"color: #282828;\"><strong>\u2022 Aplicaci\u00f3n de pintura:<\/strong> Aplicar la pintura en las superficies utilizando diferentes t\u00e9cnicas, como rodillos, pinceles, pulverizadores u otros m\u00e9todos, dependiendo del tipo de superficie y el acabado deseado.<\/span><\/p>\n<p align=\"justify\"><span style=\"color: #282828;\"><strong>\u2022 Control de calidad<\/strong>: Inspeccionar y asegurarse de que la pintura se haya aplicado de manera uniforme y sin imperfecciones.<\/span><\/p>\n<p align=\"justify\"><span style=\"color: #282828;\"><strong>\u2022 Mantenimiento de herramientas:<\/strong> Limpiar y mantener en buen estado los equipos y herramientas utilizadas para la aplicaci\u00f3n de la pintura.<\/span><\/p>\n<p align=\"justify\"><span style=\"color: #282828;\"><strong>\u2022 Cumplimiento de est\u00e1ndares y normas:<\/strong> Asegurarse de seguir las especificaciones y pautas establecidas por el cliente o el supervisor en cuanto a los colores, acabados y calidad de la pintura.<\/span><\/p>\n<p align=\"justify\"><span style=\"color: #282828;\"><strong>\u2022 Seguridad:<\/strong> Cumplir con las normas de seguridad relacionadas con el uso de equipos y productos qu\u00edmicos en el \u00e1rea de trabajo.<\/span><\/p>\n<p align=\"justify\"><span style=\"color: #282828;\"><strong>\u2022 Trabajo en equipo:<\/strong> Colaborar con otros miembros del equipo de pintura y del equipo de construcci\u00f3n o remodelaci\u00f3n para garantizar un resultado final exitoso.<\/span><\/p>\n<p align=\"justify\"><span style=\"color: #282828;\"><strong>\u2022 Limpieza y organizaci\u00f3n:<\/strong> Mantener el \u00e1rea de trabajo limpia y organizada, recogiendo y limpiando los residuos y materiales utilizados durante el proceso de pintura.<\/span><\/p>\n<p align=\"justify\"><span style=\"color: #282828;\">Los labores en pintura son una parte esencial del proceso de construcci\u00f3n, remodelaci\u00f3n o mantenimiento de cualquier edificaci\u00f3n, ya que su trabajo asegura que las superficies se vean bien, est\u00e9n protegidas y proporcionen un acabado est\u00e9tico y duradero. La precisi\u00f3n, atenci\u00f3n al detalle y habilidades pr\u00e1cticas son caracter\u00edsticas importantes para un labor en pintura.<\/span><\/p>\n\t\t<\/div>\n\t\t\t\t\n<style>\n#col-1791947215 > .col-inner {\n  padding: 45px 45px 45px 45px;\n  margin: - 0px 0px 0px;\n}\n@media (min-width:550px) {\n  #col-1791947215 > .col-inner {\n    margin: -100px 0px 0px 0px;\n  }\n}\n@media (min-width:850px) {\n  #col-1791947215 > .col-inner {\n    margin: -240px 0px 0px 100px;\n  }\n}\n<\/style>\n\t<\/div>\n\n\t\n<\/div>\n\t\t<\/div>\n\n\t\t\n<style>\n#section_784273948 {\n  padding-top: 30px;\n  padding-bottom: 30px;\n  background-color: rgb(158, 158, 158);\n}\n#section_784273948 .ux-shape-divider--top svg {\n  height: 150px;\n  --divider-top-width: 100%;\n}\n#section_784273948 .ux-shape-divider--bottom svg {\n  height: 150px;\n  --divider-width: 100%;\n}\n<\/style>\n\t<\/section>\n\t\n\t<section class=\"section dark show-for-medium hide-for-small\" id=\"section_1105541063\">\n\t\t<div class=\"bg section-bg fill bg-fill  bg-loaded\" >\n\n\t\t\t\n\t\t\t\n\t\t\t\n\n\t\t<\/div>\n\n\t\t\n\n\t\t<div class=\"section-content relative\">\n\t\t\t\n<div class=\"row\"  id=\"row-697026525\">\n\n\t<div id=\"col-936593055\" class=\"col small-12 large-12\"  >\n\t\t\t\t<div class=\"col-inner\"  >\n\t\t\t\n\t\t\t\n<div class=\"row align-bottom\"  id=\"row-1560897361\">\n\n\t<div id=\"col-533297379\" class=\"col medium-12 small-12 large-12\"  >\n\t\t\t\t<div class=\"col-inner text-left\"  >\n\t\t\t\n\t\t\t\n\t<div id=\"gap-1918261221\" class=\"gap-element clearfix\" style=\"display:block; height:auto;\">\n\t\t\n<style>\n#gap-1918261221 {\n  padding-top: 50px;\n}\n<\/style>\n\t<\/div>\n\t\n\t<div class=\"img has-hover x md-x lg-x y md-y lg-y\" id=\"image_778020478\">\n\t\t\t\t\t\t\t\t<div class=\"img-inner dark\" >\n\t\t\t<img loading=\"lazy\" decoding=\"async\" width=\"1020\" height=\"639\" src=\"https:\/\/staffingwr.com\/wp-content\/uploads\/2023\/07\/pintor.jpg\" class=\"attachment-large size-large\" alt=\"\" srcset=\"https:\/\/staffingwr.com\/wp-content\/uploads\/2023\/07\/pintor.jpg 1198w, https:\/\/staffingwr.com\/wp-content\/uploads\/2023\/07\/pintor-638x400.jpg 638w, https:\/\/staffingwr.com\/wp-content\/uploads\/2023\/07\/pintor-768x481.jpg 768w, https:\/\/staffingwr.com\/wp-content\/uploads\/2023\/07\/pintor-600x376.jpg 600w\" sizes=\"(max-width: 1020px) 100vw, 1020px\" \/>\t\t\t\t\t\t\n\t\t\t\t\t<\/div>\n\t\t\t\t\t\t\t\t\n<style>\n#image_778020478 {\n  width: 37%;\n}\n<\/style>\n\t<\/div>\n\t\n\t\t<\/div>\n\t\t\t\t\t<\/div>\n\n\t\n<\/div>\n\t\t<\/div>\n\t\t\t\t\n<style>\n#col-936593055 > .col-inner {\n  margin: 0px 0px -100px 0px;\n}\n@media (min-width:850px) {\n  #col-936593055 > .col-inner {\n    margin: 0px 0px -225px 0px;\n  }\n}\n<\/style>\n\t<\/div>\n\n\t\n<\/div>\n\t\t<\/div>\n\n\t\t\n<style>\n#section_1105541063 {\n  padding-top: 80px;\n  padding-bottom: 80px;\n  background-color: rgb(158, 158, 158);\n}\n#section_1105541063 .ux-shape-divider--top svg {\n  height: 150px;\n  --divider-top-width: 100%;\n}\n#section_1105541063 .ux-shape-divider--bottom svg {\n  height: 150px;\n  --divider-width: 100%;\n}\n<\/style>\n\t<\/section>\n\t\n\t<section class=\"section show-for-medium hide-for-small\" id=\"section_581563594\">\n\t\t<div class=\"bg section-bg fill bg-fill  bg-loaded\" >\n\n\t\t\t\n\t\t\t\n\t\t\t\n\n\t\t<\/div>\n\n\t\t\n\n\t\t<div class=\"section-content relative\">\n\t\t\t\n<div class=\"row\"  id=\"row-1712897001\">\n\n\t<div id=\"col-911962249\" class=\"col medium-12 small-12 large-10\"  >\n\t\t\t\t<div class=\"col-inner\" style=\"background-color:rgb(255,255,255);\" >\n\t\t\t\n\t\t\t\n\t<div id=\"text-4293223826\" class=\"text\">\n\t\t\n<h3 style=\"text-align: center;\">PINTOR<br \/>LABOR -PROFESIONAL LABOR<\/h3>\n\t\t\n<style>\n#text-4293223826 {\n  font-size: 1.5rem;\n  text-align: right;\n}\n<\/style>\n\t<\/div>\n\t\n<p align=\"justify\"><span style=\"color: #282828;\">Las funciones de un Labor y\/o Profesional Labor en pintura en cualquier tipo de edificaci\u00f3n involucran tareas relacionadas con la aplicaci\u00f3n y preparaci\u00f3n de superficies para recibir pintura. El trabajo de un labor en pintura puede variar seg\u00fan el tipo de edificaci\u00f3n y el tama\u00f1o del proyecto, pero a continuaci\u00f3n se presentan algunas funciones comunes que un labor en pintura podr\u00eda realizar:<br \/><\/span><br \/><span style=\"color: #282828;\"><strong>\u2022 Preparaci\u00f3n de superficies:<\/strong> Limpiar, lijar, raspar o reparar las superficies que ser\u00e1n pintadas para asegurar una base adecuada para la aplicaci\u00f3n de la pintura.<\/span><\/p>\n<p align=\"justify\"><span style=\"color: #282828;\"><strong>\u2022 Protecci\u00f3n de \u00e1reas adyacentes:<\/strong> Cubrir y proteger con cinta y pl\u00e1sticos las \u00e1reas que no deben ser pintadas, como ventanas, puertas, z\u00f3calos y muebles.<\/span><\/p>\n<p align=\"justify\"><span style=\"color: #282828;\"><strong>\u2022 Mezcla de pintura:<\/strong> Preparar la pintura mezclando los colores y la consistencia adecuada para el proyecto.<\/span><\/p>\n<p align=\"justify\"><span style=\"color: #282828;\"><strong>\u2022 Aplicaci\u00f3n de pintura:<\/strong> Aplicar la pintura en las superficies utilizando diferentes t\u00e9cnicas, como rodillos, pinceles, pulverizadores u otros m\u00e9todos, dependiendo del tipo de superficie y el acabado deseado.<\/span><\/p>\n<p align=\"justify\"><span style=\"color: #282828;\"><strong>\u2022 Control de calidad<\/strong>: Inspeccionar y asegurarse de que la pintura se haya aplicado de manera uniforme y sin imperfecciones.<\/span><\/p>\n<p align=\"justify\"><span style=\"color: #282828;\"><strong>\u2022 Mantenimiento de herramientas:<\/strong> Limpiar y mantener en buen estado los equipos y herramientas utilizadas para la aplicaci\u00f3n de la pintura.<\/span><\/p>\n<p align=\"justify\"><span style=\"color: #282828;\"><strong>\u2022 Cumplimiento de est\u00e1ndares y normas:<\/strong> Asegurarse de seguir las especificaciones y pautas establecidas por el cliente o el supervisor en cuanto a los colores, acabados y calidad de la pintura.<\/span><\/p>\n<p align=\"justify\"><span style=\"color: #282828;\"><strong>\u2022 Seguridad:<\/strong> Cumplir con las normas de seguridad relacionadas con el uso de equipos y productos qu\u00edmicos en el \u00e1rea de trabajo.<\/span><\/p>\n<p align=\"justify\"><span style=\"color: #282828;\"><strong>\u2022 Trabajo en equipo:<\/strong> Colaborar con otros miembros del equipo de pintura y del equipo de construcci\u00f3n o remodelaci\u00f3n para garantizar un resultado final exitoso.<\/span><\/p>\n<p align=\"justify\"><span style=\"color: #282828;\"><strong>\u2022 Limpieza y organizaci\u00f3n:<\/strong> Mantener el \u00e1rea de trabajo limpia y organizada, recogiendo y limpiando los residuos y materiales utilizados durante el proceso de pintura.<\/span><\/p>\n<p align=\"justify\"><span style=\"color: #282828;\">Los labores en pintura son una parte esencial del proceso de construcci\u00f3n, remodelaci\u00f3n o mantenimiento de cualquier edificaci\u00f3n, ya que su trabajo asegura que las superficies se vean bien, est\u00e9n protegidas y proporcionen un acabado est\u00e9tico y duradero. La precisi\u00f3n, atenci\u00f3n al detalle y habilidades pr\u00e1cticas son caracter\u00edsticas importantes para un labor en pintura.<\/span><\/p>\n\t\t<\/div>\n\t\t\t\t\n<style>\n#col-911962249 > .col-inner {\n  padding: 45px 45px 45px 45px;\n  margin: - 0px 0px 0px;\n}\n@media (min-width:550px) {\n  #col-911962249 > .col-inner {\n    margin: -100px 0px 0px 0px;\n  }\n}\n@media (min-width:850px) {\n  #col-911962249 > .col-inner {\n    margin: -240px 0px 0px 100px;\n  }\n}\n<\/style>\n\t<\/div>\n\n\t\n<\/div>\n\t\t<\/div>\n\n\t\t\n<style>\n#section_581563594 {\n  padding-top: 30px;\n  padding-bottom: 30px;\n  background-color: rgb(158, 158, 158);\n}\n#section_581563594 .ux-shape-divider--top svg {\n  height: 150px;\n  --divider-top-width: 100%;\n}\n#section_581563594 .ux-shape-divider--bottom svg {\n  height: 150px;\n  --divider-width: 100%;\n}\n<\/style>\n\t<\/section>\n\t\n\t<section class=\"section dark show-for-small\" id=\"section_923095878\">\n\t\t<div class=\"bg section-bg fill bg-fill  bg-loaded\" >\n\n\t\t\t\n\t\t\t\n\t\t\t\n\n\t\t<\/div>\n\n\t\t\n\n\t\t<div class=\"section-content relative\">\n\t\t\t\n<div class=\"row\"  id=\"row-686468089\">\n\n\t<div id=\"col-1848379816\" class=\"col small-12 large-12\"  >\n\t\t\t\t<div class=\"col-inner\"  >\n\t\t\t\n\t\t\t\n<div class=\"row align-bottom\"  id=\"row-1549682396\">\n\n\t<div id=\"col-1781286670\" class=\"col medium-12 small-12 large-12\"  >\n\t\t\t\t<div class=\"col-inner text-left\"  >\n\t\t\t\n\t\t\t\n\t<div id=\"gap-57124654\" class=\"gap-element clearfix\" style=\"display:block; height:auto;\">\n\t\t\n<style>\n#gap-57124654 {\n  padding-top: 50px;\n}\n<\/style>\n\t<\/div>\n\t\n\t\t<\/div>\n\t\t\t\t\t<\/div>\n\n\t\n<\/div>\n\t\t<\/div>\n\t\t\t\t\n<style>\n#col-1848379816 > .col-inner {\n  margin: 0px 0px -225px 0px;\n}\n<\/style>\n\t<\/div>\n\n\t\n<\/div>\n\t\t<\/div>\n\n\t\t\n<style>\n#section_923095878 {\n  padding-top: 80px;\n  padding-bottom: 80px;\n  background-color: rgb(158, 158, 158);\n}\n#section_923095878 .ux-shape-divider--top svg {\n  height: 150px;\n  --divider-top-width: 100%;\n}\n#section_923095878 .ux-shape-divider--bottom svg {\n  height: 150px;\n  --divider-width: 100%;\n}\n<\/style>\n\t<\/section>\n\t\n\n  <div class=\"banner has-hover show-for-small\" id=\"banner-278144548\">\n          <div class=\"banner-inner fill\">\n        <div class=\"banner-bg fill\" >\n            <div class=\"bg fill bg-fill \"><\/div>\n                        <div class=\"overlay\"><\/div>            \n                    <\/div>\n\t\t\n        <div class=\"banner-layers container\">\n            <div class=\"fill banner-link\"><\/div>            \n\t<div class=\"img has-hover show-for-small x50 md-x50 lg-x50 y50 md-y50 lg-y50\" id=\"image_1231202192\">\n\t\t\t\t\t\t\t\t<div class=\"img-inner dark\" >\n\t\t\t<img loading=\"lazy\" decoding=\"async\" width=\"1020\" height=\"639\" src=\"https:\/\/staffingwr.com\/wp-content\/uploads\/2023\/07\/pintor.jpg\" class=\"attachment-large size-large\" alt=\"\" srcset=\"https:\/\/staffingwr.com\/wp-content\/uploads\/2023\/07\/pintor.jpg 1198w, https:\/\/staffingwr.com\/wp-content\/uploads\/2023\/07\/pintor-638x400.jpg 638w, https:\/\/staffingwr.com\/wp-content\/uploads\/2023\/07\/pintor-768x481.jpg 768w, https:\/\/staffingwr.com\/wp-content\/uploads\/2023\/07\/pintor-600x376.jpg 600w\" sizes=\"(max-width: 1020px) 100vw, 1020px\" \/>\t\t\t\t\t\t\n\t\t\t\t\t<\/div>\n\t\t\t\t\t\t\t\t\n<style>\n#image_1231202192 {\n  width: 100%;\n}\n<\/style>\n\t<\/div>\n\t\n        <\/div>\n      <\/div>\n\n            \n<style>\n#banner-278144548 {\n  padding-top: 200px;\n}\n#banner-278144548 .overlay {\n  background-color: rgb(158, 158, 158);\n}\n#banner-278144548 .ux-shape-divider--top svg {\n  height: 150px;\n  --divider-top-width: 100%;\n}\n#banner-278144548 .ux-shape-divider--bottom svg {\n  height: 150px;\n  --divider-width: 100%;\n}\n@media (min-width:550px) {\n  #banner-278144548 {\n    padding-top: 250px;\n  }\n}\n<\/style>\n  <\/div>\n\n\n\t<section class=\"section show-for-small\" id=\"section_1786356048\">\n\t\t<div class=\"bg section-bg fill bg-fill  bg-loaded\" >\n\n\t\t\t\n\t\t\t\n\t\t\t\n\n\t\t<\/div>\n\n\t\t\n\n\t\t<div class=\"section-content relative\">\n\t\t\t\n<div class=\"row\"  id=\"row-156819762\">\n\n\t<div id=\"col-581144021\" class=\"col medium-11 small-12 large-10\"  >\n\t\t\t\t<div class=\"col-inner\" style=\"background-color:rgb(255,255,255);\" >\n\t\t\t\n\t\t\t\n\t<div id=\"text-901796450\" class=\"text\">\n\t\t\n<h3 style=\"text-align: center;\">PINTOR<br \/>LABOR -PROFESIONAL LABOR<\/h3>\n\t\t\n<style>\n#text-901796450 {\n  font-size: 1.5rem;\n  text-align: right;\n}\n<\/style>\n\t<\/div>\n\t\n<p align=\"justify\"><span style=\"color: #282828;\">Las funciones de un Labor y\/o Profesional Labor en pintura en cualquier tipo de edificaci\u00f3n involucran tareas relacionadas con la aplicaci\u00f3n y preparaci\u00f3n de superficies para recibir pintura. El trabajo de un labor en pintura puede variar seg\u00fan el tipo de edificaci\u00f3n y el tama\u00f1o del proyecto, pero a continuaci\u00f3n se presentan algunas funciones comunes que un labor en pintura podr\u00eda realizar:<br \/><\/span><br \/><span style=\"color: #282828;\"><strong>\u2022 Preparaci\u00f3n de superficies:<\/strong> Limpiar, lijar, raspar o reparar las superficies que ser\u00e1n pintadas para asegurar una base adecuada para la aplicaci\u00f3n de la pintura.<\/span><\/p>\n<p align=\"justify\"><span style=\"color: #282828;\"><strong>\u2022 Protecci\u00f3n de \u00e1reas adyacentes:<\/strong> Cubrir y proteger con cinta y pl\u00e1sticos las \u00e1reas que no deben ser pintadas, como ventanas, puertas, z\u00f3calos y muebles.<\/span><\/p>\n<p align=\"justify\"><span style=\"color: #282828;\"><strong>\u2022 Mezcla de pintura:<\/strong> Preparar la pintura mezclando los colores y la consistencia adecuada para el proyecto.<\/span><\/p>\n<p align=\"justify\"><span style=\"color: #282828;\"><strong>\u2022 Aplicaci\u00f3n de pintura:<\/strong> Aplicar la pintura en las superficies utilizando diferentes t\u00e9cnicas, como rodillos, pinceles, pulverizadores u otros m\u00e9todos, dependiendo del tipo de superficie y el acabado deseado.<\/span><\/p>\n<p align=\"justify\"><span style=\"color: #282828;\"><strong>\u2022 Control de calidad<\/strong>: Inspeccionar y asegurarse de que la pintura se haya aplicado de manera uniforme y sin imperfecciones.<\/span><\/p>\n<p align=\"justify\"><span style=\"color: #282828;\"><strong>\u2022 Mantenimiento de herramientas:<\/strong> Limpiar y mantener en buen estado los equipos y herramientas utilizadas para la aplicaci\u00f3n de la pintura.<\/span><\/p>\n<p align=\"justify\"><span style=\"color: #282828;\"><strong>\u2022 Cumplimiento de est\u00e1ndares y normas:<\/strong> Asegurarse de seguir las especificaciones y pautas establecidas por el cliente o el supervisor en cuanto a los colores, acabados y calidad de la pintura.<\/span><\/p>\n<p align=\"justify\"><span style=\"color: #282828;\"><strong>\u2022 Seguridad:<\/strong> Cumplir con las normas de seguridad relacionadas con el uso de equipos y productos qu\u00edmicos en el \u00e1rea de trabajo.<\/span><\/p>\n<p align=\"justify\"><span style=\"color: #282828;\"><strong>\u2022 Trabajo en equipo:<\/strong> Colaborar con otros miembros del equipo de pintura y del equipo de construcci\u00f3n o remodelaci\u00f3n para garantizar un resultado final exitoso.<\/span><\/p>\n<p align=\"justify\"><span style=\"color: #282828;\"><strong>\u2022 Limpieza y organizaci\u00f3n:<\/strong> Mantener el \u00e1rea de trabajo limpia y organizada, recogiendo y limpiando los residuos y materiales utilizados durante el proceso de pintura.<\/span><\/p>\n<p align=\"justify\"><span style=\"color: #282828;\">Los labores en pintura son una parte esencial del proceso de construcci\u00f3n, remodelaci\u00f3n o mantenimiento de cualquier edificaci\u00f3n, ya que su trabajo asegura que las superficies se vean bien, est\u00e9n protegidas y proporcionen un acabado est\u00e9tico y duradero. La precisi\u00f3n, atenci\u00f3n al detalle y habilidades pr\u00e1cticas son caracter\u00edsticas importantes para un labor en pintura.<\/span><\/p>\n\t\t<\/div>\n\t\t\t\t\n<style>\n#col-581144021 > .col-inner {\n  padding: 45px 45px 45px 45px;\n  margin: -50px 0px 0px 0px;\n}\n@media (min-width:550px) {\n  #col-581144021 > .col-inner {\n    margin: -100px 0px 0px 0px;\n  }\n}\n@media (min-width:850px) {\n  #col-581144021 > .col-inner {\n    margin: -240px 0px 0px 100px;\n  }\n}\n<\/style>\n\t<\/div>\n\n\t\n<\/div>\n\t\t<\/div>\n\n\t\t\n<style>\n#section_1786356048 {\n  padding-top: 30px;\n  padding-bottom: 30px;\n  background-color: rgb(158, 158, 158);\n}\n#section_1786356048 .ux-shape-divider--top svg {\n  height: 150px;\n  --divider-top-width: 100%;\n}\n#section_1786356048 .ux-shape-divider--bottom svg {\n  height: 150px;\n  --divider-width: 100%;\n}\n<\/style>\n\t<\/section>\n\t\n","protected":false},"excerpt":{"rendered":"","protected":false},"author":1,"featured_media":0,"parent":0,"menu_order":0,"comment_status":"closed","ping_status":"closed","template":"page-transparent-header.php","meta":{"footnotes":""},"_links":{"self":[{"href":"https:\/\/staffingwr.com\/es\/wp-json\/wp\/v2\/pages\/2370"}],"collection":[{"href":"https:\/\/staffingwr.com\/es\/wp-json\/wp\/v2\/pages"}],"about":[{"href":"https:\/\/staffingwr.com\/es\/wp-json\/wp\/v2\/types\/page"}],"author":[{"embeddable":true,"href":"https:\/\/staffingwr.com\/es\/wp-json\/wp\/v2\/users\/1"}],"replies":[{"embeddable":true,"href":"https:\/\/staffingwr.com\/es\/wp-json\/wp\/v2\/comments?post=2370"}],"version-history":[{"count":1,"href":"https:\/\/staffingwr.com\/es\/wp-json\/wp\/v2\/pages\/2370\/revisions"}],"predecessor-version":[{"id":2371,"href":"https:\/\/staffingwr.com\/es\/wp-json\/wp\/v2\/pages\/2370\/revisions\/2371"}],"wp:attachment":[{"href":"https:\/\/staffingwr.com\/es\/wp-json\/wp\/v2\/media?parent=2370"}],"curies":[{"name":"wp","href":"https:\/\/api.w.org\/{rel}","templated":true}]}}