{"id":2381,"date":"2023-08-03T15:58:45","date_gmt":"2023-08-03T20:58:45","guid":{"rendered":"https:\/\/staffingwr.com\/?page_id=2381"},"modified":"2023-09-13T17:44:14","modified_gmt":"2023-09-13T22:44:14","slug":"instalaciones-de-muebles-2","status":"publish","type":"page","link":"https:\/\/staffingwr.com\/es\/instalaciones-de-muebles-2\/","title":{"rendered":"INSTALACIONES DE MUEBLES"},"content":{"rendered":"\t<section class=\"section dark hide-for-medium\" id=\"section_1317124663\">\n\t\t<div class=\"bg section-bg fill bg-fill  bg-loaded\" >\n\n\t\t\t\n\t\t\t\n\t\t\t\n\n\t\t<\/div>\n\n\t\t\n\n\t\t<div class=\"section-content relative\">\n\t\t\t\n<div class=\"row\"  id=\"row-1852182899\">\n\n\t<div id=\"col-819842549\" class=\"col small-12 large-12\"  >\n\t\t\t\t<div class=\"col-inner\"  >\n\t\t\t\n\t\t\t\n<div class=\"row align-bottom\"  id=\"row-2136615487\">\n\n\t<div id=\"col-1053109105\" class=\"col medium-12 small-12 large-12\"  >\n\t\t\t\t<div class=\"col-inner text-left\"  >\n\t\t\t\n\t\t\t\n\t<div id=\"gap-1471272593\" class=\"gap-element clearfix\" style=\"display:block; height:auto;\">\n\t\t\n<style>\n#gap-1471272593 {\n  padding-top: 50px;\n}\n<\/style>\n\t<\/div>\n\t\n\t<div class=\"img has-hover x md-x lg-x y md-y lg-y\" id=\"image_79533985\">\n\t\t\t\t\t\t\t\t<div class=\"img-inner dark\" >\n\t\t\t<img loading=\"lazy\" decoding=\"async\" width=\"960\" height=\"640\" src=\"https:\/\/staffingwr.com\/wp-content\/uploads\/2023\/08\/INSTALADOR.jpg\" class=\"attachment-large size-large\" alt=\"\" srcset=\"https:\/\/staffingwr.com\/wp-content\/uploads\/2023\/08\/INSTALADOR.jpg 960w, https:\/\/staffingwr.com\/wp-content\/uploads\/2023\/08\/INSTALADOR-600x400.jpg 600w, https:\/\/staffingwr.com\/wp-content\/uploads\/2023\/08\/INSTALADOR-768x512.jpg 768w\" sizes=\"(max-width: 960px) 100vw, 960px\" \/>\t\t\t\t\t\t\n\t\t\t\t\t<\/div>\n\t\t\t\t\t\t\t\t\n<style>\n#image_79533985 {\n  width: 37%;\n}\n<\/style>\n\t<\/div>\n\t\n\t\t<\/div>\n\t\t\t\t\t<\/div>\n\n\t\n<\/div>\n\t\t<\/div>\n\t\t\t\t\n<style>\n#col-819842549 > .col-inner {\n  margin: 0px 0px -225px 0px;\n}\n<\/style>\n\t<\/div>\n\n\t\n<\/div>\n\t\t<\/div>\n\n\t\t\n<style>\n#section_1317124663 {\n  padding-top: 80px;\n  padding-bottom: 80px;\n  background-color: rgb(158, 158, 158);\n}\n#section_1317124663 .ux-shape-divider--top svg {\n  height: 150px;\n  --divider-top-width: 100%;\n}\n#section_1317124663 .ux-shape-divider--bottom svg {\n  height: 150px;\n  --divider-width: 100%;\n}\n<\/style>\n\t<\/section>\n\t\n\n  <div class=\"banner has-hover hide-for-medium\" id=\"banner-1977668261\">\n          <div class=\"banner-inner fill\">\n        <div class=\"banner-bg fill\" >\n            <div class=\"bg fill bg-fill \"><\/div>\n                        <div class=\"overlay\"><\/div>            \n                    <\/div>\n\t\t\n        <div class=\"banner-layers container\">\n            <div class=\"fill banner-link\"><\/div>            \n        <\/div>\n      <\/div>\n\n            \n<style>\n#banner-1977668261 {\n  padding-top: 0px;\n}\n#banner-1977668261 .overlay {\n  background-color: rgb(158, 158, 158);\n}\n#banner-1977668261 .ux-shape-divider--top svg {\n  height: 150px;\n  --divider-top-width: 100%;\n}\n#banner-1977668261 .ux-shape-divider--bottom svg {\n  height: 150px;\n  --divider-width: 100%;\n}\n@media (min-width:850px) {\n  #banner-1977668261 {\n    padding-top: 250px;\n  }\n}\n<\/style>\n  <\/div>\n\n\n\t<section class=\"section hide-for-medium\" id=\"section_1817474935\">\n\t\t<div class=\"bg section-bg fill bg-fill  bg-loaded\" >\n\n\t\t\t\n\t\t\t\n\t\t\t\n\n\t\t<\/div>\n\n\t\t\n\n\t\t<div class=\"section-content relative\">\n\t\t\t\n<div class=\"row\"  id=\"row-885930424\">\n\n\t<div id=\"col-532361797\" class=\"col medium-11 small-12 large-10\"  >\n\t\t\t\t<div class=\"col-inner\" style=\"background-color:rgb(255,255,255);\" >\n\t\t\t\n\t\t\t\n\t<div id=\"text-1921525704\" class=\"text\">\n\t\t\n<h3 style=\"text-align: center;\">INSTALADOR DE MUEBLES<br \/>LABOR -PROFESIONAL LABOR<\/h3>\n\t\t\n<style>\n#text-1921525704 {\n  font-size: 1.5rem;\n  text-align: right;\n}\n<\/style>\n\t<\/div>\n\t\n<p align=\"justify\"><span style=\"color: #282828;\">Las funciones de un labor y\/o profesional Labor con respecto a la instalaci\u00f3n de muebles pueden variar dependiendo de la empresa y el tipo de muebles que se est\u00e9n instalando. Sin embargo, aqu\u00ed hay algunas funciones comunes que podr\u00edas encontrar en este tipo de trabajo:<\/span><\/p>\n<p><span style=\"color: #282828;\"><strong>\u2022 Preparaci\u00f3n y planificaci\u00f3n:<\/strong> Los trabajadores pueden revisar las instrucciones del fabricante y planificar la instalaci\u00f3n antes de comenzar. Esto puede incluir verificar que se disponga de todas las herramientas y materiales necesarios.<\/span><\/p>\n<p align=\"justify\"><span style=\"color: #282828;\"><strong>\u2022 Montaje y ensamblaje:<\/strong> Los empleados pueden ser responsables de armar y ensamblar los muebles, siguiendo las instrucciones del fabricante y asegur\u00e1ndose de que todos los componentes est\u00e9n en su lugar.<\/span><\/p>\n<p align=\"justify\"><span style=\"color: #282828;\"><strong>\u2022 Medici\u00f3n y nivelaci\u00f3n:<\/strong> Los trabajadores pueden tomar medidas precisas y nivelar los muebles para asegurarse de que est\u00e9n correctamente ubicados y nivelados en el espacio asignado.<\/span><\/p>\n<p align=\"justify\"><span style=\"color: #282828;\"><strong>\u2022 Uso de herramientas:<\/strong> Los instaladores de muebles utilizan herramientas comunes como destornilladores, llaves inglesas, martillos y taladros para llevar a cabo el montaje y la instalaci\u00f3n de los muebles.<\/span><\/p>\n<p align=\"justify\"><span style=\"color: #282828;\"><strong>\u2022 Manejo de equipos pesados:<\/strong> En algunos casos, los instaladores pueden necesitar levantar y transportar muebles pesados, por lo que es importante seguir las pr\u00e1cticas de seguridad para evitar lesiones.<\/span><br \/><span style=\"color: #282828;\">\u2022 Resoluci\u00f3n de problemas: Si se encuentran problemas durante la instalaci\u00f3n, los trabajadores deben ser capaces de identificar y resolver los obst\u00e1culos para garantizar una instalaci\u00f3n exitosa.<\/span><\/p>\n<p align=\"justify\"><span style=\"color: #282828;\"><strong>\u2022 Asegurar la calidad:<\/strong> Los instaladores pueden inspeccionar los muebles terminados para asegurarse de que est\u00e9n en buen estado y cumplir con los est\u00e1ndares de calidad establecidos.<\/span><\/p>\n<p align=\"justify\"><span style=\"color: #282828;\"><strong>\u2022 Interacci\u00f3n con clientes:<\/strong> En algunos casos, los instaladores pueden tener interacci\u00f3n directa con los clientes para responder preguntas, explicar el proceso de instalaci\u00f3n y garantizar la satisfacci\u00f3n del cliente.<\/span><\/p>\n<p align=\"justify\"><span style=\"color: #282828;\">Es importante destacar que la instalaci\u00f3n de muebles puede implicar diferentes tipos de muebles, desde muebles de oficina hasta muebles para el hogar. Cada tipo de mueble puede requerir habilidades y enfoques espec\u00edficos, por lo que los detalles exactos de las funciones pueden variar seg\u00fan el contexto del trabajo.<\/span><\/p>\n\t\t<\/div>\n\t\t\t\t\n<style>\n#col-532361797 > .col-inner {\n  padding: 45px 45px 45px 45px;\n  margin: - 0px 0px 0px;\n}\n@media (min-width:550px) {\n  #col-532361797 > .col-inner {\n    margin: -100px 0px 0px 0px;\n  }\n}\n@media (min-width:850px) {\n  #col-532361797 > .col-inner {\n    margin: -240px 0px 0px 100px;\n  }\n}\n<\/style>\n\t<\/div>\n\n\t\n<\/div>\n\t\t<\/div>\n\n\t\t\n<style>\n#section_1817474935 {\n  padding-top: 30px;\n  padding-bottom: 30px;\n  background-color: rgb(158, 158, 158);\n}\n#section_1817474935 .ux-shape-divider--top svg {\n  height: 150px;\n  --divider-top-width: 100%;\n}\n#section_1817474935 .ux-shape-divider--bottom svg {\n  height: 150px;\n  --divider-width: 100%;\n}\n<\/style>\n\t<\/section>\n\t\n\t<section class=\"section dark show-for-medium hide-for-small\" id=\"section_279342096\">\n\t\t<div class=\"bg section-bg fill bg-fill  bg-loaded\" >\n\n\t\t\t\n\t\t\t\n\t\t\t\n\n\t\t<\/div>\n\n\t\t\n\n\t\t<div class=\"section-content relative\">\n\t\t\t\n<div class=\"row\"  id=\"row-1856805033\">\n\n\t<div id=\"col-2034907179\" class=\"col small-12 large-12\"  >\n\t\t\t\t<div class=\"col-inner\"  >\n\t\t\t\n\t\t\t\n<div class=\"row align-bottom\"  id=\"row-7261643\">\n\n\t<div id=\"col-1156519441\" class=\"col medium-12 small-12 large-12\"  >\n\t\t\t\t<div class=\"col-inner text-left\"  >\n\t\t\t\n\t\t\t\n\t<div id=\"gap-1177469904\" class=\"gap-element clearfix\" style=\"display:block; height:auto;\">\n\t\t\n<style>\n#gap-1177469904 {\n  padding-top: 50px;\n}\n<\/style>\n\t<\/div>\n\t\n\t<div class=\"img has-hover x md-x lg-x y md-y lg-y\" id=\"image_1832974128\">\n\t\t\t\t\t\t\t\t<div class=\"img-inner dark\" >\n\t\t\t<img loading=\"lazy\" decoding=\"async\" width=\"960\" height=\"640\" src=\"https:\/\/staffingwr.com\/wp-content\/uploads\/2023\/08\/INSTALADOR.jpg\" class=\"attachment-large size-large\" alt=\"\" srcset=\"https:\/\/staffingwr.com\/wp-content\/uploads\/2023\/08\/INSTALADOR.jpg 960w, https:\/\/staffingwr.com\/wp-content\/uploads\/2023\/08\/INSTALADOR-600x400.jpg 600w, https:\/\/staffingwr.com\/wp-content\/uploads\/2023\/08\/INSTALADOR-768x512.jpg 768w\" sizes=\"(max-width: 960px) 100vw, 960px\" \/>\t\t\t\t\t\t\n\t\t\t\t\t<\/div>\n\t\t\t\t\t\t\t\t\n<style>\n#image_1832974128 {\n  width: 37%;\n}\n<\/style>\n\t<\/div>\n\t\n\t\t<\/div>\n\t\t\t\t\t<\/div>\n\n\t\n<\/div>\n\t\t<\/div>\n\t\t\t\t\n<style>\n#col-2034907179 > .col-inner {\n  margin: 0px 0px -100px 0px;\n}\n@media (min-width:850px) {\n  #col-2034907179 > .col-inner {\n    margin: 0px 0px -225px 0px;\n  }\n}\n<\/style>\n\t<\/div>\n\n\t\n<\/div>\n\t\t<\/div>\n\n\t\t\n<style>\n#section_279342096 {\n  padding-top: 80px;\n  padding-bottom: 80px;\n  background-color: rgb(158, 158, 158);\n}\n#section_279342096 .ux-shape-divider--top svg {\n  height: 150px;\n  --divider-top-width: 100%;\n}\n#section_279342096 .ux-shape-divider--bottom svg {\n  height: 150px;\n  --divider-width: 100%;\n}\n<\/style>\n\t<\/section>\n\t\n\t<section class=\"section show-for-medium hide-for-small\" id=\"section_1731549722\">\n\t\t<div class=\"bg section-bg fill bg-fill  bg-loaded\" >\n\n\t\t\t\n\t\t\t\n\t\t\t\n\n\t\t<\/div>\n\n\t\t\n\n\t\t<div class=\"section-content relative\">\n\t\t\t\n<div class=\"row\"  id=\"row-56311078\">\n\n\t<div id=\"col-1961740636\" class=\"col medium-12 small-12 large-10\"  >\n\t\t\t\t<div class=\"col-inner\" style=\"background-color:rgb(255,255,255);\" >\n\t\t\t\n\t\t\t\n\t<div id=\"text-2385901615\" class=\"text\">\n\t\t\n<h3 style=\"text-align: center;\">INSTALADOR DE MUEBLES<br \/>LABOR -PROFESIONAL LABOR<\/h3>\n\t\t\n<style>\n#text-2385901615 {\n  font-size: 1.5rem;\n  text-align: right;\n}\n<\/style>\n\t<\/div>\n\t\n<p align=\"justify\"><span style=\"color: #282828;\">Las funciones de un labor y\/o profesional Labor con respecto a la instalaci\u00f3n de muebles pueden variar dependiendo de la empresa y el tipo de muebles que se est\u00e9n instalando. Sin embargo, aqu\u00ed hay algunas funciones comunes que podr\u00edas encontrar en este tipo de trabajo:<\/span><\/p>\n<p><span style=\"color: #282828;\"><strong>\u2022 Preparaci\u00f3n y planificaci\u00f3n:<\/strong> Los trabajadores pueden revisar las instrucciones del fabricante y planificar la instalaci\u00f3n antes de comenzar. Esto puede incluir verificar que se disponga de todas las herramientas y materiales necesarios.<\/span><\/p>\n<p align=\"justify\"><span style=\"color: #282828;\"><strong>\u2022 Montaje y ensamblaje:<\/strong> Los empleados pueden ser responsables de armar y ensamblar los muebles, siguiendo las instrucciones del fabricante y asegur\u00e1ndose de que todos los componentes est\u00e9n en su lugar.<\/span><\/p>\n<p align=\"justify\"><span style=\"color: #282828;\"><strong>\u2022 Medici\u00f3n y nivelaci\u00f3n:<\/strong> Los trabajadores pueden tomar medidas precisas y nivelar los muebles para asegurarse de que est\u00e9n correctamente ubicados y nivelados en el espacio asignado.<\/span><\/p>\n<p align=\"justify\"><span style=\"color: #282828;\"><strong>\u2022 Uso de herramientas:<\/strong> Los instaladores de muebles utilizan herramientas comunes como destornilladores, llaves inglesas, martillos y taladros para llevar a cabo el montaje y la instalaci\u00f3n de los muebles.<\/span><\/p>\n<p align=\"justify\"><span style=\"color: #282828;\"><strong>\u2022 Manejo de equipos pesados:<\/strong> En algunos casos, los instaladores pueden necesitar levantar y transportar muebles pesados, por lo que es importante seguir las pr\u00e1cticas de seguridad para evitar lesiones.<\/span><br \/><span style=\"color: #282828;\">\u2022 Resoluci\u00f3n de problemas: Si se encuentran problemas durante la instalaci\u00f3n, los trabajadores deben ser capaces de identificar y resolver los obst\u00e1culos para garantizar una instalaci\u00f3n exitosa.<\/span><\/p>\n<p align=\"justify\"><span style=\"color: #282828;\"><strong>\u2022 Asegurar la calidad:<\/strong> Los instaladores pueden inspeccionar los muebles terminados para asegurarse de que est\u00e9n en buen estado y cumplir con los est\u00e1ndares de calidad establecidos.<\/span><\/p>\n<p align=\"justify\"><span style=\"color: #282828;\"><strong>\u2022 Interacci\u00f3n con clientes:<\/strong> En algunos casos, los instaladores pueden tener interacci\u00f3n directa con los clientes para responder preguntas, explicar el proceso de instalaci\u00f3n y garantizar la satisfacci\u00f3n del cliente.<\/span><\/p>\n<p align=\"justify\"><span style=\"color: #282828;\">Es importante destacar que la instalaci\u00f3n de muebles puede implicar diferentes tipos de muebles, desde muebles de oficina hasta muebles para el hogar. Cada tipo de mueble puede requerir habilidades y enfoques espec\u00edficos, por lo que los detalles exactos de las funciones pueden variar seg\u00fan el contexto del trabajo.<\/span><\/p>\n\t\t<\/div>\n\t\t\t\t\n<style>\n#col-1961740636 > .col-inner {\n  padding: 45px 45px 45px 45px;\n  margin: - 0px 0px 0px;\n}\n@media (min-width:550px) {\n  #col-1961740636 > .col-inner {\n    margin: -100px 0px 0px 0px;\n  }\n}\n@media (min-width:850px) {\n  #col-1961740636 > .col-inner {\n    margin: -240px 0px 0px 100px;\n  }\n}\n<\/style>\n\t<\/div>\n\n\t\n<\/div>\n\t\t<\/div>\n\n\t\t\n<style>\n#section_1731549722 {\n  padding-top: 30px;\n  padding-bottom: 30px;\n  background-color: rgb(158, 158, 158);\n}\n#section_1731549722 .ux-shape-divider--top svg {\n  height: 150px;\n  --divider-top-width: 100%;\n}\n#section_1731549722 .ux-shape-divider--bottom svg {\n  height: 150px;\n  --divider-width: 100%;\n}\n<\/style>\n\t<\/section>\n\t\n\t<section class=\"section dark show-for-small\" id=\"section_1692756154\">\n\t\t<div class=\"bg section-bg fill bg-fill  bg-loaded\" >\n\n\t\t\t\n\t\t\t\n\t\t\t\n\n\t\t<\/div>\n\n\t\t\n\n\t\t<div class=\"section-content relative\">\n\t\t\t\n<div class=\"row\"  id=\"row-973327350\">\n\n\t<div id=\"col-406788060\" class=\"col small-12 large-12\"  >\n\t\t\t\t<div class=\"col-inner\"  >\n\t\t\t\n\t\t\t\n<div class=\"row align-bottom\"  id=\"row-2046160795\">\n\n\t<div id=\"col-973915634\" class=\"col medium-12 small-12 large-12\"  >\n\t\t\t\t<div class=\"col-inner text-left\"  >\n\t\t\t\n\t\t\t\n\t<div id=\"gap-1674304140\" class=\"gap-element clearfix\" style=\"display:block; height:auto;\">\n\t\t\n<style>\n#gap-1674304140 {\n  padding-top: 50px;\n}\n<\/style>\n\t<\/div>\n\t\n\t\t<\/div>\n\t\t\t\t\t<\/div>\n\n\t\n<\/div>\n\t\t<\/div>\n\t\t\t\t\n<style>\n#col-406788060 > .col-inner {\n  margin: 0px 0px -225px 0px;\n}\n<\/style>\n\t<\/div>\n\n\t\n<\/div>\n\t\t<\/div>\n\n\t\t\n<style>\n#section_1692756154 {\n  padding-top: 80px;\n  padding-bottom: 80px;\n  background-color: rgb(158, 158, 158);\n}\n#section_1692756154 .ux-shape-divider--top svg {\n  height: 150px;\n  --divider-top-width: 100%;\n}\n#section_1692756154 .ux-shape-divider--bottom svg {\n  height: 150px;\n  --divider-width: 100%;\n}\n<\/style>\n\t<\/section>\n\t\n\n  <div class=\"banner has-hover show-for-small\" id=\"banner-525711092\">\n          <div class=\"banner-inner fill\">\n        <div class=\"banner-bg fill\" >\n            <div class=\"bg fill bg-fill \"><\/div>\n                        <div class=\"overlay\"><\/div>            \n                    <\/div>\n\t\t\n        <div class=\"banner-layers container\">\n            <div class=\"fill banner-link\"><\/div>            \n\t<div class=\"img has-hover show-for-small x50 md-x50 lg-x50 y50 md-y50 lg-y50\" id=\"image_2099016367\">\n\t\t\t\t\t\t\t\t<div class=\"img-inner dark\" >\n\t\t\t<img loading=\"lazy\" decoding=\"async\" width=\"960\" height=\"640\" src=\"https:\/\/staffingwr.com\/wp-content\/uploads\/2023\/08\/INSTALADOR.jpg\" class=\"attachment-large size-large\" alt=\"\" srcset=\"https:\/\/staffingwr.com\/wp-content\/uploads\/2023\/08\/INSTALADOR.jpg 960w, https:\/\/staffingwr.com\/wp-content\/uploads\/2023\/08\/INSTALADOR-600x400.jpg 600w, https:\/\/staffingwr.com\/wp-content\/uploads\/2023\/08\/INSTALADOR-768x512.jpg 768w\" sizes=\"(max-width: 960px) 100vw, 960px\" \/>\t\t\t\t\t\t\n\t\t\t\t\t<\/div>\n\t\t\t\t\t\t\t\t\n<style>\n#image_2099016367 {\n  width: 100%;\n}\n<\/style>\n\t<\/div>\n\t\n        <\/div>\n      <\/div>\n\n            \n<style>\n#banner-525711092 {\n  padding-top: 200px;\n}\n#banner-525711092 .overlay {\n  background-color: rgb(158, 158, 158);\n}\n#banner-525711092 .ux-shape-divider--top svg {\n  height: 150px;\n  --divider-top-width: 100%;\n}\n#banner-525711092 .ux-shape-divider--bottom svg {\n  height: 150px;\n  --divider-width: 100%;\n}\n@media (min-width:550px) {\n  #banner-525711092 {\n    padding-top: 250px;\n  }\n}\n<\/style>\n  <\/div>\n\n\n\t<section class=\"section show-for-small\" id=\"section_372845124\">\n\t\t<div class=\"bg section-bg fill bg-fill  bg-loaded\" >\n\n\t\t\t\n\t\t\t\n\t\t\t\n\n\t\t<\/div>\n\n\t\t\n\n\t\t<div class=\"section-content relative\">\n\t\t\t\n<div class=\"row\"  id=\"row-1588040301\">\n\n\t<div id=\"col-852681832\" class=\"col medium-11 small-12 large-10\"  >\n\t\t\t\t<div class=\"col-inner\" style=\"background-color:rgb(255,255,255);\" >\n\t\t\t\n\t\t\t\n\t<div id=\"text-610476114\" class=\"text\">\n\t\t\n<h3 style=\"text-align: center;\">INSTALADOR DE MUEBLES<br \/>LABOR -PROFESIONAL LABOR<\/h3>\n\t\t\n<style>\n#text-610476114 {\n  font-size: 1.5rem;\n  text-align: right;\n}\n<\/style>\n\t<\/div>\n\t\n<p align=\"justify\"><span style=\"color: #282828;\">Las funciones de un labor y\/o profesional Labor con respecto a la instalaci\u00f3n de muebles pueden variar dependiendo de la empresa y el tipo de muebles que se est\u00e9n instalando. Sin embargo, aqu\u00ed hay algunas funciones comunes que podr\u00edas encontrar en este tipo de trabajo:<\/span><\/p>\n<p><span style=\"color: #282828;\"><strong>\u2022 Preparaci\u00f3n y planificaci\u00f3n:<\/strong> Los trabajadores pueden revisar las instrucciones del fabricante y planificar la instalaci\u00f3n antes de comenzar. Esto puede incluir verificar que se disponga de todas las herramientas y materiales necesarios.<\/span><\/p>\n<p align=\"justify\"><span style=\"color: #282828;\"><strong>\u2022 Montaje y ensamblaje:<\/strong> Los empleados pueden ser responsables de armar y ensamblar los muebles, siguiendo las instrucciones del fabricante y asegur\u00e1ndose de que todos los componentes est\u00e9n en su lugar.<\/span><\/p>\n<p align=\"justify\"><span style=\"color: #282828;\"><strong>\u2022 Medici\u00f3n y nivelaci\u00f3n:<\/strong> Los trabajadores pueden tomar medidas precisas y nivelar los muebles para asegurarse de que est\u00e9n correctamente ubicados y nivelados en el espacio asignado.<\/span><\/p>\n<p align=\"justify\"><span style=\"color: #282828;\"><strong>\u2022 Uso de herramientas:<\/strong> Los instaladores de muebles utilizan herramientas comunes como destornilladores, llaves inglesas, martillos y taladros para llevar a cabo el montaje y la instalaci\u00f3n de los muebles.<\/span><\/p>\n<p align=\"justify\"><span style=\"color: #282828;\"><strong>\u2022 Manejo de equipos pesados:<\/strong> En algunos casos, los instaladores pueden necesitar levantar y transportar muebles pesados, por lo que es importante seguir las pr\u00e1cticas de seguridad para evitar lesiones.<\/span><br \/><span style=\"color: #282828;\">\u2022 Resoluci\u00f3n de problemas: Si se encuentran problemas durante la instalaci\u00f3n, los trabajadores deben ser capaces de identificar y resolver los obst\u00e1culos para garantizar una instalaci\u00f3n exitosa.<\/span><\/p>\n<p align=\"justify\"><span style=\"color: #282828;\"><strong>\u2022 Asegurar la calidad:<\/strong> Los instaladores pueden inspeccionar los muebles terminados para asegurarse de que est\u00e9n en buen estado y cumplir con los est\u00e1ndares de calidad establecidos.<\/span><\/p>\n<p align=\"justify\"><span style=\"color: #282828;\"><strong>\u2022 Interacci\u00f3n con clientes:<\/strong> En algunos casos, los instaladores pueden tener interacci\u00f3n directa con los clientes para responder preguntas, explicar el proceso de instalaci\u00f3n y garantizar la satisfacci\u00f3n del cliente.<\/span><\/p>\n<p align=\"justify\"><span style=\"color: #282828;\">Es importante destacar que la instalaci\u00f3n de muebles puede implicar diferentes tipos de muebles, desde muebles de oficina hasta muebles para el hogar. Cada tipo de mueble puede requerir habilidades y enfoques espec\u00edficos, por lo que los detalles exactos de las funciones pueden variar seg\u00fan el contexto del trabajo.<\/span><\/p>\n\t\t<\/div>\n\t\t\t\t\n<style>\n#col-852681832 > .col-inner {\n  padding: 45px 45px 45px 45px;\n  margin: -50px 0px 0px 0px;\n}\n@media (min-width:550px) {\n  #col-852681832 > .col-inner {\n    margin: -100px 0px 0px 0px;\n  }\n}\n@media (min-width:850px) {\n  #col-852681832 > .col-inner {\n    margin: -240px 0px 0px 100px;\n  }\n}\n<\/style>\n\t<\/div>\n\n\t\n<\/div>\n\t\t<\/div>\n\n\t\t\n<style>\n#section_372845124 {\n  padding-top: 30px;\n  padding-bottom: 30px;\n  background-color: rgb(158, 158, 158);\n}\n#section_372845124 .ux-shape-divider--top svg {\n  height: 150px;\n  --divider-top-width: 100%;\n}\n#section_372845124 .ux-shape-divider--bottom svg {\n  height: 150px;\n  --divider-width: 100%;\n}\n<\/style>\n\t<\/section>\n\t\n","protected":false},"excerpt":{"rendered":"","protected":false},"author":1,"featured_media":0,"parent":0,"menu_order":0,"comment_status":"closed","ping_status":"closed","template":"page-transparent-header.php","meta":{"footnotes":""},"_links":{"self":[{"href":"https:\/\/staffingwr.com\/es\/wp-json\/wp\/v2\/pages\/2381"}],"collection":[{"href":"https:\/\/staffingwr.com\/es\/wp-json\/wp\/v2\/pages"}],"about":[{"href":"https:\/\/staffingwr.com\/es\/wp-json\/wp\/v2\/types\/page"}],"author":[{"embeddable":true,"href":"https:\/\/staffingwr.com\/es\/wp-json\/wp\/v2\/users\/1"}],"replies":[{"embeddable":true,"href":"https:\/\/staffingwr.com\/es\/wp-json\/wp\/v2\/comments?post=2381"}],"version-history":[{"count":1,"href":"https:\/\/staffingwr.com\/es\/wp-json\/wp\/v2\/pages\/2381\/revisions"}],"predecessor-version":[{"id":2382,"href":"https:\/\/staffingwr.com\/es\/wp-json\/wp\/v2\/pages\/2381\/revisions\/2382"}],"wp:attachment":[{"href":"https:\/\/staffingwr.com\/es\/wp-json\/wp\/v2\/media?parent=2381"}],"curies":[{"name":"wp","href":"https:\/\/api.w.org\/{rel}","templated":true}]}}