{"id":2386,"date":"2023-08-03T17:09:54","date_gmt":"2023-08-03T22:09:54","guid":{"rendered":"https:\/\/staffingwr.com\/?page_id=2386"},"modified":"2023-09-13T17:47:44","modified_gmt":"2023-09-13T22:47:44","slug":"limpieza","status":"publish","type":"page","link":"https:\/\/staffingwr.com\/es\/limpieza\/","title":{"rendered":"LIMPIEZA"},"content":{"rendered":"\t<section class=\"section dark hide-for-medium\" id=\"section_1772828924\">\n\t\t<div class=\"bg section-bg fill bg-fill  bg-loaded\" >\n\n\t\t\t\n\t\t\t\n\t\t\t\n\n\t\t<\/div>\n\n\t\t\n\n\t\t<div class=\"section-content relative\">\n\t\t\t\n<div class=\"row\"  id=\"row-697061173\">\n\n\t<div id=\"col-1659813342\" class=\"col small-12 large-12\"  >\n\t\t\t\t<div class=\"col-inner\"  >\n\t\t\t\n\t\t\t\n<div class=\"row align-bottom\"  id=\"row-1030238424\">\n\n\t<div id=\"col-2037245651\" class=\"col medium-12 small-12 large-12\"  >\n\t\t\t\t<div class=\"col-inner text-left\"  >\n\t\t\t\n\t\t\t\n\t<div id=\"gap-1103851182\" class=\"gap-element clearfix\" style=\"display:block; height:auto;\">\n\t\t\n<style>\n#gap-1103851182 {\n  padding-top: 50px;\n}\n<\/style>\n\t<\/div>\n\t\n\t<div class=\"img has-hover x md-x lg-x y md-y lg-y\" id=\"image_743325683\">\n\t\t\t\t\t\t\t\t<div class=\"img-inner dark\" >\n\t\t\t<img loading=\"lazy\" decoding=\"async\" width=\"1020\" height=\"680\" src=\"https:\/\/staffingwr.com\/wp-content\/uploads\/2023\/05\/aseo-1200x800.jpg\" class=\"attachment-large size-large\" alt=\"\" srcset=\"https:\/\/staffingwr.com\/wp-content\/uploads\/2023\/05\/aseo-1200x800.jpg 1200w, https:\/\/staffingwr.com\/wp-content\/uploads\/2023\/05\/aseo-600x400.jpg 600w, https:\/\/staffingwr.com\/wp-content\/uploads\/2023\/05\/aseo-768x512.jpg 768w, https:\/\/staffingwr.com\/wp-content\/uploads\/2023\/05\/aseo.jpg 1254w\" sizes=\"(max-width: 1020px) 100vw, 1020px\" \/>\t\t\t\t\t\t\n\t\t\t\t\t<\/div>\n\t\t\t\t\t\t\t\t\n<style>\n#image_743325683 {\n  width: 37%;\n}\n<\/style>\n\t<\/div>\n\t\n\t\t<\/div>\n\t\t\t\t\t<\/div>\n\n\t\n<\/div>\n\t\t<\/div>\n\t\t\t\t\n<style>\n#col-1659813342 > .col-inner {\n  margin: 0px 0px -225px 0px;\n}\n<\/style>\n\t<\/div>\n\n\t\n<\/div>\n\t\t<\/div>\n\n\t\t\n<style>\n#section_1772828924 {\n  padding-top: 80px;\n  padding-bottom: 80px;\n  background-color: rgb(158, 158, 158);\n}\n#section_1772828924 .ux-shape-divider--top svg {\n  height: 150px;\n  --divider-top-width: 100%;\n}\n#section_1772828924 .ux-shape-divider--bottom svg {\n  height: 150px;\n  --divider-width: 100%;\n}\n<\/style>\n\t<\/section>\n\t\n\n  <div class=\"banner has-hover hide-for-medium\" id=\"banner-304316891\">\n          <div class=\"banner-inner fill\">\n        <div class=\"banner-bg fill\" >\n            <div class=\"bg fill bg-fill \"><\/div>\n                        <div class=\"overlay\"><\/div>            \n                    <\/div>\n\t\t\n        <div class=\"banner-layers container\">\n            <div class=\"fill banner-link\"><\/div>            \n        <\/div>\n      <\/div>\n\n            \n<style>\n#banner-304316891 {\n  padding-top: 0px;\n}\n#banner-304316891 .overlay {\n  background-color: rgb(158, 158, 158);\n}\n#banner-304316891 .ux-shape-divider--top svg {\n  height: 150px;\n  --divider-top-width: 100%;\n}\n#banner-304316891 .ux-shape-divider--bottom svg {\n  height: 150px;\n  --divider-width: 100%;\n}\n@media (min-width:850px) {\n  #banner-304316891 {\n    padding-top: 250px;\n  }\n}\n<\/style>\n  <\/div>\n\n\n\t<section class=\"section hide-for-medium\" id=\"section_1945566038\">\n\t\t<div class=\"bg section-bg fill bg-fill  bg-loaded\" >\n\n\t\t\t\n\t\t\t\n\t\t\t\n\n\t\t<\/div>\n\n\t\t\n\n\t\t<div class=\"section-content relative\">\n\t\t\t\n<div class=\"row\"  id=\"row-349657523\">\n\n\t<div id=\"col-2083206984\" class=\"col medium-11 small-12 large-10\"  >\n\t\t\t\t<div class=\"col-inner\" style=\"background-color:rgb(255,255,255);\" >\n\t\t\t\n\t\t\t\n\t<div id=\"text-4257170714\" class=\"text\">\n\t\t\n<h3 style=\"text-align: center;\">LIMPIEZA<br \/>LABOR -PROFESIONAL LABOR<\/h3>\n\t\t\n<style>\n#text-4257170714 {\n  font-size: 1.5rem;\n  text-align: right;\n}\n<\/style>\n\t<\/div>\n\t\n<p align=\"justify\"><span style=\"color: #282828;\">Las funciones de un Labor y\/o Profesional Labor de limpieza, pueden variar dependiendo del entorno y del tipo de lugar que se est\u00e9 limpiando. Sin embargo, aqu\u00ed tienes algunas funciones comunes que podr\u00edas encontrar en este tipo de trabajo:<\/span><\/p>\n<p align=\"justify\"><span style=\"color: #282828;\"><strong>\u2022 Limpieza y desinfecci\u00f3n de superficies:<\/strong> Los trabajadores de limpieza se encargan de limpiar y desinfectar todas las superficies, como pisos, mesas, escritorios, mostradores y ventanas.<\/span><\/p>\n<p align=\"justify\"><span style=\"color: #282828;\"><strong>\u2022 Limpieza de ba\u00f1os:<\/strong> Los empleados de limpieza se aseguran de que los ba\u00f1os est\u00e9n limpios y abastecidos con papel higi\u00e9nico, toallas de papel y jab\u00f3n.<\/span><\/p>\n<p align=\"justify\"><span style=\"color: #282828;\"><strong>\u2022 Vaciado de basureros y reciclaje:<\/strong> Los limpiadores vac\u00edan los contenedores de basura y reciclaje y se aseguran de que los desechos se desechen correctamente.<\/span><\/p>\n<p align=\"justify\"><span style=\"color: #282828;\"><strong>\u2022 Limpieza de \u00e1reas comunes:<\/strong> Esto puede incluir salas de descanso, \u00e1reas de recepci\u00f3n y pasillos, donde se debe mantener un ambiente limpio y ordenado.<\/span><\/p>\n<p align=\"justify\"><span style=\"color: #282828;\"><strong>\u2022 Limpieza de cocinas y \u00e1reas de preparaci\u00f3n de alimentos:<\/strong> En entornos de restauraci\u00f3n, los limpiadores pueden ser responsables de limpiar y desinfectar \u00e1reas de cocina y equipos.<\/span><\/p>\n<p align=\"justify\"><span style=\"color: #282828;\"><strong>\u2022 Limpieza de ventanas y espejos:<\/strong> Los empleados de limpieza pueden limpiar ventanas, espejos y otras superficies de vidrio para mantener una apariencia limpia y profesional.<\/span><\/p>\n<p align=\"justify\"><span style=\"color: #282828;\"><strong>\u2022 Reposici\u00f3n de suministros:<\/strong> Los limpiadores pueden reponer suministros como papel higi\u00e9nico, toallas de papel, jab\u00f3n, etc., en ba\u00f1os y otras \u00e1reas.<\/span><\/p>\n<p align=\"justify\"><span style=\"color: #282828;\"><strong>\u2022 Aspiraci\u00f3n y limpieza de alfombras:<\/strong> En lugares que tienen alfombras, los trabajadores pueden aspirar y limpiar las mismas para eliminar la suciedad y los desechos.<\/span><\/p>\n<p align=\"justify\"><span style=\"color: #282828;\"><strong>\u2022 Manejo de productos qu\u00edmicos de limpieza:<\/strong> Los limpiadores pueden utilizar productos qu\u00edmicos de limpieza y deben seguir las instrucciones de seguridad para garantizar un ambiente seguro.<\/span><\/p>\n<p align=\"justify\"><span style=\"color: #282828;\"><strong>\u2022 Informar sobre problemas o da\u00f1os:<\/strong> Si los limpiadores encuentran problemas o da\u00f1os durante su trabajo, deben informar a sus supervisores para que se puedan abordar adecuadamente.<\/span><\/p>\n<p><span style=\"color: #282828;\">Es importante destacar que la limpieza es una tarea fundamental en muchos entornos, incluyendo oficinas, escuelas, hospitales, hoteles, centros comerciales y otros espacios p\u00fablicos o privados. Los trabajadores de limpieza desempe\u00f1an un papel esencial para mantener la higiene, la salud y la seguridad en estos lugares.<\/span><\/p>\n\t\t<\/div>\n\t\t\t\t\n<style>\n#col-2083206984 > .col-inner {\n  padding: 45px 45px 45px 45px;\n  margin: - 0px 0px 0px;\n}\n@media (min-width:550px) {\n  #col-2083206984 > .col-inner {\n    margin: -100px 0px 0px 0px;\n  }\n}\n@media (min-width:850px) {\n  #col-2083206984 > .col-inner {\n    margin: -240px 0px 0px 100px;\n  }\n}\n<\/style>\n\t<\/div>\n\n\t\n<\/div>\n\t\t<\/div>\n\n\t\t\n<style>\n#section_1945566038 {\n  padding-top: 30px;\n  padding-bottom: 30px;\n  background-color: rgb(158, 158, 158);\n}\n#section_1945566038 .ux-shape-divider--top svg {\n  height: 150px;\n  --divider-top-width: 100%;\n}\n#section_1945566038 .ux-shape-divider--bottom svg {\n  height: 150px;\n  --divider-width: 100%;\n}\n<\/style>\n\t<\/section>\n\t\n\t<section class=\"section dark show-for-medium hide-for-small\" id=\"section_1675311666\">\n\t\t<div class=\"bg section-bg fill bg-fill  bg-loaded\" >\n\n\t\t\t\n\t\t\t\n\t\t\t\n\n\t\t<\/div>\n\n\t\t\n\n\t\t<div class=\"section-content relative\">\n\t\t\t\n<div class=\"row\"  id=\"row-972789563\">\n\n\t<div id=\"col-49968079\" class=\"col small-12 large-12\"  >\n\t\t\t\t<div class=\"col-inner\"  >\n\t\t\t\n\t\t\t\n<div class=\"row align-bottom\"  id=\"row-1880342220\">\n\n\t<div id=\"col-912626140\" class=\"col medium-12 small-12 large-12\"  >\n\t\t\t\t<div class=\"col-inner text-left\"  >\n\t\t\t\n\t\t\t\n\t<div id=\"gap-213271049\" class=\"gap-element clearfix\" style=\"display:block; height:auto;\">\n\t\t\n<style>\n#gap-213271049 {\n  padding-top: 50px;\n}\n<\/style>\n\t<\/div>\n\t\n\t<div class=\"img has-hover x md-x lg-x y md-y lg-y\" id=\"image_1744035377\">\n\t\t\t\t\t\t\t\t<div class=\"img-inner dark\" >\n\t\t\t<img loading=\"lazy\" decoding=\"async\" width=\"1020\" height=\"680\" src=\"https:\/\/staffingwr.com\/wp-content\/uploads\/2023\/05\/aseo-1200x800.jpg\" class=\"attachment-large size-large\" alt=\"\" srcset=\"https:\/\/staffingwr.com\/wp-content\/uploads\/2023\/05\/aseo-1200x800.jpg 1200w, https:\/\/staffingwr.com\/wp-content\/uploads\/2023\/05\/aseo-600x400.jpg 600w, https:\/\/staffingwr.com\/wp-content\/uploads\/2023\/05\/aseo-768x512.jpg 768w, https:\/\/staffingwr.com\/wp-content\/uploads\/2023\/05\/aseo.jpg 1254w\" sizes=\"(max-width: 1020px) 100vw, 1020px\" \/>\t\t\t\t\t\t\n\t\t\t\t\t<\/div>\n\t\t\t\t\t\t\t\t\n<style>\n#image_1744035377 {\n  width: 37%;\n}\n<\/style>\n\t<\/div>\n\t\n\t\t<\/div>\n\t\t\t\t\t<\/div>\n\n\t\n<\/div>\n\t\t<\/div>\n\t\t\t\t\n<style>\n#col-49968079 > .col-inner {\n  margin: 0px 0px -100px 0px;\n}\n@media (min-width:850px) {\n  #col-49968079 > .col-inner {\n    margin: 0px 0px -225px 0px;\n  }\n}\n<\/style>\n\t<\/div>\n\n\t\n<\/div>\n\t\t<\/div>\n\n\t\t\n<style>\n#section_1675311666 {\n  padding-top: 80px;\n  padding-bottom: 80px;\n  background-color: rgb(158, 158, 158);\n}\n#section_1675311666 .ux-shape-divider--top svg {\n  height: 150px;\n  --divider-top-width: 100%;\n}\n#section_1675311666 .ux-shape-divider--bottom svg {\n  height: 150px;\n  --divider-width: 100%;\n}\n<\/style>\n\t<\/section>\n\t\n\t<section class=\"section show-for-medium hide-for-small\" id=\"section_1675978729\">\n\t\t<div class=\"bg section-bg fill bg-fill  bg-loaded\" >\n\n\t\t\t\n\t\t\t\n\t\t\t\n\n\t\t<\/div>\n\n\t\t\n\n\t\t<div class=\"section-content relative\">\n\t\t\t\n<div class=\"row\"  id=\"row-1571689461\">\n\n\t<div id=\"col-1283601388\" class=\"col medium-12 small-12 large-10\"  >\n\t\t\t\t<div class=\"col-inner\" style=\"background-color:rgb(255,255,255);\" >\n\t\t\t\n\t\t\t\n\t<div id=\"text-2677612530\" class=\"text\">\n\t\t\n<h3 style=\"text-align: center;\">LIMPIEZA<br \/>LABOR -PROFESIONAL LABOR<\/h3>\n\t\t\n<style>\n#text-2677612530 {\n  font-size: 1.5rem;\n  text-align: right;\n}\n<\/style>\n\t<\/div>\n\t\n<p align=\"justify\"><span style=\"color: #282828;\">Las funciones de un Labor y\/o Profesional Labor de limpieza, pueden variar dependiendo del entorno y del tipo de lugar que se est\u00e9 limpiando. Sin embargo, aqu\u00ed tienes algunas funciones comunes que podr\u00edas encontrar en este tipo de trabajo:<\/span><\/p>\n<p align=\"justify\"><span style=\"color: #282828;\"><strong>\u2022 Limpieza y desinfecci\u00f3n de superficies:<\/strong> Los trabajadores de limpieza se encargan de limpiar y desinfectar todas las superficies, como pisos, mesas, escritorios, mostradores y ventanas.<\/span><\/p>\n<p align=\"justify\"><span style=\"color: #282828;\"><strong>\u2022 Limpieza de ba\u00f1os:<\/strong> Los empleados de limpieza se aseguran de que los ba\u00f1os est\u00e9n limpios y abastecidos con papel higi\u00e9nico, toallas de papel y jab\u00f3n.<\/span><\/p>\n<p align=\"justify\"><span style=\"color: #282828;\"><strong>\u2022 Vaciado de basureros y reciclaje:<\/strong> Los limpiadores vac\u00edan los contenedores de basura y reciclaje y se aseguran de que los desechos se desechen correctamente.<\/span><\/p>\n<p align=\"justify\"><span style=\"color: #282828;\"><strong>\u2022 Limpieza de \u00e1reas comunes:<\/strong> Esto puede incluir salas de descanso, \u00e1reas de recepci\u00f3n y pasillos, donde se debe mantener un ambiente limpio y ordenado.<\/span><\/p>\n<p align=\"justify\"><span style=\"color: #282828;\"><strong>\u2022 Limpieza de cocinas y \u00e1reas de preparaci\u00f3n de alimentos:<\/strong> En entornos de restauraci\u00f3n, los limpiadores pueden ser responsables de limpiar y desinfectar \u00e1reas de cocina y equipos.<\/span><\/p>\n<p align=\"justify\"><span style=\"color: #282828;\"><strong>\u2022 Limpieza de ventanas y espejos:<\/strong> Los empleados de limpieza pueden limpiar ventanas, espejos y otras superficies de vidrio para mantener una apariencia limpia y profesional.<\/span><\/p>\n<p align=\"justify\"><span style=\"color: #282828;\"><strong>\u2022 Reposici\u00f3n de suministros:<\/strong> Los limpiadores pueden reponer suministros como papel higi\u00e9nico, toallas de papel, jab\u00f3n, etc., en ba\u00f1os y otras \u00e1reas.<\/span><\/p>\n<p align=\"justify\"><span style=\"color: #282828;\"><strong>\u2022 Aspiraci\u00f3n y limpieza de alfombras:<\/strong> En lugares que tienen alfombras, los trabajadores pueden aspirar y limpiar las mismas para eliminar la suciedad y los desechos.<\/span><\/p>\n<p align=\"justify\"><span style=\"color: #282828;\"><strong>\u2022 Manejo de productos qu\u00edmicos de limpieza:<\/strong> Los limpiadores pueden utilizar productos qu\u00edmicos de limpieza y deben seguir las instrucciones de seguridad para garantizar un ambiente seguro.<\/span><\/p>\n<p align=\"justify\"><span style=\"color: #282828;\"><strong>\u2022 Informar sobre problemas o da\u00f1os:<\/strong> Si los limpiadores encuentran problemas o da\u00f1os durante su trabajo, deben informar a sus supervisores para que se puedan abordar adecuadamente.<\/span><\/p>\n<p><span style=\"color: #282828;\">Es importante destacar que la limpieza es una tarea fundamental en muchos entornos, incluyendo oficinas, escuelas, hospitales, hoteles, centros comerciales y otros espacios p\u00fablicos o privados. Los trabajadores de limpieza desempe\u00f1an un papel esencial para mantener la higiene, la salud y la seguridad en estos lugares.<\/span><\/p>\n\t\t<\/div>\n\t\t\t\t\n<style>\n#col-1283601388 > .col-inner {\n  padding: 45px 45px 45px 45px;\n  margin: - 0px 0px 0px;\n}\n@media (min-width:550px) {\n  #col-1283601388 > .col-inner {\n    margin: -100px 0px 0px 0px;\n  }\n}\n@media (min-width:850px) {\n  #col-1283601388 > .col-inner {\n    margin: -240px 0px 0px 100px;\n  }\n}\n<\/style>\n\t<\/div>\n\n\t\n<\/div>\n\t\t<\/div>\n\n\t\t\n<style>\n#section_1675978729 {\n  padding-top: 30px;\n  padding-bottom: 30px;\n  background-color: rgb(158, 158, 158);\n}\n#section_1675978729 .ux-shape-divider--top svg {\n  height: 150px;\n  --divider-top-width: 100%;\n}\n#section_1675978729 .ux-shape-divider--bottom svg {\n  height: 150px;\n  --divider-width: 100%;\n}\n<\/style>\n\t<\/section>\n\t\n\t<section class=\"section dark show-for-small\" id=\"section_1278247575\">\n\t\t<div class=\"bg section-bg fill bg-fill  bg-loaded\" >\n\n\t\t\t\n\t\t\t\n\t\t\t\n\n\t\t<\/div>\n\n\t\t\n\n\t\t<div class=\"section-content relative\">\n\t\t\t\n<div class=\"row\"  id=\"row-477936491\">\n\n\t<div id=\"col-1074606397\" class=\"col small-12 large-12\"  >\n\t\t\t\t<div class=\"col-inner\"  >\n\t\t\t\n\t\t\t\n<div class=\"row align-bottom\"  id=\"row-1244120439\">\n\n\t<div id=\"col-1880109802\" class=\"col medium-12 small-12 large-12\"  >\n\t\t\t\t<div class=\"col-inner text-left\"  >\n\t\t\t\n\t\t\t\n\t<div id=\"gap-1322381534\" class=\"gap-element clearfix\" style=\"display:block; height:auto;\">\n\t\t\n<style>\n#gap-1322381534 {\n  padding-top: 50px;\n}\n<\/style>\n\t<\/div>\n\t\n\t\t<\/div>\n\t\t\t\t\t<\/div>\n\n\t\n<\/div>\n\t\t<\/div>\n\t\t\t\t\n<style>\n#col-1074606397 > .col-inner {\n  margin: 0px 0px -225px 0px;\n}\n<\/style>\n\t<\/div>\n\n\t\n<\/div>\n\t\t<\/div>\n\n\t\t\n<style>\n#section_1278247575 {\n  padding-top: 80px;\n  padding-bottom: 80px;\n  background-color: rgb(158, 158, 158);\n}\n#section_1278247575 .ux-shape-divider--top svg {\n  height: 150px;\n  --divider-top-width: 100%;\n}\n#section_1278247575 .ux-shape-divider--bottom svg {\n  height: 150px;\n  --divider-width: 100%;\n}\n<\/style>\n\t<\/section>\n\t\n\n  <div class=\"banner has-hover show-for-small\" id=\"banner-452637873\">\n          <div class=\"banner-inner fill\">\n        <div class=\"banner-bg fill\" >\n            <div class=\"bg fill bg-fill \"><\/div>\n                        <div class=\"overlay\"><\/div>            \n                    <\/div>\n\t\t\n        <div class=\"banner-layers container\">\n            <div class=\"fill banner-link\"><\/div>            \n\t<div class=\"img has-hover show-for-small x50 md-x50 lg-x50 y50 md-y50 lg-y50\" id=\"image_1802347841\">\n\t\t\t\t\t\t\t\t<div class=\"img-inner dark\" >\n\t\t\t<img loading=\"lazy\" decoding=\"async\" width=\"1020\" height=\"680\" src=\"https:\/\/staffingwr.com\/wp-content\/uploads\/2023\/05\/aseo-1200x800.jpg\" class=\"attachment-large size-large\" alt=\"\" srcset=\"https:\/\/staffingwr.com\/wp-content\/uploads\/2023\/05\/aseo-1200x800.jpg 1200w, https:\/\/staffingwr.com\/wp-content\/uploads\/2023\/05\/aseo-600x400.jpg 600w, https:\/\/staffingwr.com\/wp-content\/uploads\/2023\/05\/aseo-768x512.jpg 768w, https:\/\/staffingwr.com\/wp-content\/uploads\/2023\/05\/aseo.jpg 1254w\" sizes=\"(max-width: 1020px) 100vw, 1020px\" \/>\t\t\t\t\t\t\n\t\t\t\t\t<\/div>\n\t\t\t\t\t\t\t\t\n<style>\n#image_1802347841 {\n  width: 100%;\n}\n<\/style>\n\t<\/div>\n\t\n        <\/div>\n      <\/div>\n\n            \n<style>\n#banner-452637873 {\n  padding-top: 200px;\n}\n#banner-452637873 .overlay {\n  background-color: rgb(158, 158, 158);\n}\n#banner-452637873 .ux-shape-divider--top svg {\n  height: 150px;\n  --divider-top-width: 100%;\n}\n#banner-452637873 .ux-shape-divider--bottom svg {\n  height: 150px;\n  --divider-width: 100%;\n}\n@media (min-width:550px) {\n  #banner-452637873 {\n    padding-top: 250px;\n  }\n}\n<\/style>\n  <\/div>\n\n\n\t<section class=\"section show-for-small\" id=\"section_1350233657\">\n\t\t<div class=\"bg section-bg fill bg-fill  bg-loaded\" >\n\n\t\t\t\n\t\t\t\n\t\t\t\n\n\t\t<\/div>\n\n\t\t\n\n\t\t<div class=\"section-content relative\">\n\t\t\t\n<div class=\"row\"  id=\"row-1319048358\">\n\n\t<div id=\"col-2036091743\" class=\"col medium-11 small-12 large-10\"  >\n\t\t\t\t<div class=\"col-inner\" style=\"background-color:rgb(255,255,255);\" >\n\t\t\t\n\t\t\t\n\t<div id=\"text-1647495585\" class=\"text\">\n\t\t\n<h3 style=\"text-align: center;\">LIMPIEZA<br \/>LABOR -PROFESIONAL LABOR<\/h3>\n\t\t\n<style>\n#text-1647495585 {\n  font-size: 1.5rem;\n  text-align: right;\n}\n<\/style>\n\t<\/div>\n\t\n<p align=\"justify\"><span style=\"color: #282828;\">Las funciones de un Labor y\/o Profesional Labor de limpieza, pueden variar dependiendo del entorno y del tipo de lugar que se est\u00e9 limpiando. Sin embargo, aqu\u00ed tienes algunas funciones comunes que podr\u00edas encontrar en este tipo de trabajo:<\/span><\/p>\n<p align=\"justify\"><span style=\"color: #282828;\"><strong>\u2022 Limpieza y desinfecci\u00f3n de superficies:<\/strong> Los trabajadores de limpieza se encargan de limpiar y desinfectar todas las superficies, como pisos, mesas, escritorios, mostradores y ventanas.<\/span><\/p>\n<p align=\"justify\"><span style=\"color: #282828;\"><strong>\u2022 Limpieza de ba\u00f1os:<\/strong> Los empleados de limpieza se aseguran de que los ba\u00f1os est\u00e9n limpios y abastecidos con papel higi\u00e9nico, toallas de papel y jab\u00f3n.<\/span><\/p>\n<p align=\"justify\"><span style=\"color: #282828;\"><strong>\u2022 Vaciado de basureros y reciclaje:<\/strong> Los limpiadores vac\u00edan los contenedores de basura y reciclaje y se aseguran de que los desechos se desechen correctamente.<\/span><\/p>\n<p align=\"justify\"><span style=\"color: #282828;\"><strong>\u2022 Limpieza de \u00e1reas comunes:<\/strong> Esto puede incluir salas de descanso, \u00e1reas de recepci\u00f3n y pasillos, donde se debe mantener un ambiente limpio y ordenado.<\/span><\/p>\n<p align=\"justify\"><span style=\"color: #282828;\"><strong>\u2022 Limpieza de cocinas y \u00e1reas de preparaci\u00f3n de alimentos:<\/strong> En entornos de restauraci\u00f3n, los limpiadores pueden ser responsables de limpiar y desinfectar \u00e1reas de cocina y equipos.<\/span><\/p>\n<p align=\"justify\"><span style=\"color: #282828;\"><strong>\u2022 Limpieza de ventanas y espejos:<\/strong> Los empleados de limpieza pueden limpiar ventanas, espejos y otras superficies de vidrio para mantener una apariencia limpia y profesional.<\/span><\/p>\n<p align=\"justify\"><span style=\"color: #282828;\"><strong>\u2022 Reposici\u00f3n de suministros:<\/strong> Los limpiadores pueden reponer suministros como papel higi\u00e9nico, toallas de papel, jab\u00f3n, etc., en ba\u00f1os y otras \u00e1reas.<\/span><\/p>\n<p align=\"justify\"><span style=\"color: #282828;\"><strong>\u2022 Aspiraci\u00f3n y limpieza de alfombras:<\/strong> En lugares que tienen alfombras, los trabajadores pueden aspirar y limpiar las mismas para eliminar la suciedad y los desechos.<\/span><\/p>\n<p align=\"justify\"><span style=\"color: #282828;\"><strong>\u2022 Manejo de productos qu\u00edmicos de limpieza:<\/strong> Los limpiadores pueden utilizar productos qu\u00edmicos de limpieza y deben seguir las instrucciones de seguridad para garantizar un ambiente seguro.<\/span><\/p>\n<p align=\"justify\"><span style=\"color: #282828;\"><strong>\u2022 Informar sobre problemas o da\u00f1os:<\/strong> Si los limpiadores encuentran problemas o da\u00f1os durante su trabajo, deben informar a sus supervisores para que se puedan abordar adecuadamente.<\/span><\/p>\n<p><span style=\"color: #282828;\">Es importante destacar que la limpieza es una tarea fundamental en muchos entornos, incluyendo oficinas, escuelas, hospitales, hoteles, centros comerciales y otros espacios p\u00fablicos o privados. Los trabajadores de limpieza desempe\u00f1an un papel esencial para mantener la higiene, la salud y la seguridad en estos lugares.<\/span><\/p>\n\t\t<\/div>\n\t\t\t\t\n<style>\n#col-2036091743 > .col-inner {\n  padding: 45px 45px 45px 45px;\n  margin: -50px 0px 0px 0px;\n}\n@media (min-width:550px) {\n  #col-2036091743 > .col-inner {\n    margin: -100px 0px 0px 0px;\n  }\n}\n@media (min-width:850px) {\n  #col-2036091743 > .col-inner {\n    margin: -240px 0px 0px 100px;\n  }\n}\n<\/style>\n\t<\/div>\n\n\t\n<\/div>\n\t\t<\/div>\n\n\t\t\n<style>\n#section_1350233657 {\n  padding-top: 30px;\n  padding-bottom: 30px;\n  background-color: rgb(158, 158, 158);\n}\n#section_1350233657 .ux-shape-divider--top svg {\n  height: 150px;\n  --divider-top-width: 100%;\n}\n#section_1350233657 .ux-shape-divider--bottom svg {\n  height: 150px;\n  --divider-width: 100%;\n}\n<\/style>\n\t<\/section>\n\t\n","protected":false},"excerpt":{"rendered":"","protected":false},"author":1,"featured_media":0,"parent":0,"menu_order":0,"comment_status":"closed","ping_status":"closed","template":"page-transparent-header.php","meta":{"footnotes":""},"_links":{"self":[{"href":"https:\/\/staffingwr.com\/es\/wp-json\/wp\/v2\/pages\/2386"}],"collection":[{"href":"https:\/\/staffingwr.com\/es\/wp-json\/wp\/v2\/pages"}],"about":[{"href":"https:\/\/staffingwr.com\/es\/wp-json\/wp\/v2\/types\/page"}],"author":[{"embeddable":true,"href":"https:\/\/staffingwr.com\/es\/wp-json\/wp\/v2\/users\/1"}],"replies":[{"embeddable":true,"href":"https:\/\/staffingwr.com\/es\/wp-json\/wp\/v2\/comments?post=2386"}],"version-history":[{"count":1,"href":"https:\/\/staffingwr.com\/es\/wp-json\/wp\/v2\/pages\/2386\/revisions"}],"predecessor-version":[{"id":2387,"href":"https:\/\/staffingwr.com\/es\/wp-json\/wp\/v2\/pages\/2386\/revisions\/2387"}],"wp:attachment":[{"href":"https:\/\/staffingwr.com\/es\/wp-json\/wp\/v2\/media?parent=2386"}],"curies":[{"name":"wp","href":"https:\/\/api.w.org\/{rel}","templated":true}]}}