{"id":2391,"date":"2023-08-03T17:14:24","date_gmt":"2023-08-03T22:14:24","guid":{"rendered":"https:\/\/staffingwr.com\/?page_id=2391"},"modified":"2023-09-13T17:55:04","modified_gmt":"2023-09-13T22:55:04","slug":"conductor","status":"publish","type":"page","link":"https:\/\/staffingwr.com\/es\/conductor\/","title":{"rendered":"CONDUCTOR"},"content":{"rendered":"\t<section class=\"section dark hide-for-medium\" id=\"section_1053773843\">\n\t\t<div class=\"bg section-bg fill bg-fill  bg-loaded\" >\n\n\t\t\t\n\t\t\t\n\t\t\t\n\n\t\t<\/div>\n\n\t\t\n\n\t\t<div class=\"section-content relative\">\n\t\t\t\n<div class=\"row\"  id=\"row-1419732611\">\n\n\t<div id=\"col-1687004285\" class=\"col small-12 large-12\"  >\n\t\t\t\t<div class=\"col-inner\"  >\n\t\t\t\n\t\t\t\n<div class=\"row align-bottom\"  id=\"row-1338835702\">\n\n\t<div id=\"col-902889413\" class=\"col medium-12 small-12 large-12\"  >\n\t\t\t\t<div class=\"col-inner text-left\"  >\n\t\t\t\n\t\t\t\n\t<div id=\"gap-1013775184\" class=\"gap-element clearfix\" style=\"display:block; height:auto;\">\n\t\t\n<style>\n#gap-1013775184 {\n  padding-top: 50px;\n}\n<\/style>\n\t<\/div>\n\t\n\t<div class=\"img has-hover x md-x lg-x y md-y lg-y\" id=\"image_1081842619\">\n\t\t\t\t\t\t\t\t<div class=\"img-inner dark\" >\n\t\t\t<img loading=\"lazy\" decoding=\"async\" width=\"960\" height=\"640\" src=\"https:\/\/staffingwr.com\/wp-content\/uploads\/2023\/08\/conductor.jpg\" class=\"attachment-large size-large\" alt=\"\" srcset=\"https:\/\/staffingwr.com\/wp-content\/uploads\/2023\/08\/conductor.jpg 960w, https:\/\/staffingwr.com\/wp-content\/uploads\/2023\/08\/conductor-600x400.jpg 600w, https:\/\/staffingwr.com\/wp-content\/uploads\/2023\/08\/conductor-768x512.jpg 768w\" sizes=\"(max-width: 960px) 100vw, 960px\" \/>\t\t\t\t\t\t\n\t\t\t\t\t<\/div>\n\t\t\t\t\t\t\t\t\n<style>\n#image_1081842619 {\n  width: 37%;\n}\n<\/style>\n\t<\/div>\n\t\n\t\t<\/div>\n\t\t\t\t\t<\/div>\n\n\t\n<\/div>\n\t\t<\/div>\n\t\t\t\t\n<style>\n#col-1687004285 > .col-inner {\n  margin: 0px 0px -225px 0px;\n}\n<\/style>\n\t<\/div>\n\n\t\n<\/div>\n\t\t<\/div>\n\n\t\t\n<style>\n#section_1053773843 {\n  padding-top: 80px;\n  padding-bottom: 80px;\n  background-color: rgb(158, 158, 158);\n}\n#section_1053773843 .ux-shape-divider--top svg {\n  height: 150px;\n  --divider-top-width: 100%;\n}\n#section_1053773843 .ux-shape-divider--bottom svg {\n  height: 150px;\n  --divider-width: 100%;\n}\n<\/style>\n\t<\/section>\n\t\n\n  <div class=\"banner has-hover hide-for-medium\" id=\"banner-1385552966\">\n          <div class=\"banner-inner fill\">\n        <div class=\"banner-bg fill\" >\n            <div class=\"bg fill bg-fill \"><\/div>\n                        <div class=\"overlay\"><\/div>            \n                    <\/div>\n\t\t\n        <div class=\"banner-layers container\">\n            <div class=\"fill banner-link\"><\/div>            \n        <\/div>\n      <\/div>\n\n            \n<style>\n#banner-1385552966 {\n  padding-top: 0px;\n}\n#banner-1385552966 .overlay {\n  background-color: rgb(158, 158, 158);\n}\n#banner-1385552966 .ux-shape-divider--top svg {\n  height: 150px;\n  --divider-top-width: 100%;\n}\n#banner-1385552966 .ux-shape-divider--bottom svg {\n  height: 150px;\n  --divider-width: 100%;\n}\n@media (min-width:850px) {\n  #banner-1385552966 {\n    padding-top: 250px;\n  }\n}\n<\/style>\n  <\/div>\n\n\n\t<section class=\"section hide-for-medium\" id=\"section_721225720\">\n\t\t<div class=\"bg section-bg fill bg-fill  bg-loaded\" >\n\n\t\t\t\n\t\t\t\n\t\t\t\n\n\t\t<\/div>\n\n\t\t\n\n\t\t<div class=\"section-content relative\">\n\t\t\t\n<div class=\"row\"  id=\"row-339404417\">\n\n\t<div id=\"col-1868061393\" class=\"col medium-11 small-12 large-10\"  >\n\t\t\t\t<div class=\"col-inner\" style=\"background-color:rgb(255,255,255);\" >\n\t\t\t\n\t\t\t\n\t<div id=\"text-3166801559\" class=\"text\">\n\t\t\n<h3 style=\"text-align: center;\">CONDUCTOR<br \/>LABOR -PROFESIONAL LABOR<\/h3>\n\t\t\n<style>\n#text-3166801559 {\n  font-size: 1.5rem;\n  text-align: right;\n}\n<\/style>\n\t<\/div>\n\t\n<p align=\"justify\"><span style=\"color: #282828;\">Las funciones de un conductor pueden variar seg\u00fan el tipo de veh\u00edculo que conduzcan y el empleador para el que trabajen. Aqu\u00ed tienes algunas funciones generales que pueden aplicarse a diversos trabajos de conducci\u00f3n:<\/span><\/p>\n<p align=\"justify\"><span style=\"color: #282828;\"><strong>\u2022 Conducir veh\u00edculos de manera segura:<\/strong> La funci\u00f3n principal de un conductor es operar el veh\u00edculo de manera segura y cumplir con todas las regulaciones de tr\u00e1fico y leyes de tr\u00e1nsito.<\/span><\/p>\n<p align=\"justify\"><span style=\"color: #282828;\"><strong>\u2022 Transporte de pasajeros o carga:<\/strong> Dependiendo del tipo de conductor, pueden ser responsables de transportar pasajeros en autobuses, veh\u00edculos de transporte p\u00fablico, taxis o llevar a cabo el transporte de carga en camiones y veh\u00edculos comerciales.<\/span><\/p>\n<p align=\"justify\"><span style=\"color: #282828;\"><strong>\u2022 Mantenimiento del veh\u00edculo:<\/strong> Los conductores tambi\u00e9n pueden ser responsables de realizar inspecciones de rutina y mantener el veh\u00edculo en condiciones \u00f3ptimas de funcionamiento.<\/span><\/p>\n<p align=\"justify\"><span style=\"color: #282828;\"><strong>\u2022 Planificaci\u00f3n de rutas:<\/strong> Los conductores pueden planificar sus rutas de manera eficiente para cumplir con los horarios y entregas establecidas, evitando retrasos y optimizando el tiempo de viaje.<\/span><\/p>\n<p align=\"justify\"><span style=\"color: #282828;\"><strong>\u2022 Entrega de mercanc\u00edas:<\/strong> En trabajos de transporte de carga, los conductores pueden realizar entregas en empresas, almacenes o directamente a clientes.<\/span><br \/><span style=\"color: #282828;\">\u2022 Atenci\u00f3n al cliente: En trabajos de conducci\u00f3n que involucren el transporte de pasajeros, los conductores pueden interactuar con los clientes de manera cort\u00e9s y profesional.<\/span><\/p>\n<p align=\"justify\"><span style=\"color: #282828;\"><strong>\u2022 Cumplimiento de regulaciones:<\/strong> Los conductores deben cumplir con todas las regulaciones y requisitos espec\u00edficos del sector en el que trabajen, como las regulaciones de seguridad del transporte, licencias de conducir requeridas, horas de servicio, etc.<\/span><\/p>\n<p align=\"justify\"><span style=\"color: #282828;\"><strong>\u2022 Reporte de incidentes:<\/strong> En caso de accidentes o problemas durante el viaje, los conductores deben informar a sus superiores y seguir los procedimientos establecidos por la empresa y las autoridades locales.<\/span><\/p>\n<p align=\"justify\"><span style=\"color: #282828;\"><strong>\u2022 Seguimiento de horarios y horarios de descanso:<\/strong> Los conductores deben seguir horarios y horarios de descanso establecidos para garantizar la seguridad y evitar la fatiga durante los viajes.<\/span><\/p>\n<p align=\"justify\"><span style=\"color: #282828;\">Es importante tener en cuenta que las funciones de un conductor pueden variar seg\u00fan el tipo de empleador y la industria en la que trabajen. Por ejemplo, un conductor de cami\u00f3n de carga tendr\u00e1 tareas diferentes a un conductor de autob\u00fas escolar o un conductor de transporte p\u00fablico.<\/span><\/p>\n\t\t<\/div>\n\t\t\t\t\n<style>\n#col-1868061393 > .col-inner {\n  padding: 45px 45px 45px 45px;\n  margin: - 0px 0px 0px;\n}\n@media (min-width:550px) {\n  #col-1868061393 > .col-inner {\n    margin: -100px 0px 0px 0px;\n  }\n}\n@media (min-width:850px) {\n  #col-1868061393 > .col-inner {\n    margin: -240px 0px 0px 100px;\n  }\n}\n<\/style>\n\t<\/div>\n\n\t\n<\/div>\n\t\t<\/div>\n\n\t\t\n<style>\n#section_721225720 {\n  padding-top: 30px;\n  padding-bottom: 30px;\n  background-color: rgb(158, 158, 158);\n}\n#section_721225720 .ux-shape-divider--top svg {\n  height: 150px;\n  --divider-top-width: 100%;\n}\n#section_721225720 .ux-shape-divider--bottom svg {\n  height: 150px;\n  --divider-width: 100%;\n}\n<\/style>\n\t<\/section>\n\t\n\t<section class=\"section dark show-for-medium hide-for-small\" id=\"section_1504680972\">\n\t\t<div class=\"bg section-bg fill bg-fill  bg-loaded\" >\n\n\t\t\t\n\t\t\t\n\t\t\t\n\n\t\t<\/div>\n\n\t\t\n\n\t\t<div class=\"section-content relative\">\n\t\t\t\n<div class=\"row\"  id=\"row-634744709\">\n\n\t<div id=\"col-249879586\" class=\"col small-12 large-12\"  >\n\t\t\t\t<div class=\"col-inner\"  >\n\t\t\t\n\t\t\t\n<div class=\"row align-bottom\"  id=\"row-2120968342\">\n\n\t<div id=\"col-580227856\" class=\"col medium-12 small-12 large-12\"  >\n\t\t\t\t<div class=\"col-inner text-left\"  >\n\t\t\t\n\t\t\t\n\t<div id=\"gap-837724041\" class=\"gap-element clearfix\" style=\"display:block; height:auto;\">\n\t\t\n<style>\n#gap-837724041 {\n  padding-top: 50px;\n}\n<\/style>\n\t<\/div>\n\t\n\t<div class=\"img has-hover x md-x lg-x y md-y lg-y\" id=\"image_1254370591\">\n\t\t\t\t\t\t\t\t<div class=\"img-inner dark\" >\n\t\t\t<img loading=\"lazy\" decoding=\"async\" width=\"960\" height=\"640\" src=\"https:\/\/staffingwr.com\/wp-content\/uploads\/2023\/08\/conductor.jpg\" class=\"attachment-large size-large\" alt=\"\" srcset=\"https:\/\/staffingwr.com\/wp-content\/uploads\/2023\/08\/conductor.jpg 960w, https:\/\/staffingwr.com\/wp-content\/uploads\/2023\/08\/conductor-600x400.jpg 600w, https:\/\/staffingwr.com\/wp-content\/uploads\/2023\/08\/conductor-768x512.jpg 768w\" sizes=\"(max-width: 960px) 100vw, 960px\" \/>\t\t\t\t\t\t\n\t\t\t\t\t<\/div>\n\t\t\t\t\t\t\t\t\n<style>\n#image_1254370591 {\n  width: 37%;\n}\n<\/style>\n\t<\/div>\n\t\n\t\t<\/div>\n\t\t\t\t\t<\/div>\n\n\t\n<\/div>\n\t\t<\/div>\n\t\t\t\t\n<style>\n#col-249879586 > .col-inner {\n  margin: 0px 0px -100px 0px;\n}\n@media (min-width:850px) {\n  #col-249879586 > .col-inner {\n    margin: 0px 0px -225px 0px;\n  }\n}\n<\/style>\n\t<\/div>\n\n\t\n<\/div>\n\t\t<\/div>\n\n\t\t\n<style>\n#section_1504680972 {\n  padding-top: 80px;\n  padding-bottom: 80px;\n  background-color: rgb(158, 158, 158);\n}\n#section_1504680972 .ux-shape-divider--top svg {\n  height: 150px;\n  --divider-top-width: 100%;\n}\n#section_1504680972 .ux-shape-divider--bottom svg {\n  height: 150px;\n  --divider-width: 100%;\n}\n<\/style>\n\t<\/section>\n\t\n\t<section class=\"section show-for-medium hide-for-small\" id=\"section_2116080440\">\n\t\t<div class=\"bg section-bg fill bg-fill  bg-loaded\" >\n\n\t\t\t\n\t\t\t\n\t\t\t\n\n\t\t<\/div>\n\n\t\t\n\n\t\t<div class=\"section-content relative\">\n\t\t\t\n<div class=\"row\"  id=\"row-1856814609\">\n\n\t<div id=\"col-1848308883\" class=\"col medium-12 small-12 large-10\"  >\n\t\t\t\t<div class=\"col-inner\" style=\"background-color:rgb(255,255,255);\" >\n\t\t\t\n\t\t\t\n\t<div id=\"text-3535839065\" class=\"text\">\n\t\t\n<h3 style=\"text-align: center;\">CONDUCTOR<br \/>LABOR -PROFESIONAL LABOR<\/h3>\n\t\t\n<style>\n#text-3535839065 {\n  font-size: 1.5rem;\n  text-align: right;\n}\n<\/style>\n\t<\/div>\n\t\n<p align=\"justify\"><span style=\"color: #282828;\">Las funciones de un conductor pueden variar seg\u00fan el tipo de veh\u00edculo que conduzcan y el empleador para el que trabajen. Aqu\u00ed tienes algunas funciones generales que pueden aplicarse a diversos trabajos de conducci\u00f3n:<\/span><\/p>\n<p align=\"justify\"><span style=\"color: #282828;\"><strong>\u2022 Conducir veh\u00edculos de manera segura:<\/strong> La funci\u00f3n principal de un conductor es operar el veh\u00edculo de manera segura y cumplir con todas las regulaciones de tr\u00e1fico y leyes de tr\u00e1nsito.<\/span><\/p>\n<p align=\"justify\"><span style=\"color: #282828;\"><strong>\u2022 Transporte de pasajeros o carga:<\/strong> Dependiendo del tipo de conductor, pueden ser responsables de transportar pasajeros en autobuses, veh\u00edculos de transporte p\u00fablico, taxis o llevar a cabo el transporte de carga en camiones y veh\u00edculos comerciales.<\/span><\/p>\n<p align=\"justify\"><span style=\"color: #282828;\"><strong>\u2022 Mantenimiento del veh\u00edculo:<\/strong> Los conductores tambi\u00e9n pueden ser responsables de realizar inspecciones de rutina y mantener el veh\u00edculo en condiciones \u00f3ptimas de funcionamiento.<\/span><\/p>\n<p align=\"justify\"><span style=\"color: #282828;\"><strong>\u2022 Planificaci\u00f3n de rutas:<\/strong> Los conductores pueden planificar sus rutas de manera eficiente para cumplir con los horarios y entregas establecidas, evitando retrasos y optimizando el tiempo de viaje.<\/span><\/p>\n<p align=\"justify\"><span style=\"color: #282828;\"><strong>\u2022 Entrega de mercanc\u00edas:<\/strong> En trabajos de transporte de carga, los conductores pueden realizar entregas en empresas, almacenes o directamente a clientes.<\/span><br \/><span style=\"color: #282828;\">\u2022 Atenci\u00f3n al cliente: En trabajos de conducci\u00f3n que involucren el transporte de pasajeros, los conductores pueden interactuar con los clientes de manera cort\u00e9s y profesional.<\/span><\/p>\n<p align=\"justify\"><span style=\"color: #282828;\"><strong>\u2022 Cumplimiento de regulaciones:<\/strong> Los conductores deben cumplir con todas las regulaciones y requisitos espec\u00edficos del sector en el que trabajen, como las regulaciones de seguridad del transporte, licencias de conducir requeridas, horas de servicio, etc.<\/span><\/p>\n<p align=\"justify\"><span style=\"color: #282828;\"><strong>\u2022 Reporte de incidentes:<\/strong> En caso de accidentes o problemas durante el viaje, los conductores deben informar a sus superiores y seguir los procedimientos establecidos por la empresa y las autoridades locales.<\/span><\/p>\n<p align=\"justify\"><span style=\"color: #282828;\"><strong>\u2022 Seguimiento de horarios y horarios de descanso:<\/strong> Los conductores deben seguir horarios y horarios de descanso establecidos para garantizar la seguridad y evitar la fatiga durante los viajes.<\/span><\/p>\n<p align=\"justify\"><span style=\"color: #282828;\">Es importante tener en cuenta que las funciones de un conductor pueden variar seg\u00fan el tipo de empleador y la industria en la que trabajen. Por ejemplo, un conductor de cami\u00f3n de carga tendr\u00e1 tareas diferentes a un conductor de autob\u00fas escolar o un conductor de transporte p\u00fablico.<\/span><\/p>\n\t\t<\/div>\n\t\t\t\t\n<style>\n#col-1848308883 > .col-inner {\n  padding: 45px 45px 45px 45px;\n  margin: - 0px 0px 0px;\n}\n@media (min-width:550px) {\n  #col-1848308883 > .col-inner {\n    margin: -100px 0px 0px 0px;\n  }\n}\n@media (min-width:850px) {\n  #col-1848308883 > .col-inner {\n    margin: -240px 0px 0px 100px;\n  }\n}\n<\/style>\n\t<\/div>\n\n\t\n<\/div>\n\t\t<\/div>\n\n\t\t\n<style>\n#section_2116080440 {\n  padding-top: 30px;\n  padding-bottom: 30px;\n  background-color: rgb(158, 158, 158);\n}\n#section_2116080440 .ux-shape-divider--top svg {\n  height: 150px;\n  --divider-top-width: 100%;\n}\n#section_2116080440 .ux-shape-divider--bottom svg {\n  height: 150px;\n  --divider-width: 100%;\n}\n<\/style>\n\t<\/section>\n\t\n\t<section class=\"section dark show-for-small\" id=\"section_671212245\">\n\t\t<div class=\"bg section-bg fill bg-fill  bg-loaded\" >\n\n\t\t\t\n\t\t\t\n\t\t\t\n\n\t\t<\/div>\n\n\t\t\n\n\t\t<div class=\"section-content relative\">\n\t\t\t\n<div class=\"row\"  id=\"row-828526935\">\n\n\t<div id=\"col-100019444\" class=\"col small-12 large-12\"  >\n\t\t\t\t<div class=\"col-inner\"  >\n\t\t\t\n\t\t\t\n<div class=\"row align-bottom\"  id=\"row-1124792081\">\n\n\t<div id=\"col-2020272335\" class=\"col medium-12 small-12 large-12\"  >\n\t\t\t\t<div class=\"col-inner text-left\"  >\n\t\t\t\n\t\t\t\n\t<div id=\"gap-1692897300\" class=\"gap-element clearfix\" style=\"display:block; height:auto;\">\n\t\t\n<style>\n#gap-1692897300 {\n  padding-top: 50px;\n}\n<\/style>\n\t<\/div>\n\t\n\t\t<\/div>\n\t\t\t\t\t<\/div>\n\n\t\n<\/div>\n\t\t<\/div>\n\t\t\t\t\n<style>\n#col-100019444 > .col-inner {\n  margin: 0px 0px -225px 0px;\n}\n<\/style>\n\t<\/div>\n\n\t\n<\/div>\n\t\t<\/div>\n\n\t\t\n<style>\n#section_671212245 {\n  padding-top: 80px;\n  padding-bottom: 80px;\n  background-color: rgb(158, 158, 158);\n}\n#section_671212245 .ux-shape-divider--top svg {\n  height: 150px;\n  --divider-top-width: 100%;\n}\n#section_671212245 .ux-shape-divider--bottom svg {\n  height: 150px;\n  --divider-width: 100%;\n}\n<\/style>\n\t<\/section>\n\t\n\n  <div class=\"banner has-hover show-for-small\" id=\"banner-1523237429\">\n          <div class=\"banner-inner fill\">\n        <div class=\"banner-bg fill\" >\n            <div class=\"bg fill bg-fill \"><\/div>\n                        <div class=\"overlay\"><\/div>            \n                    <\/div>\n\t\t\n        <div class=\"banner-layers container\">\n            <div class=\"fill banner-link\"><\/div>            \n\t<div class=\"img has-hover show-for-small x50 md-x50 lg-x50 y50 md-y50 lg-y50\" id=\"image_1396667894\">\n\t\t\t\t\t\t\t\t<div class=\"img-inner dark\" >\n\t\t\t<img loading=\"lazy\" decoding=\"async\" width=\"960\" height=\"640\" src=\"https:\/\/staffingwr.com\/wp-content\/uploads\/2023\/08\/conductor.jpg\" class=\"attachment-large size-large\" alt=\"\" srcset=\"https:\/\/staffingwr.com\/wp-content\/uploads\/2023\/08\/conductor.jpg 960w, https:\/\/staffingwr.com\/wp-content\/uploads\/2023\/08\/conductor-600x400.jpg 600w, https:\/\/staffingwr.com\/wp-content\/uploads\/2023\/08\/conductor-768x512.jpg 768w\" sizes=\"(max-width: 960px) 100vw, 960px\" \/>\t\t\t\t\t\t\n\t\t\t\t\t<\/div>\n\t\t\t\t\t\t\t\t\n<style>\n#image_1396667894 {\n  width: 100%;\n}\n<\/style>\n\t<\/div>\n\t\n        <\/div>\n      <\/div>\n\n            \n<style>\n#banner-1523237429 {\n  padding-top: 200px;\n}\n#banner-1523237429 .overlay {\n  background-color: rgb(158, 158, 158);\n}\n#banner-1523237429 .ux-shape-divider--top svg {\n  height: 150px;\n  --divider-top-width: 100%;\n}\n#banner-1523237429 .ux-shape-divider--bottom svg {\n  height: 150px;\n  --divider-width: 100%;\n}\n@media (min-width:550px) {\n  #banner-1523237429 {\n    padding-top: 250px;\n  }\n}\n<\/style>\n  <\/div>\n\n\n\t<section class=\"section show-for-small\" id=\"section_1513956440\">\n\t\t<div class=\"bg section-bg fill bg-fill  bg-loaded\" >\n\n\t\t\t\n\t\t\t\n\t\t\t\n\n\t\t<\/div>\n\n\t\t\n\n\t\t<div class=\"section-content relative\">\n\t\t\t\n<div class=\"row\"  id=\"row-344134597\">\n\n\t<div id=\"col-1055588491\" class=\"col medium-11 small-12 large-10\"  >\n\t\t\t\t<div class=\"col-inner\" style=\"background-color:rgb(255,255,255);\" >\n\t\t\t\n\t\t\t\n\t<div id=\"text-3808147985\" class=\"text\">\n\t\t\n<h3 style=\"text-align: center;\">CONDUCTOR<br \/>LABOR -PROFESIONAL LABOR<\/h3>\n\t\t\n<style>\n#text-3808147985 {\n  font-size: 1.5rem;\n  text-align: right;\n}\n<\/style>\n\t<\/div>\n\t\n<p align=\"justify\"><span style=\"color: #282828;\">Las funciones de un conductor pueden variar seg\u00fan el tipo de veh\u00edculo que conduzcan y el empleador para el que trabajen. Aqu\u00ed tienes algunas funciones generales que pueden aplicarse a diversos trabajos de conducci\u00f3n:<\/span><\/p>\n<p align=\"justify\"><span style=\"color: #282828;\"><strong>\u2022 Conducir veh\u00edculos de manera segura:<\/strong> La funci\u00f3n principal de un conductor es operar el veh\u00edculo de manera segura y cumplir con todas las regulaciones de tr\u00e1fico y leyes de tr\u00e1nsito.<\/span><\/p>\n<p align=\"justify\"><span style=\"color: #282828;\"><strong>\u2022 Transporte de pasajeros o carga:<\/strong> Dependiendo del tipo de conductor, pueden ser responsables de transportar pasajeros en autobuses, veh\u00edculos de transporte p\u00fablico, taxis o llevar a cabo el transporte de carga en camiones y veh\u00edculos comerciales.<\/span><\/p>\n<p align=\"justify\"><span style=\"color: #282828;\"><strong>\u2022 Mantenimiento del veh\u00edculo:<\/strong> Los conductores tambi\u00e9n pueden ser responsables de realizar inspecciones de rutina y mantener el veh\u00edculo en condiciones \u00f3ptimas de funcionamiento.<\/span><\/p>\n<p align=\"justify\"><span style=\"color: #282828;\"><strong>\u2022 Planificaci\u00f3n de rutas:<\/strong> Los conductores pueden planificar sus rutas de manera eficiente para cumplir con los horarios y entregas establecidas, evitando retrasos y optimizando el tiempo de viaje.<\/span><\/p>\n<p align=\"justify\"><span style=\"color: #282828;\"><strong>\u2022 Entrega de mercanc\u00edas:<\/strong> En trabajos de transporte de carga, los conductores pueden realizar entregas en empresas, almacenes o directamente a clientes.<\/span><br \/><span style=\"color: #282828;\">\u2022 Atenci\u00f3n al cliente: En trabajos de conducci\u00f3n que involucren el transporte de pasajeros, los conductores pueden interactuar con los clientes de manera cort\u00e9s y profesional.<\/span><\/p>\n<p align=\"justify\"><span style=\"color: #282828;\"><strong>\u2022 Cumplimiento de regulaciones:<\/strong> Los conductores deben cumplir con todas las regulaciones y requisitos espec\u00edficos del sector en el que trabajen, como las regulaciones de seguridad del transporte, licencias de conducir requeridas, horas de servicio, etc.<\/span><\/p>\n<p align=\"justify\"><span style=\"color: #282828;\"><strong>\u2022 Reporte de incidentes:<\/strong> En caso de accidentes o problemas durante el viaje, los conductores deben informar a sus superiores y seguir los procedimientos establecidos por la empresa y las autoridades locales.<\/span><\/p>\n<p align=\"justify\"><span style=\"color: #282828;\"><strong>\u2022 Seguimiento de horarios y horarios de descanso:<\/strong> Los conductores deben seguir horarios y horarios de descanso establecidos para garantizar la seguridad y evitar la fatiga durante los viajes.<\/span><\/p>\n<p align=\"justify\"><span style=\"color: #282828;\">Es importante tener en cuenta que las funciones de un conductor pueden variar seg\u00fan el tipo de empleador y la industria en la que trabajen. Por ejemplo, un conductor de cami\u00f3n de carga tendr\u00e1 tareas diferentes a un conductor de autob\u00fas escolar o un conductor de transporte p\u00fablico.<\/span><\/p>\n\t\t<\/div>\n\t\t\t\t\n<style>\n#col-1055588491 > .col-inner {\n  padding: 45px 45px 45px 45px;\n  margin: -50px 0px 0px 0px;\n}\n@media (min-width:550px) {\n  #col-1055588491 > .col-inner {\n    margin: -100px 0px 0px 0px;\n  }\n}\n@media (min-width:850px) {\n  #col-1055588491 > .col-inner {\n    margin: -240px 0px 0px 100px;\n  }\n}\n<\/style>\n\t<\/div>\n\n\t\n<\/div>\n\t\t<\/div>\n\n\t\t\n<style>\n#section_1513956440 {\n  padding-top: 30px;\n  padding-bottom: 30px;\n  background-color: rgb(158, 158, 158);\n}\n#section_1513956440 .ux-shape-divider--top svg {\n  height: 150px;\n  --divider-top-width: 100%;\n}\n#section_1513956440 .ux-shape-divider--bottom svg {\n  height: 150px;\n  --divider-width: 100%;\n}\n<\/style>\n\t<\/section>\n\t\n","protected":false},"excerpt":{"rendered":"","protected":false},"author":1,"featured_media":0,"parent":0,"menu_order":0,"comment_status":"closed","ping_status":"closed","template":"page-transparent-header.php","meta":{"footnotes":""},"_links":{"self":[{"href":"https:\/\/staffingwr.com\/es\/wp-json\/wp\/v2\/pages\/2391"}],"collection":[{"href":"https:\/\/staffingwr.com\/es\/wp-json\/wp\/v2\/pages"}],"about":[{"href":"https:\/\/staffingwr.com\/es\/wp-json\/wp\/v2\/types\/page"}],"author":[{"embeddable":true,"href":"https:\/\/staffingwr.com\/es\/wp-json\/wp\/v2\/users\/1"}],"replies":[{"embeddable":true,"href":"https:\/\/staffingwr.com\/es\/wp-json\/wp\/v2\/comments?post=2391"}],"version-history":[{"count":1,"href":"https:\/\/staffingwr.com\/es\/wp-json\/wp\/v2\/pages\/2391\/revisions"}],"predecessor-version":[{"id":2392,"href":"https:\/\/staffingwr.com\/es\/wp-json\/wp\/v2\/pages\/2391\/revisions\/2392"}],"wp:attachment":[{"href":"https:\/\/staffingwr.com\/es\/wp-json\/wp\/v2\/media?parent=2391"}],"curies":[{"name":"wp","href":"https:\/\/api.w.org\/{rel}","templated":true}]}}